{"id":7181,"date":"2020-06-25T21:38:15","date_gmt":"2020-06-26T02:38:15","guid":{"rendered":"https:\/\/www.carbide.audio\/acerca-de\/"},"modified":"2025-05-08T22:46:10","modified_gmt":"2025-05-09T03:46:10","slug":"acerca-de","status":"publish","type":"page","link":"https:\/\/carbide.audio\/es\/acerca-de\/","title":{"rendered":"Acerca de"},"content":{"rendered":"<div class=\"wpb-content-wrapper\"><p>[vc_row css_animation=\u00bb\u00bb row_type=\u00bbrow\u00bb use_row_as_full_screen_section=\u00bbno\u00bb type=\u00bbfull_width\u00bb angled_section=\u00bbno\u00bb text_align=\u00bbleft\u00bb background_image_as_pattern=\u00bbwithout_pattern\u00bb][vc_column el_class=\u00bblower-angle-polygon\u00bb][vc_raw_html css=\u00bb\u00bb]PHN2ZyB2aWV3Ym94PSIwIDAgMTAwIDYiIGNsYXNzPSJzbW9vdGgtYWxsIiBzdHlsZT0iIj4KICAgICAgICAgICAgPHBvbHlnb24gcG9pbnRzPSIwLDUgMCwwIDEwMCwwIDEwMCw0IDY5LDEuNSIgc3R5bGU9ImZpbGw6ICM0MTQxNDE4ZjsiLz4KICAgICAgICAgICAgPHBvbHlnb24gcG9pbnRzPSIwLDMgMCwwIDEwMCwwIDEwMCwyIDcwLDEiIHN0eWxlPSJmaWxsOiAjNDE0MTQxOyIvPiAgCjwvc3ZnPg==[\/vc_raw_html][\/vc_column][\/vc_row][vc_row css_animation=\u00bb\u00bb row_type=\u00bbrow\u00bb use_row_as_full_screen_section=\u00bbno\u00bb type=\u00bbfull_width\u00bb angled_section=\u00bbno\u00bb text_align=\u00bbleft\u00bb background_image_as_pattern=\u00bbwithout_pattern\u00bb z_index=\u00bb\u00bb el_class=\u00bbrow-background\u00bb][vc_column width=\u00bb1\/6&#8243; offset=\u00bbvc_hidden-sm vc_hidden-xs\u00bb][\/vc_column][vc_column offset=\u00bbvc_col-lg-8 vc_col-md-8 vc_col-xs-12&#8243; el_class=\u00bbcenter-content-column\u00bb][vc_column_text el_class=\u00bbsection-text\u00bb]<\/p>\n<h1>Carbide Audio<\/h1>\n<p><span style=\"font-weight: 400;\">Carbide Audio tiene su sede en la localidad de Llano, situada en la regi\u00f3n monta\u00f1osa de Texas, al oeste de Austin. Dise\u00f1amos y fabricamos nuestros productos en nuestras propias instalaciones de mecanizado CNC. Nuestro equipo aprovecha lo \u00faltimo en modelado y fabricaci\u00f3n por ordenador para ampliar los l\u00edmites de la tecnolog\u00eda de audio HiFi. Nos enorgullecemos de participar activamente en todas las fases del desarrollo del producto.   <\/span>[\/vc_column_text][vc_single_image image=\u00bb14459&#8243; img_size=\u00bbfull\u00bb alignment=\u00bbcenter\u00bb qode_css_animation=\u00bb\u00bb el_class=\u00bbimg-border\u00bb][vc_column_text css=\u00bb.vc_custom_1730036623415{border-bottom-width: 30px !important;padding-top: 30px !important;}\u00bb el_class=\u00bbsection-text\u00bb]<\/p>\n<h2>Compromiso con la calidad<\/h2>\n<p><span style=\"font-weight: 400;\">Carbide Audio est\u00e1 formado por un equipo apasionado centrado en la calidad. Este enfoque en la calidad se extiende hasta las materias primas que utilizamos. Por ejemplo, nuestro stock de aluminio se extruye a medida a partir de una aleaci\u00f3n especializada con una estructura de grano fino para lograr el mejor acabado superficial. Aprovechamos tanto la automatizaci\u00f3n como los procesos manuales para alcanzar los altos niveles de calidad que esperan nuestros clientes de todo el mundo.   <\/span><\/p>\n<p>&nbsp;<\/p>\n<p><span style=\"font-weight: 400;\">Nuestros productos se someten a muchas iteraciones de desarrollo interno antes de salir al mercado:<\/span><\/p>\n<ul class=\"stages-list fa-ul\">\n<li><i class=\"qode_icon_font_awesome_5 fa5 fas fa-chevron-right stages-list-icon\"><\/i>Modelado y simulaci\u00f3n CAD\n<ul class=\"stages-list fa-ul\">\n<li class=\"stages-list-inner\">Simular completamente el dise\u00f1o concebido.<\/li>\n<\/ul>\n<\/li>\n<li><i class=\"qode_icon_font_awesome_5 fa5 fas fa-chevron-right stages-list-icon\"><\/i>Prototipos y mediciones\n<ul class=\"stages-list fa-ul\">\n<li class=\"stages-list-inner\">Verifique el rendimiento del dise\u00f1o f\u00edsico con mediciones.<\/li>\n<\/ul>\n<\/li>\n<li><i class=\"qode_icon_font_awesome_5 fa5 fas fa-chevron-right stages-list-icon\"><\/i>Escuchar\n<ul class=\"stages-list fa-ul\">\n<li class=\"stages-list-inner\">Verifique las mediciones con una escucha exhaustiva.<\/li>\n<\/ul>\n<\/li>\n<\/ul>\n<p>[\/vc_column_text][\/vc_column][vc_column width=\u00bb1\/6&#8243; offset=\u00bbvc_hidden-sm vc_hidden-xs\u00bb][\/vc_column][\/vc_row][vc_row css_animation=\u00bb\u00bb row_type=\u00bbrow\u00bb use_row_as_full_screen_section=\u00bbno\u00bb type=\u00bbfull_width\u00bb angled_section=\u00bbno\u00bb text_align=\u00bbleft\u00bb background_image_as_pattern=\u00bbwithout_pattern\u00bb][vc_column el_class=\u00bblower-angle-polygon\u00bb][vc_raw_html]PHN2ZyB2aWV3Ym94PSIwIDAgMTAwIDYiIGNsYXNzPSJzbW9vdGgtYWxsIiBzdHlsZT0iIj4KICAgICAgICA8cG9seWdvbiBwb2ludHM9IjAsMyAwLDAgMTAwLDAgMTAwLDIgNzAsMSIgc3R5bGU9ImZpbGw6ICNmZmZmZmY7Ii8+CiAgICAgICAgPHBvbHlnb24gcG9pbnRzPSIwLDUgMCwwIDEwMCwwIDEwMCw0IDY5LDEuNSIgc3R5bGU9ImZpbGw6ICNmZmZmZmY4ZjsiLz4KPC9zdmc+[\/vc_raw_html][\/vc_column][\/vc_row][vc_row css_animation=\u00bb\u00bb row_type=\u00bbrow\u00bb use_row_as_full_screen_section=\u00bbno\u00bb type=\u00bbfull_width\u00bb angled_section=\u00bbno\u00bb text_align=\u00bbleft\u00bb background_image_as_pattern=\u00bbwithout_pattern\u00bb el_class=\u00bbmain-img-center-row\u00bb z_index=\u00bb\u00bb][vc_column css=\u00bb.vc_custom_1654037759102{padding-top: 0px !important;background-color: #414141 !important;}\u00bb]<div class=\"qode-advanced-image-gallery  qode-aig-grid-type qode-no-space   \">\n\t<div class=\"qode-aig-inner qode-outer-space qode-aig-grid qode-aig-two-columns\">\n\t\t\t\t\t<div class=\"qode-aig-image qode-item-space\">\n\t\t\t\t<div class=\"qode-aig-image-inner\">\n\t\t\t\t\t\t\t\t\t\t\t<img loading=\"lazy\" decoding=\"async\" width=\"1430\" height=\"894\" src=\"https:\/\/carbide.audio\/wp-content\/uploads\/2021\/06\/carbide-base-cnc-1.jpg\" class=\"attachment-full size-full\" alt=\"\" srcset=\"https:\/\/carbide.audio\/wp-content\/uploads\/2021\/06\/carbide-base-cnc-1.jpg 1430w, https:\/\/carbide.audio\/wp-content\/uploads\/2021\/06\/carbide-base-cnc-1-1080x675.jpg 1080w, https:\/\/carbide.audio\/wp-content\/uploads\/2021\/06\/carbide-base-cnc-1-1000x625.jpg 1000w, https:\/\/carbide.audio\/wp-content\/uploads\/2021\/06\/carbide-base-cnc-1-300x188.jpg 300w, https:\/\/carbide.audio\/wp-content\/uploads\/2021\/06\/carbide-base-cnc-1-1024x640.jpg 1024w, https:\/\/carbide.audio\/wp-content\/uploads\/2021\/06\/carbide-base-cnc-1-768x480.jpg 768w, https:\/\/carbide.audio\/wp-content\/uploads\/2021\/06\/carbide-base-cnc-1-700x438.jpg 700w\" sizes=\"auto, (max-width: 1430px) 100vw, 1430px\" \/>\t\t\t\t\t\t<span class=\"aig-gallery-hover\">\n\t\t\t\t\t\t\t\t\t\t\t\t\t<\/span>\n\t\t\t\t\t\t\t\t\t<\/div>\n\t\t\t<\/div>\n\t\t\t\t\t\t\t\t<div class=\"qode-aig-image qode-item-space\">\n\t\t\t\t<div class=\"qode-aig-image-inner\">\n\t\t\t\t\t\t\t\t\t\t\t<img loading=\"lazy\" decoding=\"async\" width=\"1430\" height=\"894\" src=\"https:\/\/carbide.audio\/wp-content\/uploads\/2021\/06\/carbide-base-parts-rack-1.jpg\" class=\"attachment-full size-full\" alt=\"\" srcset=\"https:\/\/carbide.audio\/wp-content\/uploads\/2021\/06\/carbide-base-parts-rack-1.jpg 1430w, https:\/\/carbide.audio\/wp-content\/uploads\/2021\/06\/carbide-base-parts-rack-1-1080x675.jpg 1080w, https:\/\/carbide.audio\/wp-content\/uploads\/2021\/06\/carbide-base-parts-rack-1-1000x625.jpg 1000w, https:\/\/carbide.audio\/wp-content\/uploads\/2021\/06\/carbide-base-parts-rack-1-300x188.jpg 300w, https:\/\/carbide.audio\/wp-content\/uploads\/2021\/06\/carbide-base-parts-rack-1-1024x640.jpg 1024w, https:\/\/carbide.audio\/wp-content\/uploads\/2021\/06\/carbide-base-parts-rack-1-768x480.jpg 768w, https:\/\/carbide.audio\/wp-content\/uploads\/2021\/06\/carbide-base-parts-rack-1-700x438.jpg 700w\" sizes=\"auto, (max-width: 1430px) 100vw, 1430px\" \/>\t\t\t\t\t\t<span class=\"aig-gallery-hover\">\n\t\t\t\t\t\t\t\t\t\t\t\t\t<\/span>\n\t\t\t\t\t\t\t\t\t<\/div>\n\t\t\t<\/div>\n\t\t\t\t\t\t<\/div>\n<\/div>[\/vc_column][\/vc_row][vc_row css_animation=\u00bb\u00bb row_type=\u00bbrow\u00bb use_row_as_full_screen_section=\u00bbno\u00bb type=\u00bbfull_width\u00bb angled_section=\u00bbno\u00bb text_align=\u00bbleft\u00bb background_image_as_pattern=\u00bbwithout_pattern\u00bb][vc_column el_class=\u00bbupper-angle-polygon\u00bb][vc_raw_html]PHN2ZyB2aWV3Ym94PSIwIDAgMTAwIDYiIGNsYXNzPSJzbW9vdGgtYWxsIiBzdHlsZT0iIj4KICAgICAgICA8cG9seWdvbiBwb2ludHM9IjAsMiA2MCw0IDEwMCwyLjUgMTAwLDYgMCw2IiBzdHlsZT0iZmlsbDogI0ZGRkZGRjsiLz4KICAgICAgICA8cG9seWdvbiBwb2ludHM9IjAsMCA1OSwzLjUgMTAwLDIgMTAwLDYgMCw2IiBzdHlsZT0iZmlsbDogI0ZGRkZGRjhmOyIvPgo8L3N2Zz4=[\/vc_raw_html][\/vc_column][\/vc_row][vc_row css_animation=\u00bb\u00bb row_type=\u00bbrow\u00bb use_row_as_full_screen_section=\u00bbno\u00bb type=\u00bbfull_width\u00bb angled_section=\u00bbno\u00bb text_align=\u00bbleft\u00bb background_image_as_pattern=\u00bbwithout_pattern\u00bb z_index=\u00bb\u00bb el_class=\u00bbrow-background\u00bb][vc_column width=\u00bb1\/6&#8243; offset=\u00bbvc_hidden-md vc_hidden-sm vc_hidden-xs\u00bb][\/vc_column][vc_column offset=\u00bbvc_col-lg-8 vc_col-md-12 vc_col-xs-12&#8243; el_class=\u00bbcenter-content-column\u00bb][vc_column_text css=\u00bb.vc_custom_1730036515480{border-bottom-width: 30px !important;}\u00bb el_class=\u00bbsection-text\u00bb]<\/p>\n<h2>Compromiso con la satisfacci\u00f3n del cliente<\/h2>\n<p>Nos comprometemos a que quede satisfecho. <a href=\"https:\/\/www.carbide.audio\/contact-us\/\">P\u00f3ngase en contacto con nosotros<\/a> y responderemos r\u00e1pidamente a cualquier pregunta que tenga sobre nuestra empresa o nuestros productos.  Nuestra red de <a href=\"https:\/\/carbide.audio\/es\/distribuidores\/\">distribuidores<\/a> internacionales tambi\u00e9n est\u00e1 a su disposici\u00f3n como contactos locales para ayudarle. Nuestros distribuidores son expertos en el uso de nuestros productos y han sido elegidos para representarnos de acuerdo con nuestros elevados est\u00e1ndares de satisfacci\u00f3n del cliente.[\/vc_column_text][\/vc_column][vc_column width=\u00bb1\/6&#8243; offset=\u00bbvc_hidden-md vc_hidden-sm vc_hidden-xs\u00bb][\/vc_column][\/vc_row][vc_row css_animation=\u00bb\u00bb row_type=\u00bbrow\u00bb use_row_as_full_screen_section=\u00bbno\u00bb type=\u00bbfull_width\u00bb angled_section=\u00bbno\u00bb text_align=\u00bbleft\u00bb background_image_as_pattern=\u00bbwithout_pattern\u00bb][vc_column el_class=\u00bblower-angle-polygon\u00bb][vc_raw_html]PHN2ZyB2aWV3Ym94PSIwIDAgMTAwIDYiIGNsYXNzPSJzbW9vdGgtYWxsIiBzdHlsZT0iIj4KICAgICAgICA8cG9seWdvbiBwb2ludHM9IjAsMyAwLDAgMTAwLDAgMTAwLDIgNzAsMSIgc3R5bGU9ImZpbGw6ICNmZmZmZmY7Ii8+CiAgICAgICAgPHBvbHlnb24gcG9pbnRzPSIwLDUgMCwwIDEwMCwwIDEwMCw0IDY5LDEuNSIgc3R5bGU9ImZpbGw6ICNmZmZmZmY4ZjsiLz4KPC9zdmc+[\/vc_raw_html][\/vc_column][\/vc_row][vc_row css_animation=\u00bb\u00bb row_type=\u00bbrow\u00bb use_row_as_full_screen_section=\u00bbno\u00bb type=\u00bbfull_width\u00bb angled_section=\u00bbno\u00bb text_align=\u00bbleft\u00bb background_image_as_pattern=\u00bbwithout_pattern\u00bb el_class=\u00bbmain-img-center-row\u00bb z_index=\u00bb\u00bb][vc_column css=\u00bb.vc_custom_1654037785537{padding-top: 0px !important;background-color: #414141 !important;}\u00bb]<div class=\"qode-advanced-image-gallery  qode-aig-grid-type qode-no-space   \">\n\t<div class=\"qode-aig-inner qode-outer-space qode-aig-grid qode-aig-two-columns\">\n\t\t\t\t\t<div class=\"qode-aig-image qode-item-space\">\n\t\t\t\t<div class=\"qode-aig-image-inner\">\n\t\t\t\t\t\t\t\t\t\t\t<img loading=\"lazy\" decoding=\"async\" width=\"1430\" height=\"894\" src=\"https:\/\/carbide.audio\/wp-content\/uploads\/2021\/07\/carbide-base-bandsaw-2.jpg\" class=\"attachment-full size-full\" alt=\"\" srcset=\"https:\/\/carbide.audio\/wp-content\/uploads\/2021\/07\/carbide-base-bandsaw-2.jpg 1430w, https:\/\/carbide.audio\/wp-content\/uploads\/2021\/07\/carbide-base-bandsaw-2-1080x675.jpg 1080w, https:\/\/carbide.audio\/wp-content\/uploads\/2021\/07\/carbide-base-bandsaw-2-1000x625.jpg 1000w, https:\/\/carbide.audio\/wp-content\/uploads\/2021\/07\/carbide-base-bandsaw-2-300x188.jpg 300w, https:\/\/carbide.audio\/wp-content\/uploads\/2021\/07\/carbide-base-bandsaw-2-1024x640.jpg 1024w, https:\/\/carbide.audio\/wp-content\/uploads\/2021\/07\/carbide-base-bandsaw-2-768x480.jpg 768w, https:\/\/carbide.audio\/wp-content\/uploads\/2021\/07\/carbide-base-bandsaw-2-700x438.jpg 700w\" sizes=\"auto, (max-width: 1430px) 100vw, 1430px\" \/>\t\t\t\t\t\t<span class=\"aig-gallery-hover\">\n\t\t\t\t\t\t\t\t\t\t\t\t\t<\/span>\n\t\t\t\t\t\t\t\t\t<\/div>\n\t\t\t<\/div>\n\t\t\t\t\t\t\t\t<div class=\"qode-aig-image qode-item-space\">\n\t\t\t\t<div class=\"qode-aig-image-inner\">\n\t\t\t\t\t\t\t\t\t\t\t<img loading=\"lazy\" decoding=\"async\" width=\"1430\" height=\"894\" src=\"https:\/\/carbide.audio\/wp-content\/uploads\/2021\/10\/carbide-base-lower-assembly-1.jpg\" class=\"attachment-full size-full\" alt=\"\" srcset=\"https:\/\/carbide.audio\/wp-content\/uploads\/2021\/10\/carbide-base-lower-assembly-1.jpg 1430w, https:\/\/carbide.audio\/wp-content\/uploads\/2021\/10\/carbide-base-lower-assembly-1-1080x675.jpg 1080w, https:\/\/carbide.audio\/wp-content\/uploads\/2021\/10\/carbide-base-lower-assembly-1-1000x625.jpg 1000w, https:\/\/carbide.audio\/wp-content\/uploads\/2021\/10\/carbide-base-lower-assembly-1-300x188.jpg 300w, https:\/\/carbide.audio\/wp-content\/uploads\/2021\/10\/carbide-base-lower-assembly-1-1024x640.jpg 1024w, https:\/\/carbide.audio\/wp-content\/uploads\/2021\/10\/carbide-base-lower-assembly-1-768x480.jpg 768w, https:\/\/carbide.audio\/wp-content\/uploads\/2021\/10\/carbide-base-lower-assembly-1-700x438.jpg 700w\" sizes=\"auto, (max-width: 1430px) 100vw, 1430px\" \/>\t\t\t\t\t\t<span class=\"aig-gallery-hover\">\n\t\t\t\t\t\t\t\t\t\t\t\t\t<\/span>\n\t\t\t\t\t\t\t\t\t<\/div>\n\t\t\t<\/div>\n\t\t\t\t\t\t<\/div>\n<\/div>[\/vc_column][\/vc_row][vc_row css_animation=\u00bb\u00bb row_type=\u00bbrow\u00bb use_row_as_full_screen_section=\u00bbno\u00bb type=\u00bbfull_width\u00bb angled_section=\u00bbno\u00bb text_align=\u00bbleft\u00bb background_image_as_pattern=\u00bbwithout_pattern\u00bb css=\u00bb.vc_custom_1659039365998{background-color: #414141 !important;}\u00bb z_index=\u00bb\u00bb][vc_column el_class=\u00bbupper-angle-polygon\u00bb][vc_raw_html]PHN2ZyB2aWV3Ym94PSIwIDAgMTAwIDYiIGNsYXNzPSJzbW9vdGgtYWxsIiBzdHlsZT0iIj4KICAgICAgICA8cG9seWdvbiBwb2ludHM9IjAsMyA0MCw1IDEwMCwxLjUgMTAwLDYgMCw2IiBzdHlsZT0iZmlsbDogIzQxNDE0MTsiLz4KICAgICAgICA8cG9seWdvbiBwb2ludHM9IjAsMCA0MSw0LjUgMTAwLDAgMTAwLDYgMCw2IiBzdHlsZT0iZmlsbDogIzQxNDE0MThmOyIvPgo8L3N2Zz4=[\/vc_raw_html][\/vc_column][\/vc_row]<\/p>\n<\/div>","protected":false},"excerpt":{"rendered":"<p>[vc_row css_animation=\u00bb\u00bb row_type=\u00bbrow\u00bb use_row_as_full_screen_section=\u00bbno\u00bb type=\u00bbfull_width\u00bb angled_section=\u00bbno\u00bb text_align=\u00bbleft\u00bb background_image_as_pattern=\u00bbwithout_pattern\u00bb][vc_column el_class=\u00bblower-angle-polygon\u00bb][vc_raw_html css=\u00bb\u00bb]PHN2ZyB2aWV3Ym94PSIwIDAgMTAwIDYiIGNsYXNzPSJzbW9vdGgtYWxsIiBzdHlsZT0iIj4KICAgICAgICAgICAgPHBvbHlnb24gcG9pbnRzPSIwLDUgMCwwIDEwMCwwIDEwMCw0IDY5LDEuNSIgc3R5bGU9ImZpbGw6ICM0MTQxNDE4ZjsiLz4KICAgICAgICAgICAgPHBvbHlnb24gcG9pbnRzPSIwLDMgMCwwIDEwMCwwIDEwMCwyIDcwLDEiIHN0eWxlPSJmaWxsOiAjNDE0MTQxOyIvPiAgCjwvc3ZnPg==[\/vc_raw_html][\/vc_column][\/vc_row][vc_row css_animation=\u00bb\u00bb row_type=\u00bbrow\u00bb use_row_as_full_screen_section=\u00bbno\u00bb type=\u00bbfull_width\u00bb angled_section=\u00bbno\u00bb text_align=\u00bbleft\u00bb background_image_as_pattern=\u00bbwithout_pattern\u00bb z_index=\u00bb\u00bb el_class=\u00bbrow-background\u00bb][vc_column width=\u00bb1\/6&#8243; offset=\u00bbvc_hidden-sm vc_hidden-xs\u00bb][\/vc_column][vc_column offset=\u00bbvc_col-lg-8 vc_col-md-8 vc_col-xs-12&#8243; el_class=\u00bbcenter-content-column\u00bb][vc_column_text el_class=\u00bbsection-text\u00bb] Carbide Audio Carbide Audio tiene su sede en la localidad de Llano, situada en la regi\u00f3n monta\u00f1osa de&#8230;<\/p>\n","protected":false},"author":1,"featured_media":0,"parent":0,"menu_order":0,"comment_status":"closed","ping_status":"closed","template":"full_width.php","meta":{"editor_plus_copied_stylings":"{}","_monsterinsights_skip_tracking":false,"_monsterinsights_sitenote_active":false,"_monsterinsights_sitenote_note":"","_monsterinsights_sitenote_category":0,"footnotes":""},"class_list":["post-7181","page","type-page","status-publish","hentry"],"aioseo_notices":[],"_links":{"self":[{"href":"https:\/\/carbide.audio\/es\/wp-json\/wp\/v2\/pages\/7181","targetHints":{"allow":["GET"]}}],"collection":[{"href":"https:\/\/carbide.audio\/es\/wp-json\/wp\/v2\/pages"}],"about":[{"href":"https:\/\/carbide.audio\/es\/wp-json\/wp\/v2\/types\/page"}],"author":[{"embeddable":true,"href":"https:\/\/carbide.audio\/es\/wp-json\/wp\/v2\/users\/1"}],"replies":[{"embeddable":true,"href":"https:\/\/carbide.audio\/es\/wp-json\/wp\/v2\/comments?post=7181"}],"version-history":[{"count":0,"href":"https:\/\/carbide.audio\/es\/wp-json\/wp\/v2\/pages\/7181\/revisions"}],"wp:attachment":[{"href":"https:\/\/carbide.audio\/es\/wp-json\/wp\/v2\/media?parent=7181"}],"curies":[{"name":"wp","href":"https:\/\/api.w.org\/{rel}","templated":true}]}}