{"id":7179,"date":"2021-10-20T22:22:29","date_gmt":"2021-10-21T03:22:29","guid":{"rendered":"https:\/\/www.carbide.audio\/medidas\/"},"modified":"2023-05-12T18:45:41","modified_gmt":"2023-05-12T23:45:41","slug":"medidas","status":"publish","type":"page","link":"https:\/\/carbide.audio\/es\/medidas\/","title":{"rendered":"Medidas"},"content":{"rendered":"<div class=\"wpb-content-wrapper\"><p>[vc_row css_animation=\u00bb\u00bb row_type=\u00bbrow\u00bb use_row_as_full_screen_section=\u00bbno\u00bb type=\u00bbfull_width\u00bb angled_section=\u00bbno\u00bb text_align=\u00bbleft\u00bb background_image_as_pattern=\u00bbwithout_pattern\u00bb][vc_column el_class=\u00bblower-angle-polygon\u00bb][vc_raw_html css=\u00bb\u00bb]PHN2ZyB2aWV3Ym94PSIwIDAgMTAwIDYiIGNsYXNzPSJzbW9vdGgtYWxsIiBzdHlsZT0iIj4KICAgICAgICAgICAgPHBvbHlnb24gcG9pbnRzPSIwLDUgMCwwIDEwMCwwIDEwMCw0IDY5LDEuNSIgc3R5bGU9ImZpbGw6ICM0MTQxNDE4ZjsiLz4KICAgICAgICAgICAgPHBvbHlnb24gcG9pbnRzPSIwLDMgMCwwIDEwMCwwIDEwMCwyIDcwLDEiIHN0eWxlPSJmaWxsOiAjNDE0MTQxOyIvPiAgCjwvc3ZnPg==[\/vc_raw_html][\/vc_column][\/vc_row][vc_row css_animation=\u00bb\u00bb row_type=\u00bbrow\u00bb use_row_as_full_screen_section=\u00bbno\u00bb type=\u00bbfull_width\u00bb angled_section=\u00bbno\u00bb text_align=\u00bbleft\u00bb background_image_as_pattern=\u00bbwithout_pattern\u00bb el_class=\u00bbmain-row\u00bb z_index=\u00bb\u00bb css=\u00bb.vc_custom_1746749148594{padding-top: 120px !important;}\u00bb][vc_column width=\u00bb1\/6&#8243;][\/vc_column][vc_column width=\u00bb2\/3&#8243; el_class=\u00bbcenter-column\u00bb][vc_column_text el_class=\u00bbsection-row\u00bb]<\/p>\n<h1>MEDIDAS<\/h1>\n<p>[\/vc_column_text][vc_row_inner row_type=\u00bbrow\u00bb type=\u00bbfull_width\u00bb text_align=\u00bbleft\u00bb css_animation=\u00bb\u00bb el_class=\u00bbsection-row\u00bb][vc_column_inner offset=\u00bbvc_col-lg-3 vc_col-md-12 vc_col-xs-12&#8243;][vc_single_image image=\u00bb24314&#8243; img_size=\u00bblarge\u00bb alignment=\u00bbcenter\u00bb qode_css_animation=\u00bb\u00bb el_class=\u00bbimg-borders\u00bb][\/vc_column_inner][vc_column_inner offset=\u00bbvc_col-lg-9 vc_col-md-12 vc_col-xs-12&#8243;][vc_column_text]<\/p>\n<h2><a href=\"https:\/\/carbide.audio\/es\/medidas\/twindamp-mejora-de-la-capacidad-de-amortiguacion-del-manganeso-cobre\/\">TwinDamp\u2122: Mejora de la capacidad de amortiguaci\u00f3n del manganeso-cobre<\/a><\/h2>\n<p>Mediciones que comparan la capacidad de amortiguaci\u00f3n de nuestra aleaci\u00f3n TwinDamp\u2122 con el manganeso-cobre y el acero inoxidable.[\/vc_column_text][vc_raw_html el_class=\u00bbmore-arrow-button\u00bb]PGRpdiBjbGFzcz0iYXJyb3ctYnV0dG9uIHNtb290aC1hbGwiPgo8YSBpdGVtcHJvcD0idXJsIiBocmVmPSJodHRwczovL2NhcmJpZGUuYXVkaW8vZXMvbWVkaWRhcy90d2luZGFtcC1tZWpvcmEtZGUtbGEtY2FwYWNpZGFkLWRlLWFtb3J0aWd1YWNpb24tZGVsLW1hbmdhbmVzby1jb2JyZS8iIHRhcmdldD0iX3NlbGYiPgoJICAgIDxzcGFuPjxpIGNsYXNzPSJxb2RlX2ljb25fZm9udF9hd2Vzb21lXzUgZmE1IGZhcyBmYS1jaGV2cm9uLXJpZ2h0IGFycm93LWJ1dHRvbi1hcnJvdyAiPjwvaT48L3NwYW4+CQo8L2E+CjwvZGl2Pg==[\/vc_raw_html][\/vc_column_inner][\/vc_row_inner][vc_row_inner row_type=\u00bbrow\u00bb type=\u00bbfull_width\u00bb text_align=\u00bbleft\u00bb css_animation=\u00bb\u00bb el_class=\u00bbsection-row\u00bb][vc_column_inner offset=\u00bbvc_col-lg-3 vc_col-md-12 vc_col-xs-12&#8243;][vc_single_image image=\u00bb18515&#8243; img_size=\u00bblarge\u00bb alignment=\u00bbcenter\u00bb qode_css_animation=\u00bb\u00bb el_class=\u00bbimg-borders\u00bb][\/vc_column_inner][vc_column_inner offset=\u00bbvc_col-lg-9 vc_col-md-12 vc_col-xs-12&#8243;][vc_column_text]<\/p>\n<h2><a href=\"https:\/\/carbide.audio\/es\/medidas\/evasion-de-la-ruta-de-transmision\/\">Evasi\u00f3n de la ruta de transmisi\u00f3n<\/a><\/h2>\n<p>Una visi\u00f3n general del concepto de evasi\u00f3n de la trayectoria de transmisi\u00f3n de las vibraciones y su incorporaci\u00f3n al dise\u00f1o de la zapata Carbide Base Diamond.[\/vc_column_text][vc_raw_html el_class=\u00bbmore-arrow-button\u00bb]PGRpdiBjbGFzcz0iYXJyb3ctYnV0dG9uIHNtb290aC1hbGwiPgo8YSBpdGVtcHJvcD0idXJsIiBocmVmPSJodHRwczovL2NhcmJpZGUuYXVkaW8vZXMvbWVkaWRhcy9ldmFzaW9uLWRlLWxhLXJ1dGEtZGUtdHJhbnNtaXNpb24vIiB0YXJnZXQ9Il9zZWxmIj4KCSAgICA8c3Bhbj48aSBjbGFzcz0icW9kZV9pY29uX2ZvbnRfYXdlc29tZV81IGZhNSBmYXMgZmEtY2hldnJvbi1yaWdodCBhcnJvdy1idXR0b24tYXJyb3cgIj48L2k+PC9zcGFuPgkKPC9hPgo8L2Rpdj4=[\/vc_raw_html][\/vc_column_inner][\/vc_row_inner][vc_row_inner row_type=\u00bbrow\u00bb type=\u00bbfull_width\u00bb text_align=\u00bbleft\u00bb css_animation=\u00bb\u00bb el_class=\u00bbsection-row\u00bb][vc_column_inner offset=\u00bbvc_col-lg-3 vc_col-md-12 vc_col-xs-12&#8243;][vc_single_image image=\u00bb14602&#8243; img_size=\u00bblarge\u00bb alignment=\u00bbcenter\u00bb qode_css_animation=\u00bb\u00bb el_class=\u00bbimg-borders\u00bb][\/vc_column_inner][vc_column_inner offset=\u00bbvc_col-lg-9 vc_col-md-12 vc_col-xs-12&#8243;][vc_column_text]<\/p>\n<h2><a href=\"https:\/\/carbide.audio\/es\/medidas\/encuesta-sobre-los-disenos-de-los-pies-de-pagina-de-audio\/\">Encuesta sobre los dise\u00f1os de los pies de p\u00e1gina de audio<\/a><\/h2>\n<p>Un estudio de varios dise\u00f1os de pies de equipos de audio. El rendimiento del aislamiento de las vibraciones de cada dise\u00f1o se mide y se representa gr\u00e1ficamente para una comparaci\u00f3n relativa.[\/vc_column_text][vc_raw_html el_class=\u00bbmore-arrow-button\u00bb]PGRpdiBjbGFzcz0iYXJyb3ctYnV0dG9uIHNtb290aC1hbGwiPgo8YSBpdGVtcHJvcD0idXJsIiBocmVmPSJodHRwczovL2NhcmJpZGUuYXVkaW8vZXMvbWVkaWRhcy9lbmN1ZXN0YS1zb2JyZS1sb3MtZGlzZW5vcy1kZS1sb3MtcGllcy1kZS1wYWdpbmEtZGUtYXVkaW8vIiB0YXJnZXQ9Il9zZWxmIj4KCSAgICA8c3Bhbj48aSBjbGFzcz0icW9kZV9pY29uX2ZvbnRfYXdlc29tZV81IGZhNSBmYXMgZmEtY2hldnJvbi1yaWdodCBhcnJvdy1idXR0b24tYXJyb3cgIj48L2k+PC9zcGFuPgkKPC9hPgo8L2Rpdj4=[\/vc_raw_html][\/vc_column_inner][\/vc_row_inner][vc_row_inner row_type=\u00bbrow\u00bb type=\u00bbfull_width\u00bb text_align=\u00bbleft\u00bb css_animation=\u00bb\u00bb el_class=\u00bbsection-row\u00bb][vc_column_inner offset=\u00bbvc_col-lg-3 vc_col-md-12 vc_col-xs-12&#8243;][vc_single_image image=\u00bb13352&#8243; img_size=\u00bblarge\u00bb alignment=\u00bbcenter\u00bb qode_css_animation=\u00bb\u00bb el_class=\u00bbimg-borders\u00bb][\/vc_column_inner][vc_column_inner offset=\u00bbvc_col-lg-9 vc_col-md-12 vc_col-xs-12&#8243;][vc_column_text]<\/p>\n<h2><a href=\"https:\/\/carbide.audio\/es\/medidas\/utilizacion-de-elastomeros-de-bajo-factor-de-forma\/\">Utilizaci\u00f3n de elast\u00f3meros de bajo factor de forma<\/a><\/h2>\n<p>Un an\u00e1lisis del novedoso dise\u00f1o del pie de audio de Carbide Base. Las ventajas de los elast\u00f3meros de bajo factor de forma y de la configuraci\u00f3n \u00fanica de los rodamientos de bolas utilizados en el pie se cuantifican con mediciones.[\/vc_column_text][vc_raw_html el_class=\u00bbmore-arrow-button\u00bb]PGRpdiBjbGFzcz0iYXJyb3ctYnV0dG9uIHNtb290aC1hbGwiPgo8YSBpdGVtcHJvcD0idXJsIiBocmVmPSJodHRwczovL2NhcmJpZGUuYXVkaW8vZXMvbWVkaWRhcy91dGlsaXphY2lvbi1kZS1lbGFzdG9tZXJvcy1kZS1iYWpvLWZhY3Rvci1kZS1mb3JtYS8iIHRhcmdldD0iX3NlbGYiPgoJICAgIDxzcGFuPjxpIGNsYXNzPSJxb2RlX2ljb25fZm9udF9hd2Vzb21lXzUgZmE1IGZhcyBmYS1jaGV2cm9uLXJpZ2h0IGFycm93LWJ1dHRvbi1hcnJvdyAiPjwvaT48L3NwYW4+CQo8L2E+CjwvZGl2Pg==[\/vc_raw_html][\/vc_column_inner][\/vc_row_inner][vc_row_inner row_type=\u00bbrow\u00bb type=\u00bbfull_width\u00bb text_align=\u00bbleft\u00bb css_animation=\u00bb\u00bb el_class=\u00bbsection-row\u00bb][vc_column_inner offset=\u00bbvc_col-lg-3 vc_col-md-12 vc_col-xs-12&#8243;][vc_single_image image=\u00bb4174&#8243; img_size=\u00bblarge\u00bb alignment=\u00bbcenter\u00bb qode_css_animation=\u00bb\u00bb el_class=\u00bbimg-borders\u00bb][\/vc_column_inner][vc_column_inner offset=\u00bbvc_col-lg-9 vc_col-md-9 vc_col-xs-12&#8243;][vc_column_text]<\/p>\n<h2><a href=\"https:\/\/carbide.audio\/es\/medidas\/disipacion-de-las-vibraciones-mediante-pies-de-carbide-base\/\">Disipaci\u00f3n de vibraciones mediante pies de base de carburo<\/a><\/h2>\n<p>Mediciones que comparan la capacidad de disipaci\u00f3n de vibraciones de los pies de base de Carbide Base con los picos de suelo est\u00e1ndar. Se construye un altavoz de prueba para analizar el efecto amortiguador que tienen los pies de caja sobre las resonancias del panel del recinto.[\/vc_column_text][vc_raw_html el_class=\u00bbmore-arrow-button\u00bb]PGRpdiBjbGFzcz0iYXJyb3ctYnV0dG9uIHNtb290aC1hbGwiPgo8YSBpdGVtcHJvcD0idXJsIiBocmVmPSJodHRwczovL2NhcmJpZGUuYXVkaW8vZXMvbWVkaWRhcy9kaXNpcGFjaW9uLWRlLWxhcy12aWJyYWNpb25lcy1tZWRpYW50ZS1waWVzLWRlLWNhcmJpZGUtYmFzZS8iIHRhcmdldD0iX3NlbGYiPgoJICAgIDxzcGFuPjxpIGNsYXNzPSJxb2RlX2ljb25fZm9udF9hd2Vzb21lXzUgZmE1IGZhcyBmYS1jaGV2cm9uLXJpZ2h0IGFycm93LWJ1dHRvbi1hcnJvdyAiPjwvaT48L3NwYW4+CQo8L2E+CjwvZGl2Pg==[\/vc_raw_html][\/vc_column_inner][\/vc_row_inner][\/vc_column][vc_column width=\u00bb1\/6&#8243;][\/vc_column][\/vc_row][vc_row css_animation=\u00bb\u00bb row_type=\u00bbrow\u00bb use_row_as_full_screen_section=\u00bbno\u00bb type=\u00bbfull_width\u00bb angled_section=\u00bbno\u00bb text_align=\u00bbleft\u00bb background_image_as_pattern=\u00bbwithout_pattern\u00bb][vc_column el_class=\u00bblower-angle-polygon\u00bb][vc_raw_html]PHN2ZyB2aWV3Ym94PSIwIDAgMTAwIDYiIGNsYXNzPSJzbW9vdGgtYWxsIiBzdHlsZT0iIj4KICAgICAgICA8cG9seWdvbiBwb2ludHM9IjAsMyAwLDAgMTAwLDAgMTAwLDIgNzAsMSIgc3R5bGU9ImZpbGw6ICNmZmZmZmY7Ii8+CiAgICAgICAgPHBvbHlnb24gcG9pbnRzPSIwLDUgMCwwIDEwMCwwIDEwMCw0IDY5LDEuNSIgc3R5bGU9ImZpbGw6ICNmZmZmZmY4ZjsiLz4KPC9zdmc+[\/vc_raw_html][\/vc_column][\/vc_row]<\/p>\n<\/div>","protected":false},"excerpt":{"rendered":"<p>[vc_row css_animation=\u00bb\u00bb row_type=\u00bbrow\u00bb use_row_as_full_screen_section=\u00bbno\u00bb type=\u00bbfull_width\u00bb angled_section=\u00bbno\u00bb text_align=\u00bbleft\u00bb background_image_as_pattern=\u00bbwithout_pattern\u00bb][vc_column el_class=\u00bblower-angle-polygon\u00bb][vc_raw_html css=\u00bb\u00bb]PHN2ZyB2aWV3Ym94PSIwIDAgMTAwIDYiIGNsYXNzPSJzbW9vdGgtYWxsIiBzdHlsZT0iIj4KICAgICAgICAgICAgPHBvbHlnb24gcG9pbnRzPSIwLDUgMCwwIDEwMCwwIDEwMCw0IDY5LDEuNSIgc3R5bGU9ImZpbGw6ICM0MTQxNDE4ZjsiLz4KICAgICAgICAgICAgPHBvbHlnb24gcG9pbnRzPSIwLDMgMCwwIDEwMCwwIDEwMCwyIDcwLDEiIHN0eWxlPSJmaWxsOiAjNDE0MTQxOyIvPiAgCjwvc3ZnPg==[\/vc_raw_html][\/vc_column][\/vc_row][vc_row css_animation=\u00bb\u00bb row_type=\u00bbrow\u00bb use_row_as_full_screen_section=\u00bbno\u00bb type=\u00bbfull_width\u00bb angled_section=\u00bbno\u00bb text_align=\u00bbleft\u00bb background_image_as_pattern=\u00bbwithout_pattern\u00bb el_class=\u00bbmain-row\u00bb z_index=\u00bb\u00bb css=\u00bb.vc_custom_1746749148594{padding-top: 120px !important;}\u00bb][vc_column width=\u00bb1\/6&#8243;][\/vc_column][vc_column width=\u00bb2\/3&#8243; el_class=\u00bbcenter-column\u00bb][vc_column_text el_class=\u00bbsection-row\u00bb] MEDIDAS [\/vc_column_text][vc_row_inner row_type=\u00bbrow\u00bb type=\u00bbfull_width\u00bb text_align=\u00bbleft\u00bb css_animation=\u00bb\u00bb el_class=\u00bbsection-row\u00bb][vc_column_inner offset=\u00bbvc_col-lg-3 vc_col-md-12 vc_col-xs-12&#8243;][vc_single_image image=\u00bb24314&#8243; img_size=\u00bblarge\u00bb alignment=\u00bbcenter\u00bb qode_css_animation=\u00bb\u00bb el_class=\u00bbimg-borders\u00bb][\/vc_column_inner][vc_column_inner offset=\u00bbvc_col-lg-9 vc_col-md-12 vc_col-xs-12&#8243;][vc_column_text] TwinDamp\u2122:&#8230;<\/p>\n","protected":false},"author":1,"featured_media":0,"parent":0,"menu_order":0,"comment_status":"closed","ping_status":"closed","template":"full_width.php","meta":{"editor_plus_copied_stylings":"{}","_monsterinsights_skip_tracking":false,"_monsterinsights_sitenote_active":false,"_monsterinsights_sitenote_note":"","_monsterinsights_sitenote_category":0,"footnotes":""},"class_list":["post-7179","page","type-page","status-publish","hentry"],"aioseo_notices":[],"_links":{"self":[{"href":"https:\/\/carbide.audio\/es\/wp-json\/wp\/v2\/pages\/7179","targetHints":{"allow":["GET"]}}],"collection":[{"href":"https:\/\/carbide.audio\/es\/wp-json\/wp\/v2\/pages"}],"about":[{"href":"https:\/\/carbide.audio\/es\/wp-json\/wp\/v2\/types\/page"}],"author":[{"embeddable":true,"href":"https:\/\/carbide.audio\/es\/wp-json\/wp\/v2\/users\/1"}],"replies":[{"embeddable":true,"href":"https:\/\/carbide.audio\/es\/wp-json\/wp\/v2\/comments?post=7179"}],"version-history":[{"count":0,"href":"https:\/\/carbide.audio\/es\/wp-json\/wp\/v2\/pages\/7179\/revisions"}],"wp:attachment":[{"href":"https:\/\/carbide.audio\/es\/wp-json\/wp\/v2\/media?parent=7179"}],"curies":[{"name":"wp","href":"https:\/\/api.w.org\/{rel}","templated":true}]}}