{"id":7172,"date":"2020-06-25T21:41:23","date_gmt":"2020-06-26T02:41:23","guid":{"rendered":"https:\/\/www.carbide.audio\/terminos\/"},"modified":"2025-05-08T22:46:02","modified_gmt":"2025-05-09T03:46:02","slug":"terminos","status":"publish","type":"page","link":"https:\/\/carbide.audio\/es\/terminos\/","title":{"rendered":"T\u00e9rminos"},"content":{"rendered":"<div class=\"wpb-content-wrapper\"><p>[vc_row css_animation=\u00bb\u00bb row_type=\u00bbrow\u00bb use_row_as_full_screen_section=\u00bbno\u00bb type=\u00bbfull_width\u00bb angled_section=\u00bbno\u00bb text_align=\u00bbleft\u00bb background_image_as_pattern=\u00bbwithout_pattern\u00bb][vc_column el_class=\u00bblower-angle-polygon\u00bb][vc_raw_html css=\u00bb\u00bb]PHN2ZyB2aWV3Ym94PSIwIDAgMTAwIDYiIGNsYXNzPSJzbW9vdGgtYWxsIiBzdHlsZT0iIj4KICAgICAgICAgICAgPHBvbHlnb24gcG9pbnRzPSIwLDUgMCwwIDEwMCwwIDEwMCw0IDY5LDEuNSIgc3R5bGU9ImZpbGw6ICM0MTQxNDE4ZjsiLz4KICAgICAgICAgICAgPHBvbHlnb24gcG9pbnRzPSIwLDMgMCwwIDEwMCwwIDEwMCwyIDcwLDEiIHN0eWxlPSJmaWxsOiAjNDE0MTQxOyIvPiAgCjwvc3ZnPg==[\/vc_raw_html][\/vc_column][\/vc_row][vc_row css_animation=\u00bb\u00bb row_type=\u00bbrow\u00bb use_row_as_full_screen_section=\u00bbno\u00bb type=\u00bbfull_width\u00bb angled_section=\u00bbno\u00bb text_align=\u00bbleft\u00bb background_image_as_pattern=\u00bbwithout_pattern\u00bb z_index=\u00bb\u00bb el_class=\u00bbmain-row\u00bb css=\u00bb.vc_custom_1746749352621{padding-top: 120px !important;}\u00bb][vc_column width=\u00bb1\/6&#8243;][\/vc_column][vc_column width=\u00bb2\/3&#8243;][vc_column_text el_class=\u00bbsection-text\u00bb]<\/p>\n<h2>Condiciones de uso<\/h2>\n<p class=\"\">Estos t\u00e9rminos y condiciones rigen el uso de este sitio web; si contin\u00faa navegando y utilizando este sitio web, usted acepta cumplir y estar obligado por los siguientes t\u00e9rminos y condiciones de uso, que junto con nuestra pol\u00edtica de privacidad rigen la relaci\u00f3n de Carbide Audio LLC con usted en relaci\u00f3n con este sitio web. Si no est\u00e1 de acuerdo con alguna parte de estas condiciones, le rogamos que no utilice nuestro sitio web. <\/p>\n<p>&nbsp;<\/p>\n<p class=\"\">El t\u00e9rmino &#8216;Carbide Audio&#8217; o &#8216;nosotros&#8217; se refiere al propietario del sitio web. El t\u00e9rmino \u00abusted\u00bb se refiere al usuario o espectador de nuestro sitio web. <\/p>\n<p>&nbsp;<\/p>\n<p class=\"\">El uso de este sitio web est\u00e1 sujeto a las siguientes condiciones de uso:<\/p>\n<p>[\/vc_column_text][vc_column_text css=\u00bb.vc_custom_1634411941721{margin-bottom: 50px !important;margin-left: 15px !important;padding-top: 0px !important;}\u00bb el_class=\u00bbsection-text\u00bb]<\/p>\n<ul>\n<li>El contenido de las p\u00e1ginas de este sitio web es \u00fanicamente para su informaci\u00f3n y uso general. Est\u00e1 sujeto a cambios sin previo aviso. <\/li>\n<\/ul>\n<p>&nbsp;<\/p>\n<ul>\n<li>Este sitio web utiliza cookies para controlar las preferencias de navegaci\u00f3n. Si usted permite el uso de cookies, la siguiente informaci\u00f3n personal puede ser almacenada por nosotros para su uso por parte de terceros como se indica en nuestra <a href=\"https:\/\/www.carbide.audio\/policy\/\">Pol\u00edtica de Privacidad<\/a>. <\/li>\n<\/ul>\n<p>&nbsp;<\/p>\n<ul>\n<li>Ni nosotros ni terceras partes proporcionamos ninguna garant\u00eda en cuanto a la exactitud, puntualidad, rendimiento, integridad o idoneidad de la informaci\u00f3n y los materiales encontrados u ofrecidos en este sitio web para cualquier prop\u00f3sito particular. Usted reconoce que dicha informaci\u00f3n y materiales pueden contener inexactitudes o errores y nosotros excluimos expresamente la responsabilidad por dichas inexactitudes o errores en la mayor medida permitida por la ley. <\/li>\n<\/ul>\n<p>&nbsp;<\/p>\n<ul>\n<li>El uso que usted haga de la informaci\u00f3n o los materiales de este sitio web corre por su cuenta y riesgo, por lo que no seremos responsables. Ser\u00e1 su propia responsabilidad asegurarse de que cualquier producto, servicio o informaci\u00f3n disponible a trav\u00e9s de este sitio web cumple con sus requisitos espec\u00edficos. <\/li>\n<\/ul>\n<p>&nbsp;<\/p>\n<ul>\n<li>Este sitio web contiene material de nuestra propiedad o del que tenemos licencia. Este material incluye, entre otros, el dise\u00f1o, la presentaci\u00f3n, el aspecto, la apariencia y los gr\u00e1ficos. Queda prohibida la reproducci\u00f3n si no es de acuerdo con el aviso de derechos de autor, que forma parte de estas condiciones.  <\/li>\n<\/ul>\n<p>&nbsp;<\/p>\n<ul>\n<li>Todas las marcas reproducidas en este sitio web, que no son propiedad del operador ni tienen licencia para ello, est\u00e1n reconocidas en el sitio web. El uso no autorizado de este sitio web puede dar lugar a una reclamaci\u00f3n por da\u00f1os y perjuicios y\/o constituir un delito. <\/li>\n<\/ul>\n<p>&nbsp;<\/p>\n<ul>\n<li>De vez en cuando, este sitio web tambi\u00e9n puede incluir enlaces a otros sitios web. Estos enlaces se proporcionan para su conveniencia para proporcionar m\u00e1s informaci\u00f3n. No significan que respaldemos el sitio o los sitios web. No tenemos ninguna responsabilidad sobre el contenido de los sitios web enlazados.   <\/li>\n<\/ul>\n<p>&nbsp;<\/p>\n<ul>\n<li>Su uso de este sitio web y cualquier disputa que surja de dicho uso del sitio web est\u00e1n sujetos a las leyes de Texas (EE.UU.).<\/li>\n<\/ul>\n<p>[\/vc_column_text][\/vc_column][vc_column width=\u00bb1\/6&#8243;][\/vc_column][\/vc_row][vc_row css_animation=\u00bb\u00bb row_type=\u00bbrow\u00bb use_row_as_full_screen_section=\u00bbno\u00bb type=\u00bbfull_width\u00bb angled_section=\u00bbno\u00bb text_align=\u00bbleft\u00bb background_image_as_pattern=\u00bbwithout_pattern\u00bb][vc_column el_class=\u00bblower-angle-polygon\u00bb][vc_raw_html]PHN2ZyB2aWV3Ym94PSIwIDAgMTAwIDYiIGNsYXNzPSJzbW9vdGgtYWxsIiBzdHlsZT0iIj4KICAgICAgICA8cG9seWdvbiBwb2ludHM9IjAsMyAwLDAgMTAwLDAgMTAwLDIgNzAsMSIgc3R5bGU9ImZpbGw6ICNmZmZmZmY7Ii8+CiAgICAgICAgPHBvbHlnb24gcG9pbnRzPSIwLDUgMCwwIDEwMCwwIDEwMCw0IDY5LDEuNSIgc3R5bGU9ImZpbGw6ICNmZmZmZmY4ZjsiLz4KPC9zdmc+[\/vc_raw_html][\/vc_column][\/vc_row]<\/p>\n<\/div>","protected":false},"excerpt":{"rendered":"<p>[vc_row css_animation=\u00bb\u00bb row_type=\u00bbrow\u00bb use_row_as_full_screen_section=\u00bbno\u00bb type=\u00bbfull_width\u00bb angled_section=\u00bbno\u00bb text_align=\u00bbleft\u00bb background_image_as_pattern=\u00bbwithout_pattern\u00bb][vc_column el_class=\u00bblower-angle-polygon\u00bb][vc_raw_html css=\u00bb\u00bb]PHN2ZyB2aWV3Ym94PSIwIDAgMTAwIDYiIGNsYXNzPSJzbW9vdGgtYWxsIiBzdHlsZT0iIj4KICAgICAgICAgICAgPHBvbHlnb24gcG9pbnRzPSIwLDUgMCwwIDEwMCwwIDEwMCw0IDY5LDEuNSIgc3R5bGU9ImZpbGw6ICM0MTQxNDE4ZjsiLz4KICAgICAgICAgICAgPHBvbHlnb24gcG9pbnRzPSIwLDMgMCwwIDEwMCwwIDEwMCwyIDcwLDEiIHN0eWxlPSJmaWxsOiAjNDE0MTQxOyIvPiAgCjwvc3ZnPg==[\/vc_raw_html][\/vc_column][\/vc_row][vc_row css_animation=\u00bb\u00bb row_type=\u00bbrow\u00bb use_row_as_full_screen_section=\u00bbno\u00bb type=\u00bbfull_width\u00bb angled_section=\u00bbno\u00bb text_align=\u00bbleft\u00bb background_image_as_pattern=\u00bbwithout_pattern\u00bb z_index=\u00bb\u00bb el_class=\u00bbmain-row\u00bb css=\u00bb.vc_custom_1746749352621{padding-top: 120px !important;}\u00bb][vc_column width=\u00bb1\/6&#8243;][\/vc_column][vc_column width=\u00bb2\/3&#8243;][vc_column_text el_class=\u00bbsection-text\u00bb] Condiciones de uso Estos t\u00e9rminos y condiciones rigen el uso de este sitio web; si contin\u00faa navegando y utilizando este&#8230;<\/p>\n","protected":false},"author":1,"featured_media":0,"parent":0,"menu_order":0,"comment_status":"closed","ping_status":"closed","template":"","meta":{"editor_plus_copied_stylings":"{}","_monsterinsights_skip_tracking":false,"_monsterinsights_sitenote_active":false,"_monsterinsights_sitenote_note":"","_monsterinsights_sitenote_category":0,"footnotes":""},"class_list":["post-7172","page","type-page","status-publish","hentry"],"aioseo_notices":[],"_links":{"self":[{"href":"https:\/\/carbide.audio\/es\/wp-json\/wp\/v2\/pages\/7172","targetHints":{"allow":["GET"]}}],"collection":[{"href":"https:\/\/carbide.audio\/es\/wp-json\/wp\/v2\/pages"}],"about":[{"href":"https:\/\/carbide.audio\/es\/wp-json\/wp\/v2\/types\/page"}],"author":[{"embeddable":true,"href":"https:\/\/carbide.audio\/es\/wp-json\/wp\/v2\/users\/1"}],"replies":[{"embeddable":true,"href":"https:\/\/carbide.audio\/es\/wp-json\/wp\/v2\/comments?post=7172"}],"version-history":[{"count":0,"href":"https:\/\/carbide.audio\/es\/wp-json\/wp\/v2\/pages\/7172\/revisions"}],"wp:attachment":[{"href":"https:\/\/carbide.audio\/es\/wp-json\/wp\/v2\/media?parent=7172"}],"curies":[{"name":"wp","href":"https:\/\/api.w.org\/{rel}","templated":true}]}}