{"id":29062,"date":"2024-01-01T16:30:18","date_gmt":"2024-01-01T22:30:18","guid":{"rendered":"https:\/\/carbide.audio\/carbide-base\/insertos-de-carburo-base\/"},"modified":"2025-05-08T22:45:45","modified_gmt":"2025-05-09T03:45:45","slug":"insertos-de-carburo-base","status":"publish","type":"page","link":"https:\/\/carbide.audio\/es\/carbide-base\/insertos-de-carburo-base\/","title":{"rendered":"Insertos de carburo base"},"content":{"rendered":"<div class=\"wpb-content-wrapper\"><p>[vc_row css_animation=\u00bb\u00bb row_type=\u00bbrow\u00bb use_row_as_full_screen_section=\u00bbno\u00bb type=\u00bbfull_width\u00bb angled_section=\u00bbno\u00bb text_align=\u00bbleft\u00bb background_image_as_pattern=\u00bbwithout_pattern\u00bb][vc_column el_class=\u00bblower-angle-polygon\u00bb][vc_raw_html css=\u00bb\u00bb]PHN2ZyB2aWV3Ym94PSIwIDAgMTAwIDYiIGNsYXNzPSJzbW9vdGgtYWxsIiBzdHlsZT0iIj4KICAgICAgICAgICAgPHBvbHlnb24gcG9pbnRzPSIwLDUgMCwwIDEwMCwwIDEwMCw0IDY5LDEuNSIgc3R5bGU9ImZpbGw6ICM0MTQxNDE4ZjsiLz4KICAgICAgICAgICAgPHBvbHlnb24gcG9pbnRzPSIwLDMgMCwwIDEwMCwwIDEwMCwyIDcwLDEiIHN0eWxlPSJmaWxsOiAjNDE0MTQxOyIvPiAgCjwvc3ZnPg==[\/vc_raw_html][\/vc_column][\/vc_row][vc_row css_animation=\u00bb\u00bb row_type=\u00bbrow\u00bb use_row_as_full_screen_section=\u00bbno\u00bb type=\u00bbfull_width\u00bb angled_section=\u00bbno\u00bb text_align=\u00bbleft\u00bb background_image_as_pattern=\u00bbwithout_pattern\u00bb el_class=\u00bbmain-row\u00bb z_index=\u00bb\u00bb css=\u00bb.vc_custom_1746748754429{padding-top: 100px !important;}\u00bb][vc_column width=\u00bb1\/6&#8243; offset=\u00bbvc_hidden-md vc_hidden-sm vc_hidden-xs\u00bb][\/vc_column][vc_column offset=\u00bbvc_col-lg-8 vc_col-md-12 vc_col-xs-12&#8243; el_class=\u00bbproduct-center-col product-images\u00bb][vc_column_text css=\u00bb\u00bb el_class=\u00bbsection-text\u00bb]<\/p>\n<h1>Insertos de carburo base<\/h1>\n<p>Un <a href=\"https:\/\/carbide.audio\/es\/producto\/carbide-base-diamond-upgrade\/\">inserto de base de carburo<\/a> puede sustituir a la secci\u00f3n central superior de acero inoxidable de cualquiera de los pies de base de carburo para a\u00f1adir una etapa adicional de aislamiento de vibraciones. Se puede instalar un <a href=\"https:\/\/carbide.audio\/es\/producto\/nano-insertos\/\">inserto Nano<\/a> en el orificio roscado central de nuestros pies de gato como forma alternativa de mejorar el rendimiento del aislamiento.<\/p>\n<p>&nbsp;<\/p>\n<p>Estos insertos son aislantes de vibraciones especiales que utilizan rodamientos de bolas cer\u00e1micas que ruedan en pistas de rodadura recubiertas mediante procesos de deposici\u00f3n f\u00edsica de vapor (PVD). Las geometr\u00edas cuidadosamente dise\u00f1adas, combinadas con la extrema dureza del material, permiten aprovechar la <a href=\"https:\/\/carbide.audio\/es\/medidas\/evasion-de-la-ruta-de-transmision\/\">evasi\u00f3n de la v\u00eda de transmisi\u00f3n<\/a> para mejorar el filtrado de las microvibraciones. Los insertos est\u00e1n disponibles en 2 versiones: Zafiro y Diamante.  <\/p>\n<p>&nbsp;<\/p>\n<h3>Zafiro<\/h3>\n<p>Los insertos Sapphire utilizan pistas de rodadura formadas a partir de un acero con alto contenido en carbono que posteriormente se somete a un tratamiento t\u00e9rmico para aumentar su dureza. Tras 8 etapas de pulido, las pistas de rodadura de los rodamientos se recubren con carbono tipo diamante (DLC) combinado con un metal especial mediante un proceso de PVD. A continuaci\u00f3n, las pistas de rodadura se templan criog\u00e9nicamente para aliviar las tensiones internas y mejorar la tenacidad.  <\/p>\n<p>&nbsp;<\/p>\n<h3>Diamante<\/h3>\n<p>Los insertos Diamond utilizan pistas de rodadura mecanizadas a partir de cer\u00e1mica maciza con aproximadamente el doble de dureza que el acero endurecido. A continuaci\u00f3n, las pistas de rodadura pulidas de los rodamientos se recubren con PVD Diamante. Nuestra aleaci\u00f3n de alta amortiguaci\u00f3n <a href=\"https:\/\/carbide.audio\/es\/medidas\/twindamp-mejora-de-la-capacidad-de-amortiguacion-del-manganeso-cobre\/\">TwinDamp\u2122<\/a> se utiliza en lugares situados por encima de las pistas de rodadura para mejorar a\u00fan m\u00e1s el rendimiento.[\/vc_column_text][\/vc_column][vc_column width=\u00bb1\/6&#8243; offset=\u00bbvc_hidden-md vc_hidden-sm vc_hidden-xs\u00bb][\/vc_column][\/vc_row][vc_row css_animation=\u00bb\u00bb row_type=\u00bbrow\u00bb use_row_as_full_screen_section=\u00bbno\u00bb type=\u00bbfull_width\u00bb angled_section=\u00bbno\u00bb text_align=\u00bbleft\u00bb background_image_as_pattern=\u00bbwithout_pattern\u00bb css=\u00bb.vc_custom_1729641854926{padding-top: 30px !important;}\u00bb z_index=\u00bb\u00bb el_class=\u00bbmain-row\u00bb][vc_column width=\u00bb1\/6&#8243; offset=\u00bbvc_hidden-md vc_hidden-sm vc_hidden-xs\u00bb][\/vc_column][vc_column offset=\u00bbvc_col-lg-8 vc_col-md-12 vc_col-xs-12&#8243; el_class=\u00bbproduct-center-col product-images\u00bb][vc_column_text el_class=\u00bbsection-text\u00bb]<\/p>\n<h2>Insertos de carburo base<\/h2>\n<p>Los insertos con base de carburo utilizan tres pares de cojinetes y pistas de rodadura. Se utilizan tres grandes cojinetes de cer\u00e1mica de circonio para repartir la carga entre m\u00e1s puntos de contacto y aumentar as\u00ed la capacidad de soporte del peso. El orificio del centro se puede utilizar para <a href=\"https:\/\/carbide.audio\/es\/instrucciones-paracarbide-base\/instalacion-de-pernos\/\">atornillar al equipo<\/a> o aceptar la punta de un pincho de suelo para altavoces.[\/vc_column_text][vc_row_inner row_type=\u00bbrow\u00bb type=\u00bbfull_width\u00bb text_align=\u00bbleft\u00bb css_animation=\u00bb\u00bb][vc_column_inner width=\u00bb1\/2&#8243;]<div class=\"qode-specification-list\">\n\t\t\t<div class=\"qode-specification-list-image\">\n\t\t\t<img decoding=\"async\" src=\"https:\/\/carbide.audio\/wp-content\/uploads\/2024\/01\/sapphire-insert-exploded.jpg\" alt=\"\" \/>\n\t\t<\/div>\n\t\t<div class=\"qode-specification-list-text-holder\">\n\t\t<h3 class=\"qode-specification-list-title\">\n\t\t\tInserto de zafiro\t\t<\/h3>\n\t\t<div class=\"qode-specification-list-items\">\n\t\t\t\t\t\t\t<div class=\"qode-specification-list-item\">\n\t\t\t\t\t<span class=\"qode-specification-list-item-label\">\n\t\t\t\t\t\tSustrato de canalizaci\u00f3n\t\t\t\t\t<\/span>\n\t\t\t\t\t<span class=\"qode-specification-list-item-value\">\n\t\t\t\t\t\tAcero endurecido\t\t\t\t\t<\/span>\n\t\t\t\t<\/div>\n\t\t\t\t\t\t\t<div class=\"qode-specification-list-item\">\n\t\t\t\t\t<span class=\"qode-specification-list-item-label\">\n\t\t\t\t\t\tDureza del sustrato\t\t\t\t\t<\/span>\n\t\t\t\t\t<span class=\"qode-specification-list-item-value\">\n\t\t\t\t\t\t830 HV\t\t\t\t\t<\/span>\n\t\t\t\t<\/div>\n\t\t\t\t\t\t\t<div class=\"qode-specification-list-item\">\n\t\t\t\t\t<span class=\"qode-specification-list-item-label\">\n\t\t\t\t\t\tRevestimiento de conductos\t\t\t\t\t<\/span>\n\t\t\t\t\t<span class=\"qode-specification-list-item-value\">\n\t\t\t\t\t\tDLC + PVD de aleaci\u00f3n\t\t\t\t\t<\/span>\n\t\t\t\t<\/div>\n\t\t\t\t\t\t\t<div class=\"qode-specification-list-item\">\n\t\t\t\t\t<span class=\"qode-specification-list-item-label\">\n\t\t\t\t\t\tDureza del revestimiento\t\t\t\t\t<\/span>\n\t\t\t\t\t<span class=\"qode-specification-list-item-value\">\n\t\t\t\t\t\tHasta 2200 HV\t\t\t\t\t<\/span>\n\t\t\t\t<\/div>\n\t\t\t\t\t\t\t<div class=\"qode-specification-list-item\">\n\t\t\t\t\t<span class=\"qode-specification-list-item-label\">\n\t\t\t\t\t\tCoeficiente de fricci\u00f3n\t\t\t\t\t<\/span>\n\t\t\t\t\t<span class=\"qode-specification-list-item-value\">\n\t\t\t\t\t\t0.3\t\t\t\t\t<\/span>\n\t\t\t\t<\/div>\n\t\t\t\t\t\t\t<div class=\"qode-specification-list-item\">\n\t\t\t\t\t<span class=\"qode-specification-list-item-label\">\n\t\t\t\t\t\tTwinDamp\u2122\t\t\t\t\t<\/span>\n\t\t\t\t\t<span class=\"qode-specification-list-item-value\">\n\t\t\t\t\t\tNo\t\t\t\t\t<\/span>\n\t\t\t\t<\/div>\n\t\t\t\t\t<\/div>\n\t<\/div>\n\t<\/div>[\/vc_column_inner][vc_column_inner width=\u00bb1\/2&#8243;]<div class=\"qode-specification-list\">\n\t\t\t<div class=\"qode-specification-list-image\">\n\t\t\t<img decoding=\"async\" src=\"https:\/\/carbide.audio\/wp-content\/uploads\/2024\/01\/diamond-insert-exploded.jpg\" alt=\"\" \/>\n\t\t<\/div>\n\t\t<div class=\"qode-specification-list-text-holder\">\n\t\t<h3 class=\"qode-specification-list-title\">\n\t\t\tInserto de diamante\t\t<\/h3>\n\t\t<div class=\"qode-specification-list-items\">\n\t\t\t\t\t\t\t<div class=\"qode-specification-list-item\">\n\t\t\t\t\t<span class=\"qode-specification-list-item-label\">\n\t\t\t\t\t\tSustrato de canalizaci\u00f3n\t\t\t\t\t<\/span>\n\t\t\t\t\t<span class=\"qode-specification-list-item-value\">\n\t\t\t\t\t\tCer\u00e1mica\t\t\t\t\t<\/span>\n\t\t\t\t<\/div>\n\t\t\t\t\t\t\t<div class=\"qode-specification-list-item\">\n\t\t\t\t\t<span class=\"qode-specification-list-item-label\">\n\t\t\t\t\t\tDureza del sustrato\t\t\t\t\t<\/span>\n\t\t\t\t\t<span class=\"qode-specification-list-item-value\">\n\t\t\t\t\t\tM\u00e1s de 1300 HV\t\t\t\t\t<\/span>\n\t\t\t\t<\/div>\n\t\t\t\t\t\t\t<div class=\"qode-specification-list-item\">\n\t\t\t\t\t<span class=\"qode-specification-list-item-label\">\n\t\t\t\t\t\tRevestimiento de conductos\t\t\t\t\t<\/span>\n\t\t\t\t\t<span class=\"qode-specification-list-item-value\">\n\t\t\t\t\t\tDiamante PVD sobre CrN\t\t\t\t\t<\/span>\n\t\t\t\t<\/div>\n\t\t\t\t\t\t\t<div class=\"qode-specification-list-item\">\n\t\t\t\t\t<span class=\"qode-specification-list-item-label\">\n\t\t\t\t\t\tDureza del revestimiento\t\t\t\t\t<\/span>\n\t\t\t\t\t<span class=\"qode-specification-list-item-value\">\n\t\t\t\t\t\tHasta 6500 HV\t\t\t\t\t<\/span>\n\t\t\t\t<\/div>\n\t\t\t\t\t\t\t<div class=\"qode-specification-list-item\">\n\t\t\t\t\t<span class=\"qode-specification-list-item-label\">\n\t\t\t\t\t\tCoeficiente de fricci\u00f3n\t\t\t\t\t<\/span>\n\t\t\t\t\t<span class=\"qode-specification-list-item-value\">\n\t\t\t\t\t\t0.1\t\t\t\t\t<\/span>\n\t\t\t\t<\/div>\n\t\t\t\t\t\t\t<div class=\"qode-specification-list-item\">\n\t\t\t\t\t<span class=\"qode-specification-list-item-label\">\n\t\t\t\t\t\tTwinDamp\u2122\t\t\t\t\t<\/span>\n\t\t\t\t\t<span class=\"qode-specification-list-item-value\">\n\t\t\t\t\t\tS\u00ed\t\t\t\t\t<\/span>\n\t\t\t\t<\/div>\n\t\t\t\t\t<\/div>\n\t<\/div>\n\t<\/div>[\/vc_column_inner][\/vc_row_inner][\/vc_column][vc_column width=\u00bb1\/6&#8243; offset=\u00bbvc_hidden-md vc_hidden-sm vc_hidden-xs\u00bb][\/vc_column][\/vc_row][vc_row css_animation=\u00bb\u00bb row_type=\u00bbrow\u00bb use_row_as_full_screen_section=\u00bbno\u00bb type=\u00bbfull_width\u00bb angled_section=\u00bbno\u00bb text_align=\u00bbleft\u00bb background_image_as_pattern=\u00bbwithout_pattern\u00bb z_index=\u00bb\u00bb el_class=\u00bbmain-row\u00bb][vc_column width=\u00bb1\/6&#8243; offset=\u00bbvc_hidden-md vc_hidden-sm vc_hidden-xs\u00bb][\/vc_column][vc_column offset=\u00bbvc_col-lg-8 vc_col-md-12 vc_col-xs-12&#8243; el_class=\u00bbproduct-center-col product-images\u00bb][vc_column_text el_class=\u00bbsection-text\u00bb]<\/p>\n<h2>Nano insertos<\/h2>\n<p>Los nanoinsertos contienen un \u00fanico rodamiento de bolas de cer\u00e1mica de circonio rodando entre un par de pistas de rodamiento de zafiro o diamante. Los insertos Nano son utilizados por los 3 pies de Carbide Audio.[\/vc_column_text][vc_row_inner row_type=\u00bbrow\u00bb type=\u00bbfull_width\u00bb text_align=\u00bbleft\u00bb css_animation=\u00bb\u00bb][vc_column_inner width=\u00bb1\/2&#8243;]<div class=\"qode-specification-list\">\n\t\t\t<div class=\"qode-specification-list-image\">\n\t\t\t<img decoding=\"async\" src=\"https:\/\/carbide.audio\/wp-content\/uploads\/2024\/01\/nano-sapphire-insert-exploded.jpg\" alt=\"\" \/>\n\t\t<\/div>\n\t\t<div class=\"qode-specification-list-text-holder\">\n\t\t<h3 class=\"qode-specification-list-title\">\n\t\t\tInserto de nano zafiro\t\t<\/h3>\n\t\t<div class=\"qode-specification-list-items\">\n\t\t\t\t\t\t\t<div class=\"qode-specification-list-item\">\n\t\t\t\t\t<span class=\"qode-specification-list-item-label\">\n\t\t\t\t\t\tSustrato de canalizaci\u00f3n\t\t\t\t\t<\/span>\n\t\t\t\t\t<span class=\"qode-specification-list-item-value\">\n\t\t\t\t\t\tAcero endurecido\t\t\t\t\t<\/span>\n\t\t\t\t<\/div>\n\t\t\t\t\t\t\t<div class=\"qode-specification-list-item\">\n\t\t\t\t\t<span class=\"qode-specification-list-item-label\">\n\t\t\t\t\t\tDureza del sustrato\t\t\t\t\t<\/span>\n\t\t\t\t\t<span class=\"qode-specification-list-item-value\">\n\t\t\t\t\t\t830 HV\t\t\t\t\t<\/span>\n\t\t\t\t<\/div>\n\t\t\t\t\t\t\t<div class=\"qode-specification-list-item\">\n\t\t\t\t\t<span class=\"qode-specification-list-item-label\">\n\t\t\t\t\t\tRevestimiento de conductos\t\t\t\t\t<\/span>\n\t\t\t\t\t<span class=\"qode-specification-list-item-value\">\n\t\t\t\t\t\tDLC + PVD de aleaci\u00f3n\t\t\t\t\t<\/span>\n\t\t\t\t<\/div>\n\t\t\t\t\t\t\t<div class=\"qode-specification-list-item\">\n\t\t\t\t\t<span class=\"qode-specification-list-item-label\">\n\t\t\t\t\t\tDureza del revestimiento\t\t\t\t\t<\/span>\n\t\t\t\t\t<span class=\"qode-specification-list-item-value\">\n\t\t\t\t\t\tHasta 2200 HV\t\t\t\t\t<\/span>\n\t\t\t\t<\/div>\n\t\t\t\t\t\t\t<div class=\"qode-specification-list-item\">\n\t\t\t\t\t<span class=\"qode-specification-list-item-label\">\n\t\t\t\t\t\tCoeficiente de fricci\u00f3n\t\t\t\t\t<\/span>\n\t\t\t\t\t<span class=\"qode-specification-list-item-value\">\n\t\t\t\t\t\t0.3\t\t\t\t\t<\/span>\n\t\t\t\t<\/div>\n\t\t\t\t\t\t\t<div class=\"qode-specification-list-item\">\n\t\t\t\t\t<span class=\"qode-specification-list-item-label\">\n\t\t\t\t\t\tTwinDamp\u2122\t\t\t\t\t<\/span>\n\t\t\t\t\t<span class=\"qode-specification-list-item-value\">\n\t\t\t\t\t\tNo\t\t\t\t\t<\/span>\n\t\t\t\t<\/div>\n\t\t\t\t\t<\/div>\n\t<\/div>\n\t<\/div>[\/vc_column_inner][vc_column_inner width=\u00bb1\/2&#8243;]<div class=\"qode-specification-list\">\n\t\t\t<div class=\"qode-specification-list-image\">\n\t\t\t<img decoding=\"async\" src=\"https:\/\/carbide.audio\/wp-content\/uploads\/2024\/01\/nano-diamond-insert-exploded.jpg\" alt=\"\" \/>\n\t\t<\/div>\n\t\t<div class=\"qode-specification-list-text-holder\">\n\t\t<h3 class=\"qode-specification-list-title\">\n\t\t\tInserto de nanodiamante\t\t<\/h3>\n\t\t<div class=\"qode-specification-list-items\">\n\t\t\t\t\t\t\t<div class=\"qode-specification-list-item\">\n\t\t\t\t\t<span class=\"qode-specification-list-item-label\">\n\t\t\t\t\t\tSustrato de canalizaci\u00f3n\t\t\t\t\t<\/span>\n\t\t\t\t\t<span class=\"qode-specification-list-item-value\">\n\t\t\t\t\t\tCer\u00e1mica\t\t\t\t\t<\/span>\n\t\t\t\t<\/div>\n\t\t\t\t\t\t\t<div class=\"qode-specification-list-item\">\n\t\t\t\t\t<span class=\"qode-specification-list-item-label\">\n\t\t\t\t\t\tDureza del sustrato\t\t\t\t\t<\/span>\n\t\t\t\t\t<span class=\"qode-specification-list-item-value\">\n\t\t\t\t\t\tM\u00e1s de 1300 HV\t\t\t\t\t<\/span>\n\t\t\t\t<\/div>\n\t\t\t\t\t\t\t<div class=\"qode-specification-list-item\">\n\t\t\t\t\t<span class=\"qode-specification-list-item-label\">\n\t\t\t\t\t\tRevestimiento de conductos\t\t\t\t\t<\/span>\n\t\t\t\t\t<span class=\"qode-specification-list-item-value\">\n\t\t\t\t\t\tDiamante PVD sobre CrN\t\t\t\t\t<\/span>\n\t\t\t\t<\/div>\n\t\t\t\t\t\t\t<div class=\"qode-specification-list-item\">\n\t\t\t\t\t<span class=\"qode-specification-list-item-label\">\n\t\t\t\t\t\tDureza del revestimiento\t\t\t\t\t<\/span>\n\t\t\t\t\t<span class=\"qode-specification-list-item-value\">\n\t\t\t\t\t\tHasta 6500 HV\t\t\t\t\t<\/span>\n\t\t\t\t<\/div>\n\t\t\t\t\t\t\t<div class=\"qode-specification-list-item\">\n\t\t\t\t\t<span class=\"qode-specification-list-item-label\">\n\t\t\t\t\t\tCoeficiente de fricci\u00f3n\t\t\t\t\t<\/span>\n\t\t\t\t\t<span class=\"qode-specification-list-item-value\">\n\t\t\t\t\t\t0.1\t\t\t\t\t<\/span>\n\t\t\t\t<\/div>\n\t\t\t\t\t\t\t<div class=\"qode-specification-list-item\">\n\t\t\t\t\t<span class=\"qode-specification-list-item-label\">\n\t\t\t\t\t\tTwinDamp\u2122\t\t\t\t\t<\/span>\n\t\t\t\t\t<span class=\"qode-specification-list-item-value\">\n\t\t\t\t\t\tS\u00ed\t\t\t\t\t<\/span>\n\t\t\t\t<\/div>\n\t\t\t\t\t<\/div>\n\t<\/div>\n\t<\/div>[\/vc_column_inner][\/vc_row_inner][\/vc_column][vc_column width=\u00bb1\/6&#8243; offset=\u00bbvc_hidden-md vc_hidden-sm vc_hidden-xs\u00bb][\/vc_column][\/vc_row][vc_row css_animation=\u00bb\u00bb row_type=\u00bbrow\u00bb use_row_as_full_screen_section=\u00bbno\u00bb type=\u00bbfull_width\u00bb angled_section=\u00bbno\u00bb text_align=\u00bbleft\u00bb background_image_as_pattern=\u00bbwithout_pattern\u00bb css=\u00bb.vc_custom_1729641871582{margin-bottom: 100px !important;}\u00bb z_index=\u00bb\u00bb el_class=\u00bbmain-row\u00bb][vc_column el_class=\u00bbsection-vert-align-left\u00bb offset=\u00bbvc_col-lg-8 vc_col-md-7 vc_col-xs-12&#8243;][vc_column_text css=\u00bb.vc_custom_1709745744324{padding-top: 20px !important;}\u00bb el_class=\u00bbsection-text section-text-img-right\u00bb]<\/p>\n<h5>Adici\u00f3n de nanoinsertos en la base de carburo<\/h5>\n<p>El inserto roscado est\u00e1ndar del centro de la base de carburo y del pie de microbase de carburo puede sustituirse por un inserto Nano. La parte superior del inserto Nano sobresale por encima de la parte superior del pie para entrar en contacto directo con la parte inferior del equipo. <\/p>\n<p>&nbsp;<\/p>\n<p>El peso m\u00e1ximo de soporte del pie, independientemente del ViscoRing\u2122 instalado, ser\u00e1 entonces de 55 kg (121 lbs). Esto tambi\u00e9n renuncia a la posibilidad de atornillar los pies a los equipos y aceptar la punta de un pico de altavoz. Cuando se instalen insertos Nano deben utilizarse al menos 3 pies.  <\/p>\n<p>&nbsp;<\/p>\n<p>Los nanoinsertos pueden combinarse con los insertos base de zafiro y de carburo de diamante para mejorar a\u00fan m\u00e1s el aislamiento.[\/vc_column_text][\/vc_column][vc_column el_class=\u00bbsection-img-right\u00bb offset=\u00bbvc_col-lg-4 vc_col-md-5 vc_col-xs-12&#8243;][vc_single_image image=\u00bb28295&#8243; img_size=\u00bbfull\u00bb alignment=\u00bbcenter\u00bb onclick=\u00bblink_image\u00bb qode_css_animation=\u00bb\u00bb el_class=\u00bbexploded-img\u00bb][\/vc_column][\/vc_row][vc_row css_animation=\u00bb\u00bb row_type=\u00bbrow\u00bb use_row_as_full_screen_section=\u00bbno\u00bb type=\u00bbfull_width\u00bb angled_section=\u00bbno\u00bb text_align=\u00bbleft\u00bb background_image_as_pattern=\u00bbwithout_pattern\u00bb][vc_column el_class=\u00bbupper-angle-polygon\u00bb][vc_raw_html]PHN2ZyB2aWV3Ym94PSIwIDAgMTAwIDYiIGNsYXNzPSJzbW9vdGgtYWxsIiBzdHlsZT0iIj4KICAgICAgICA8cG9seWdvbiBwb2ludHM9IjAsMyA0MCw1IDEwMCwxLjUgMTAwLDYgMCw2IiBzdHlsZT0iZmlsbDogIzQxNDE0MTsiLz4KICAgICAgICA8cG9seWdvbiBwb2ludHM9IjAsMCA0MSw0LjUgMTAwLDAgMTAwLDYgMCw2IiBzdHlsZT0iZmlsbDogIzQxNDE0MThmOyIvPgo8L3N2Zz4=[\/vc_raw_html][\/vc_column][\/vc_row]<\/p>\n<\/div>","protected":false},"excerpt":{"rendered":"<p>[vc_row css_animation=\u00bb\u00bb row_type=\u00bbrow\u00bb use_row_as_full_screen_section=\u00bbno\u00bb type=\u00bbfull_width\u00bb angled_section=\u00bbno\u00bb text_align=\u00bbleft\u00bb background_image_as_pattern=\u00bbwithout_pattern\u00bb][vc_column el_class=\u00bblower-angle-polygon\u00bb][vc_raw_html css=\u00bb\u00bb]PHN2ZyB2aWV3Ym94PSIwIDAgMTAwIDYiIGNsYXNzPSJzbW9vdGgtYWxsIiBzdHlsZT0iIj4KICAgICAgICAgICAgPHBvbHlnb24gcG9pbnRzPSIwLDUgMCwwIDEwMCwwIDEwMCw0IDY5LDEuNSIgc3R5bGU9ImZpbGw6ICM0MTQxNDE4ZjsiLz4KICAgICAgICAgICAgPHBvbHlnb24gcG9pbnRzPSIwLDMgMCwwIDEwMCwwIDEwMCwyIDcwLDEiIHN0eWxlPSJmaWxsOiAjNDE0MTQxOyIvPiAgCjwvc3ZnPg==[\/vc_raw_html][\/vc_column][\/vc_row][vc_row css_animation=\u00bb\u00bb row_type=\u00bbrow\u00bb use_row_as_full_screen_section=\u00bbno\u00bb type=\u00bbfull_width\u00bb angled_section=\u00bbno\u00bb text_align=\u00bbleft\u00bb background_image_as_pattern=\u00bbwithout_pattern\u00bb el_class=\u00bbmain-row\u00bb z_index=\u00bb\u00bb css=\u00bb.vc_custom_1746748754429{padding-top: 100px !important;}\u00bb][vc_column width=\u00bb1\/6&#8243; offset=\u00bbvc_hidden-md vc_hidden-sm vc_hidden-xs\u00bb][\/vc_column][vc_column offset=\u00bbvc_col-lg-8 vc_col-md-12 vc_col-xs-12&#8243; el_class=\u00bbproduct-center-col product-images\u00bb][vc_column_text css=\u00bb\u00bb el_class=\u00bbsection-text\u00bb] Insertos de carburo base Un inserto de base de carburo puede sustituir&#8230;<\/p>\n","protected":false},"author":1,"featured_media":0,"parent":10067,"menu_order":0,"comment_status":"closed","ping_status":"closed","template":"","meta":{"editor_plus_copied_stylings":"{}","_monsterinsights_skip_tracking":false,"_monsterinsights_sitenote_active":false,"_monsterinsights_sitenote_note":"","_monsterinsights_sitenote_category":0,"footnotes":""},"class_list":["post-29062","page","type-page","status-publish","hentry"],"aioseo_notices":[],"_links":{"self":[{"href":"https:\/\/carbide.audio\/es\/wp-json\/wp\/v2\/pages\/29062","targetHints":{"allow":["GET"]}}],"collection":[{"href":"https:\/\/carbide.audio\/es\/wp-json\/wp\/v2\/pages"}],"about":[{"href":"https:\/\/carbide.audio\/es\/wp-json\/wp\/v2\/types\/page"}],"author":[{"embeddable":true,"href":"https:\/\/carbide.audio\/es\/wp-json\/wp\/v2\/users\/1"}],"replies":[{"embeddable":true,"href":"https:\/\/carbide.audio\/es\/wp-json\/wp\/v2\/comments?post=29062"}],"version-history":[{"count":0,"href":"https:\/\/carbide.audio\/es\/wp-json\/wp\/v2\/pages\/29062\/revisions"}],"up":[{"embeddable":true,"href":"https:\/\/carbide.audio\/es\/wp-json\/wp\/v2\/pages\/10067"}],"wp:attachment":[{"href":"https:\/\/carbide.audio\/es\/wp-json\/wp\/v2\/media?parent=29062"}],"curies":[{"name":"wp","href":"https:\/\/api.w.org\/{rel}","templated":true}]}}