{"id":19474,"date":"2023-04-15T15:07:59","date_gmt":"2023-04-15T20:07:59","guid":{"rendered":"https:\/\/carbide.audio\/instrucciones-paracarbide-base\/instalacion-de-pernos\/"},"modified":"2025-06-09T21:19:42","modified_gmt":"2025-06-10T02:19:42","slug":"instalacion-de-pernos","status":"publish","type":"page","link":"https:\/\/carbide.audio\/es\/instrucciones-paracarbide-base\/instalacion-de-pernos\/","title":{"rendered":"Instalaci\u00f3n de pernos"},"content":{"rendered":"<div class=\"wpb-content-wrapper\"><p>[vc_row css_animation=\u00bb\u00bb row_type=\u00bbrow\u00bb use_row_as_full_screen_section=\u00bbno\u00bb type=\u00bbfull_width\u00bb angled_section=\u00bbno\u00bb text_align=\u00bbleft\u00bb background_image_as_pattern=\u00bbwithout_pattern\u00bb][vc_column el_class=\u00bblower-angle-polygon\u00bb][vc_raw_html css=\u00bb\u00bb]PHN2ZyB2aWV3Ym94PSIwIDAgMTAwIDYiIGNsYXNzPSJzbW9vdGgtYWxsIiBzdHlsZT0iIj4KICAgICAgICAgICAgPHBvbHlnb24gcG9pbnRzPSIwLDUgMCwwIDEwMCwwIDEwMCw0IDY5LDEuNSIgc3R5bGU9ImZpbGw6ICM0MTQxNDE4ZjsiLz4KICAgICAgICAgICAgPHBvbHlnb24gcG9pbnRzPSIwLDMgMCwwIDEwMCwwIDEwMCwyIDcwLDEiIHN0eWxlPSJmaWxsOiAjNDE0MTQxOyIvPiAgCjwvc3ZnPg==[\/vc_raw_html][\/vc_column][\/vc_row][vc_row css_animation=\u00bb\u00bb row_type=\u00bbrow\u00bb use_row_as_full_screen_section=\u00bbno\u00bb type=\u00bbfull_width\u00bb angled_section=\u00bbno\u00bb text_align=\u00bbleft\u00bb background_image_as_pattern=\u00bbwithout_pattern\u00bb el_id=\u00bbinstalaci\u00f3n-pernos\u00bb z_index=\u00bb\u00bb el_class=\u00bbinstruction-section\u00bb css=\u00bb.vc_custom_1746748802029{padding-top: 100px !important;}\u00bb][vc_column width=\u00bb1\/6&#8243; offset=\u00bbvc_hidden-md vc_hidden-sm vc_hidden-xs\u00bb][\/vc_column][vc_column offset=\u00bbvc_col-lg-8 vc_col-xs-12&#8243;][vc_column_text el_class=\u00bbsection-text\u00bb]<\/p>\n<h1>Instalaci\u00f3n de pernos para altavoces<\/h1>\n<p>Instrucciones para instalar los pernos en el pie de la base de carburo. Esto permite que el pie de base de carburo se atornille a los altavoces y equipos en lugar de los picos o pies de base de stock. <\/p>\n<p>&nbsp;<\/p>\n<p>Hay disponible un <a href=\"https:\/\/carbide.audio\/es\/producto\/footer-bolt-kit\/\">kit de per<\/a> nos que incluye los tama\u00f1os de pernos m\u00e1s comunes en sistema m\u00e9trico o imperial. Se puede utilizar cualquier tornillo m\u00e9trico est\u00e1ndar DIN 963A disponible habitualmente de M4 a M10 o tornillos imperiales est\u00e1ndar ANSI B18.6.3 de #8-32 a 1\/2\u2033-13.<\/p>\n<p>&nbsp;<\/p>\n<p>Este m\u00e9todo de montaje es opcional. Un rendimiento similar es posible simplemente colocando la punta de una p\u00faa de altavoz en el orificio de la parte superior central del pie.[\/vc_column_text][vc_row_inner row_type=\u00bbrow\u00bb type=\u00bbfull_width\u00bb text_align=\u00bbleft\u00bb css_animation=\u00bb\u00bb][vc_column_inner width=\u00bb1\/2&#8243;][vc_single_image image=\u00bb18105&#8243; img_size=\u00bbfull\u00bb alignment=\u00bbcenter\u00bb qode_css_animation=\u00bb\u00bb][\/vc_column_inner][vc_column_inner el_class=\u00bbinstruction-steps\u00bb width=\u00bb1\/2&#8243;][vc_raw_html]PHA+PHNwYW4gY2xhc3M9Imluc3RydWN0aW9uLW51bWJlciI+MTwvc3Bhbj4gSW50cm9kdXpjYSBlbCBkZXN0b3JuaWxsYWRvciBwbGFubyBzdW1pbmlzdHJhZG8gZW4gbG9zIDMgb3JpZmljaW9zIHN1cGVyaW9yZXMgeSBkZXNhdG9ybmlsbGUgbG9zIHBlcm5vcyBhbG9qYWRvcyBlbiBzdSBpbnRlcmlvci4gPGVtPk5vdGE6PC9lbT4gVW5hIHZleiB0b3RhbG1lbnRlIGRlc2F0b3JuaWxsYWRvcywgbG9zIHBlcm5vcyBxdWVkYXLDoW4gZGViYWpvIGRlIGxhIHBhcnRlIHN1cGVyaW9yIGRlIGFjZXJvIGlub3hpZGFibGUuPC9wPg==[\/vc_raw_html][\/vc_column_inner][\/vc_row_inner][vc_row_inner row_type=\u00bbrow\u00bb type=\u00bbfull_width\u00bb text_align=\u00bbleft\u00bb css_animation=\u00bb\u00bb][vc_column_inner width=\u00bb1\/2&#8243;][vc_single_image image=\u00bb18149&#8243; img_size=\u00bbfull\u00bb alignment=\u00bbcenter\u00bb qode_css_animation=\u00bb\u00bb][\/vc_column_inner][vc_column_inner el_class=\u00bbinstruction-steps\u00bb width=\u00bb1\/2&#8243;][vc_raw_html css=\u00bb\u00bb]PHA+CjxzcGFuIGNsYXNzPSJpbnN0cnVjdGlvbi1udW1iZXIiPjI8L3NwYW4+IFNlcGFyZSBoYWNpZW5kbyBwYWxhbmNhIGxhcyBwYXJ0ZXMgc3VwZXJpb3IgZSBpbmZlcmlvciBwYXJhIGFjY2VkZXIgYSBsYSBwYXJ0ZSBpbmZlcmlvciBkZSBsYSBjYXJjYXNhIHN1cGVyaW9yLiBUZW5nYSBwYWNpZW5jaWEgYWwgaGFjZXIgcGFsYW5jYSBwYXJhIHNlcGFyYXJsYXMgeWEgcXVlIGVsIFZpc2NvUmluZ+KEoiBwdWVkZSB2b2x2ZXJzZSBwZWdham9zbyB5IHRhcmRhciBlbiBzZXBhcmFyc2UuICAgPHN0cm9uZz5EZXNlbnJvc3F1ZSBwYXJjaWFsbWVudGUgbGEgcGFydGUgaW5mZXJpb3IgZGVsIHBpZSBwYXJhIGF1bWVudGFyIGxhIHBhbGFuY2EgZGUgYXBhbGFuY2FtaWVudG8uPC9zdHJvbmc+CjwvcD4KCjxwPgogCjwvcD4KCjxwPgo8c3BhbiBjbGFzcz0iaW5zdHJ1Y3Rpb24tbnVtYmVyIj4zPC9zcGFuPiBJbnRyb2R1emNhIGVsIGRlc3Rvcm5pbGxhZG9yIHN1bWluaXN0cmFkbyBlbiBsYSByYW51cmEgZGVsIHJldGVuZWRvciBkZWwgcGVybm8gcm9zY2FkbyBlbiBsYSBwYXJ0ZSBpbmZlcmlvciBjZW50cmFsIGRlIGxhIGNhcmNhc2EuCjwvcD4=[\/vc_raw_html][\/vc_column_inner][\/vc_row_inner][vc_row_inner row_type=\u00bbrow\u00bb type=\u00bbfull_width\u00bb text_align=\u00bbleft\u00bb css_animation=\u00bb\u00bb][vc_column_inner width=\u00bb1\/2&#8243;][vc_single_image image=\u00bb18159&#8243; img_size=\u00bbfull\u00bb alignment=\u00bbcenter\u00bb qode_css_animation=\u00bb\u00bb][\/vc_column_inner][vc_column_inner el_class=\u00bbinstruction-steps\u00bb width=\u00bb1\/2&#8243;][vc_raw_html]PHA+CjxzcGFuIGNsYXNzPSJpbnN0cnVjdGlvbi1udW1iZXIiPjQ8L3NwYW4+IERlc2Vucm9zcXVlIGVsIHJldMOpbiBkZWwgcGVybm8geSBkw6lqZWxvIGEgdW4gbGFkby4gRGV0ZXJtaW5lIHF1w6kgcGVybm8gZGViZSB1dGlsaXphciBhdG9ybmlsbMOhbmRvbG8gYSBtYW5vIGVuIGVsIG9yaWZpY2lvIGFiaWVydG8gZGUgbGEgcGFydGUgaW5mZXJpb3IgZGUgc3UgZXF1aXBvIGRlIGF1ZGlvIG8gYWx0YXZvei4gCjwvcD4KCjxwPgogCjwvcD4KCjxwPgo8c3BhbiBjbGFzcz0iaW5zdHJ1Y3Rpb24tbnVtYmVyIj41PC9zcGFuPiA8ZW0+KE9wY2lvbmFsKTwvZW0+IFNpIGVsIHBlcm5vIGVzIGRlbWFzaWFkbyBncmFuZGUgcGFyYSBsYSBhYmVydHVyYSBkZSBsYSBhcmFuZGVsYSBkZSBueWxvbiBuZWdyYSwgcmV0w61yZWxvIGVtcHVqw6FuZG9sbyBoYWNpYSBhYmFqbyBkZXNkZSBlbCBsYWRvIHN1cGVyaW9yLiBQYXJhIHRvcm5pbGxvcyBtw6FzIHBlcXVlw7FvcyBkZSB0YW1hw7FvIE00LCBNNiwgIzgtMzIsIG8gMS80Ii0yMCBkZWplIGxhIGFyYW5kZWxhIGRlIG55bG9uIGVuIHN1IGx1Z2FyLiAKPC9wPg==[\/vc_raw_html][\/vc_column_inner][\/vc_row_inner][vc_row_inner row_type=\u00bbrow\u00bb type=\u00bbfull_width\u00bb text_align=\u00bbleft\u00bb css_animation=\u00bb\u00bb][vc_column_inner width=\u00bb1\/2&#8243;][vc_single_image image=\u00bb18169&#8243; img_size=\u00bbfull\u00bb alignment=\u00bbcenter\u00bb qode_css_animation=\u00bb\u00bb][\/vc_column_inner][vc_column_inner el_class=\u00bbinstruction-steps\u00bb width=\u00bb1\/2&#8243;][vc_raw_html]PHA+CjxzcGFuIGNsYXNzPSJpbnN0cnVjdGlvbi1udW1iZXIiPjY8L3NwYW4+IEludHJvZHV6Y2EgZWwgdG9ybmlsbG8gZGVzZWFkbyBlbiBsYSBwYXJ0ZSBpbmZlcmlvciBkZSBsYSBjYXJjYXNhLiBNaWVudHJhcyBzdWpldGEgZWwgcGVybm8gZW4gc3Ugc2l0aW8gZGVzZGUgbGEgcGFydGUgc3VwZXJpb3IgZGVsIHBpZSwgYXRvcm5pbGxlIDxlbT5maXJtZW1lbnRlPC9lbT4gZWwgcmV0ZW5lZG9yIGRlbCBwZXJubyBzaXR1YWRvIGRldHLDoXMuIEFzZWfDunJlc2UgZGUgcXVlIGVsIHBlcm5vIG5vIHNlIHR1ZXJjZSBlbiBzdSBzaXRpby4gPGVtPk5vdGE6PC9lbT4gU2kgZWwgcGVybm8gc2UgYWZsb2phIGFsZ3VuYSB2ZXosIGRlc2Vucm9zcXVlIGNvbXBsZXRhbWVudGUgeSByZXRpcmUgbGEgcGFydGUgaW5mZXJpb3IgZGVsIHBpZSBkZSBhcG95by4gVnVlbHZhIGEgYXByZXRhciBlbCByZXRlbmVkb3IgZGVsIHBlcm5vIHBhc2FuZG8gZWwgZGVzdG9ybmlsbGFkb3IgaGFjaWEgYXJyaWJhIHBvciBlbCBvcmlmaWNpbyBjZW50cmFsIGRlIGxhIHBhcnRlIGluZmVyaW9yIGRlbCBwaWUuICAgCjwvcD4=[\/vc_raw_html][\/vc_column_inner][\/vc_row_inner][vc_row_inner row_type=\u00bbrow\u00bb type=\u00bbfull_width\u00bb text_align=\u00bbleft\u00bb css_animation=\u00bb\u00bb][vc_column_inner width=\u00bb1\/2&#8243;][vc_single_image image=\u00bb18179&#8243; img_size=\u00bbfull\u00bb alignment=\u00bbcenter\u00bb qode_css_animation=\u00bb\u00bb][\/vc_column_inner][vc_column_inner el_class=\u00bbinstruction-steps\u00bb width=\u00bb1\/2&#8243;][vc_raw_html css=\u00bb\u00bb]PHA+CjxzcGFuIGNsYXNzPSJpbnN0cnVjdGlvbi1udW1iZXIiPjc8L3NwYW4+IEFzaWVudGUgZWwgVmlzY29SaW5n4oSiIGVuIGVsIHJlYmFqZSBkZSBsYSBwYXJ0ZSBpbmZlcmlvciBkZSBhY2VybyBpbm94aWRhYmxlLiBBbGluZWUgbG9zIG9yaWZpY2lvcyBzdXBlcmlvcmVzIGRlIGxhIHBhcnRlIHN1cGVyaW9yIGNvbiBsb3Mgb3JpZmljaW9zIHJvc2NhZG9zIGRlIGxhIHBhcnRlIHN1cGVyaW9yIGRlIGxhIHBhcnRlIGluZmVyaW9yLiBDb24gbG9zIHBlcm5vcyBkZSBsYSBwYXJ0ZSBpbmZlcmlvciBkZSBsYSBjYXJjYXNhIG9yaWVudGFkb3MgaGFjaWEgYWJham8sIHByZXNpb25lIGxhIHBhcnRlIHN1cGVyaW9yIGhhY2lhIGFiYWpvIHNvYnJlIGxhIHBhcnRlIHN1cGVyaW9yIGRlIFZpc2NvUmluZ+KEoiB5IGxhIHBhcnRlIGluZmVyaW9yLiBJbnRyb2R1emNhIGVsIGRlc3Rvcm5pbGxhZG9yIGVuIGxvcyBvcmlmaWNpb3Mgc3VwZXJpb3JlcyB5IGFwcmlldGUgbG9zIHBlcm5vcyBhbG9qYWRvcyBlbiBzdSBpbnRlcmlvci4gIDxzdHJvbmc+U2kgbG9zIHBlcm5vcyBzaWd1ZW4gc2luIGFsaW5lYXJzZSBjb24gc3VzIGFndWplcm9zLCByZXRpcmUgbGEgcGFydGUgc3VwZXJpb3IgeSB2dWVsdmEgYSBpbnRlbnRhcmxvLjwvc3Ryb25nPgo8L3A+[\/vc_raw_html][\/vc_column_inner][\/vc_row_inner][vc_row_inner row_type=\u00bbrow\u00bb type=\u00bbfull_width\u00bb text_align=\u00bbleft\u00bb css_animation=\u00bb\u00bb][vc_column_inner width=\u00bb1\/2&#8243;][vc_single_image image=\u00bb18189&#8243; img_size=\u00bbfull\u00bb alignment=\u00bbcenter\u00bb qode_css_animation=\u00bb\u00bb][\/vc_column_inner][vc_column_inner el_class=\u00bbinstruction-steps\u00bb width=\u00bb1\/2&#8243;][vc_raw_html]PHA+CjxzcGFuIGNsYXNzPSJpbnN0cnVjdGlvbi1udW1iZXIiPjg8L3NwYW4+IEF0b3JuaWxsZSBlbCBwaWUgQ2FyYmlkZSBCYXNlIGVuIGxvcyBvcmlmaWNpb3Mgcm9zY2Fkb3MgZGUgbGEgcGFydGUgaW5mZXJpb3IgZGVsIGVxdWlwbyBvIGFsdGF2b3ouCjwvcD4=[\/vc_raw_html][\/vc_column_inner][\/vc_row_inner][\/vc_column][vc_column width=\u00bb1\/6&#8243; offset=\u00bbvc_hidden-md vc_hidden-sm vc_hidden-xs\u00bb][\/vc_column][\/vc_row][vc_row css_animation=\u00bb\u00bb row_type=\u00bbrow\u00bb use_row_as_full_screen_section=\u00bbno\u00bb type=\u00bbfull_width\u00bb angled_section=\u00bbno\u00bb text_align=\u00bbleft\u00bb background_image_as_pattern=\u00bbwithout_pattern\u00bb el_class=\u00bbinstruction-page\u00bb z_index=\u00bb\u00bb][vc_column el_class=\u00bblower-angle-polygon\u00bb][vc_raw_html]PHN2ZyB2aWV3Ym94PSIwIDAgMTAwIDYiIGNsYXNzPSJzbW9vdGgtYWxsIiBzdHlsZT0iIj4KICAgICAgICA8cG9seWdvbiBwb2ludHM9IjAsMyAwLDAgMTAwLDAgMTAwLDIgNzAsMSIgc3R5bGU9ImZpbGw6ICNmZmZmZmY7Ii8+CiAgICAgICAgPHBvbHlnb24gcG9pbnRzPSIwLDUgMCwwIDEwMCwwIDEwMCw0IDY5LDEuNSIgc3R5bGU9ImZpbGw6ICNmZmZmZmY4ZjsiLz4KPC9zdmc+[\/vc_raw_html][\/vc_column][\/vc_row]<\/p>\n<\/div>","protected":false},"excerpt":{"rendered":"<p>[vc_row css_animation=\u00bb\u00bb row_type=\u00bbrow\u00bb use_row_as_full_screen_section=\u00bbno\u00bb type=\u00bbfull_width\u00bb angled_section=\u00bbno\u00bb text_align=\u00bbleft\u00bb background_image_as_pattern=\u00bbwithout_pattern\u00bb][vc_column el_class=\u00bblower-angle-polygon\u00bb][vc_raw_html css=\u00bb\u00bb]PHN2ZyB2aWV3Ym94PSIwIDAgMTAwIDYiIGNsYXNzPSJzbW9vdGgtYWxsIiBzdHlsZT0iIj4KICAgICAgICAgICAgPHBvbHlnb24gcG9pbnRzPSIwLDUgMCwwIDEwMCwwIDEwMCw0IDY5LDEuNSIgc3R5bGU9ImZpbGw6ICM0MTQxNDE4ZjsiLz4KICAgICAgICAgICAgPHBvbHlnb24gcG9pbnRzPSIwLDMgMCwwIDEwMCwwIDEwMCwyIDcwLDEiIHN0eWxlPSJmaWxsOiAjNDE0MTQxOyIvPiAgCjwvc3ZnPg==[\/vc_raw_html][\/vc_column][\/vc_row][vc_row css_animation=\u00bb\u00bb row_type=\u00bbrow\u00bb use_row_as_full_screen_section=\u00bbno\u00bb type=\u00bbfull_width\u00bb angled_section=\u00bbno\u00bb text_align=\u00bbleft\u00bb background_image_as_pattern=\u00bbwithout_pattern\u00bb el_id=\u00bbinstalaci\u00f3n-pernos\u00bb z_index=\u00bb\u00bb el_class=\u00bbinstruction-section\u00bb css=\u00bb.vc_custom_1746748802029{padding-top: 100px !important;}\u00bb][vc_column width=\u00bb1\/6&#8243; offset=\u00bbvc_hidden-md vc_hidden-sm vc_hidden-xs\u00bb][\/vc_column][vc_column offset=\u00bbvc_col-lg-8 vc_col-xs-12&#8243;][vc_column_text el_class=\u00bbsection-text\u00bb] Instalaci\u00f3n de pernos para altavoces Instrucciones para instalar los pernos en el pie de la&#8230;<\/p>\n","protected":false},"author":1,"featured_media":0,"parent":7163,"menu_order":0,"comment_status":"closed","ping_status":"closed","template":"","meta":{"editor_plus_copied_stylings":"{}","_monsterinsights_skip_tracking":false,"_monsterinsights_sitenote_active":false,"_monsterinsights_sitenote_note":"","_monsterinsights_sitenote_category":0,"footnotes":""},"class_list":["post-19474","page","type-page","status-publish","hentry"],"aioseo_notices":[],"_links":{"self":[{"href":"https:\/\/carbide.audio\/es\/wp-json\/wp\/v2\/pages\/19474","targetHints":{"allow":["GET"]}}],"collection":[{"href":"https:\/\/carbide.audio\/es\/wp-json\/wp\/v2\/pages"}],"about":[{"href":"https:\/\/carbide.audio\/es\/wp-json\/wp\/v2\/types\/page"}],"author":[{"embeddable":true,"href":"https:\/\/carbide.audio\/es\/wp-json\/wp\/v2\/users\/1"}],"replies":[{"embeddable":true,"href":"https:\/\/carbide.audio\/es\/wp-json\/wp\/v2\/comments?post=19474"}],"version-history":[{"count":0,"href":"https:\/\/carbide.audio\/es\/wp-json\/wp\/v2\/pages\/19474\/revisions"}],"up":[{"embeddable":true,"href":"https:\/\/carbide.audio\/es\/wp-json\/wp\/v2\/pages\/7163"}],"wp:attachment":[{"href":"https:\/\/carbide.audio\/es\/wp-json\/wp\/v2\/media?parent=19474"}],"curies":[{"name":"wp","href":"https:\/\/api.w.org\/{rel}","templated":true}]}}