{"id":18922,"date":"2023-05-18T07:01:34","date_gmt":"2023-05-18T12:01:34","guid":{"rendered":"https:\/\/carbide.audio\/medidas\/disipacion-de-las-vibraciones-mediante-pies-de-carbide-base\/"},"modified":"2025-05-09T11:33:24","modified_gmt":"2025-05-09T16:33:24","slug":"disipacion-de-las-vibraciones-mediante-pies-de-carbide-base","status":"publish","type":"page","link":"https:\/\/carbide.audio\/es\/medidas\/disipacion-de-las-vibraciones-mediante-pies-de-carbide-base\/","title":{"rendered":"Disipaci\u00f3n de vibraciones mediante pies de base de carburo"},"content":{"rendered":"<div class=\"wpb-content-wrapper\"><p>[vc_row css_animation=\u00bb\u00bb row_type=\u00bbrow\u00bb use_row_as_full_screen_section=\u00bbno\u00bb type=\u00bbfull_width\u00bb angled_section=\u00bbno\u00bb text_align=\u00bbleft\u00bb background_image_as_pattern=\u00bbwithout_pattern\u00bb][vc_column el_class=\u00bblower-angle-polygon\u00bb][vc_raw_html css=\u00bb\u00bb]PHN2ZyB2aWV3Ym94PSIwIDAgMTAwIDYiIGNsYXNzPSJzbW9vdGgtYWxsIiBzdHlsZT0iIj4KICAgICAgICAgICAgPHBvbHlnb24gcG9pbnRzPSIwLDUgMCwwIDEwMCwwIDEwMCw0IDY5LDEuNSIgc3R5bGU9ImZpbGw6ICM0MTQxNDE4ZjsiLz4KICAgICAgICAgICAgPHBvbHlnb24gcG9pbnRzPSIwLDMgMCwwIDEwMCwwIDEwMCwyIDcwLDEiIHN0eWxlPSJmaWxsOiAjNDE0MTQxOyIvPiAgCjwvc3ZnPg==[\/vc_raw_html][\/vc_column][\/vc_row][vc_row css_animation=\u00bb\u00bb row_type=\u00bbrow\u00bb use_row_as_full_screen_section=\u00bbno\u00bb type=\u00bbfull_width\u00bb angled_section=\u00bbno\u00bb text_align=\u00bbleft\u00bb background_image_as_pattern=\u00bbwithout_pattern\u00bb z_index=\u00bb\u00bb el_class=\u00bbmain-row\u00bb css=\u00bb.vc_custom_1746750016097{padding-top: 120px !important;}\u00bb][vc_column width=\u00bb1\/6&#8243;][\/vc_column][vc_column width=\u00bb2\/3&#8243; el_class=\u00bbcenter-column\u00bb][vc_column_text css=\u00bb.vc_custom_1684410292398{margin-bottom: 30px !important;}\u00bb]<\/p>\n<h1>Disipaci\u00f3n de vibraciones mediante pies de base de carburo<\/h1>\n<p>&nbsp;<\/p>\n<p>Se sabe que el recinto de un altavoz contribuye significativamente al sonido total radiado en sus frecuencias de resonancia m\u00e1s bajas<a class=\"cite-style\" href=\"#cite-1-1\">[1]<\/a>. Aunque la velocidad de la superficie de los paneles de un altavoz es peque\u00f1a, los paneles irradian con una eficiencia muchas veces mayor que la de los transductores. Esto se debe a la gran superficie radiante de los paneles en relaci\u00f3n con la superficie radiante de los transductores. El sonido que se irradia desde los paneles de la caja puede provocar una distorsi\u00f3n audible y debe ser mitigado. La amortiguaci\u00f3n de los paneles del recinto es una forma eficaz de reducir la amplitud de las resonancias<a class=\"cite-style\" href=\"#cite-1-2\">[2]<\/a>.<\/p>\n<p>&nbsp;<\/p>\n<p>El objetivo de este experimento era determinar si la colocaci\u00f3n de <a href=\"https:\/\/www.carbide.audio\/product\/carbide-base\/\">Carbide Base<\/a> pies debajo de un altavoz pod\u00eda reducir las resonancias de baja frecuencia dentro de los paneles del recinto del altavoz. La reducci\u00f3n de las resonancias de los paneles ayudar\u00eda a cuantificar la mejora en la disipaci\u00f3n de las vibraciones proporcionada por los pies de p\u00e1gina. Esta mejora se comparar\u00eda con el caso base de una caja ac\u00fastica asentada sobre picos de acero en un suelo de hormig\u00f3n.[\/vc_column_text][vc_column_text]<\/p>\n<h3>Altavoz de prueba<\/h3>\n<p>Para realizar las pruebas de vibraci\u00f3n, primero construimos un recinto de altavoces de prueba. La carcasa se fabric\u00f3 con l\u00e1minas de polietileno de alta densidad (HDPE), con paneles de 25 mm de grosor en el exterior y paneles de 50 mm de grosor en el interior. Se montaron dos woofers Accuton AS250-6-552 de 250 mm (10 pulgadas) en lados opuestos del recinto. El recinto fue sellado con un volumen interno de 129 litros, lo que arroja un Qtc de aproximadamente 0,64. No hab\u00eda relleno en el interior del recinto. La masa total del recinto con los woofers montados era de 83 kg (183 libras).[\/vc_column_text][vc_row_inner row_type=\u00bbrow\u00bb type=\u00bbfull_width\u00bb text_align=\u00bbleft\u00bb css_animation=\u00bb\u00bb el_class=\u00bbsection-row\u00bb][vc_column_inner offset=\u00bbvc_col-lg-4 vc_col-md-4 vc_col-xs-12&#8243;][vc_single_image image=\u00bb4141&#8243; img_size=\u00bbfull\u00bb alignment=\u00bbcenter\u00bb onclick=\u00bblink_image\u00bb qode_css_animation=\u00bb\u00bb el_class=\u00bbimg-borders\u00bb][\/vc_column_inner][vc_column_inner offset=\u00bbvc_col-lg-4 vc_col-md-4 vc_col-xs-12&#8243;][vc_single_image image=\u00bb4163&#8243; img_size=\u00bbfull\u00bb alignment=\u00bbcenter\u00bb onclick=\u00bblink_image\u00bb qode_css_animation=\u00bb\u00bb el_class=\u00bbimg-borders\u00bb][\/vc_column_inner][vc_column_inner offset=\u00bbvc_col-lg-4 vc_col-md-4 vc_col-xs-12&#8243;][vc_single_image image=\u00bb4152&#8243; img_size=\u00bbfull\u00bb alignment=\u00bbcenter\u00bb onclick=\u00bblink_image\u00bb qode_css_animation=\u00bb\u00bb el_class=\u00bbimg-borders\u00bb][\/vc_column_inner][\/vc_row_inner][vc_row_inner row_type=\u00bbrow\u00bb type=\u00bbfull_width\u00bb text_align=\u00bbleft\u00bb css_animation=\u00bb\u00bb el_class=\u00bbsection-row\u00bb][vc_column_inner offset=\u00bbvc_col-lg-3 vc_col-md-3 vc_col-xs-12&#8243;][vc_single_image image=\u00bb4119&#8243; img_size=\u00bbfull\u00bb alignment=\u00bbcenter\u00bb onclick=\u00bblink_image\u00bb qode_css_animation=\u00bb\u00bb el_class=\u00bbimg-borders\u00bb][\/vc_column_inner][vc_column_inner offset=\u00bbvc_col-lg-9 vc_col-md-9 vc_col-xs-12&#8243;][vc_column_text]<\/p>\n<h3>Medidas de disipaci\u00f3n de vibraciones<\/h3>\n<p>En nuestro experimento de disipaci\u00f3n de vibraciones, las mediciones se realizaron en los paneles exteriores del recinto del altavoz. La primera serie de mediciones se realiz\u00f3 en el centro inferior del recinto. La segunda serie de mediciones se realiz\u00f3 en la parte superior del panel lateral izquierdo a una altura de 76 cm (30 pulgadas) por encima de la parte inferior del recinto. Las mediciones se realizaron en primer lugar con la carcasa asentada sobre picos de acero en contacto directo con un suelo de hormig\u00f3n. A continuaci\u00f3n, se volvi\u00f3 a realizar la misma medici\u00f3n con el cerramiento asentado sobre Carbide Base pies.    <\/p>\n<p>&nbsp;<\/p>\n<p>Para medir las vibraciones utilizamos un sensor aceler\u00f3metro piezoel\u00e9ctrico Measurement Specialties ACH-01. El sensor se fij\u00f3 a la carcasa con cinta adhesiva de doble cara. Se reprodujo una se\u00f1al sinusoidal de barrido logar\u00edtmico de 35 Hz a 200 Hz a trav\u00e9s de los woofers y se midieron las vibraciones del panel. Se generaron gr\u00e1ficos en cascada para mostrar el decaimiento de la amplitud de las vibraciones en el tiempo.   <\/p>\n<p>&nbsp;<\/p>\n<p>Las cascadas <span style=\"color: #6496f9;\">azules<\/span> representan mediciones con el cerramiento sobre zapatas Carbide Base y las <span style=\"color: #fd6565;\">rojas<\/span> con el cerramiento sobre piquetas de acero en contacto directo con el suelo de hormig\u00f3n.[\/vc_column_text][\/vc_column_inner][\/vc_row_inner][vc_column_text]<\/p>\n<h3 style=\"text-align: center;\">Panel inferior<\/h3>\n<p>[\/vc_column_text][vc_row_inner row_type=\u00bbrow\u00bb type=\u00bbfull_width\u00bb text_align=\u00bbleft\u00bb css_animation=\u00bb\u00bb el_class=\u00bbsection-row\u00bb][vc_column_inner offset=\u00bbvc_col-lg-6 vc_col-md-6 vc_col-xs-12&#8243;][vc_single_image image=\u00bb4185&#8243; img_size=\u00bbfull\u00bb alignment=\u00bbcenter\u00bb qode_css_animation=\u00bb\u00bb][vc_column_text]<\/p>\n<h6 style=\"text-align: center;\">En los picos del suelo<\/h6>\n<p>[\/vc_column_text][\/vc_column_inner][vc_column_inner offset=\u00bbvc_col-lg-6 vc_col-md-6 vc_col-xs-12&#8243;][vc_single_image image=\u00bb4196&#8243; img_size=\u00bbfull\u00bb alignment=\u00bbcenter\u00bb qode_css_animation=\u00bb\u00bb][vc_column_text]<\/p>\n<h6 style=\"text-align: center;\">En Carbide Base Pies de p\u00e1gina<\/h6>\n<p>[\/vc_column_text][\/vc_column_inner][\/vc_row_inner][vc_column_text]<\/p>\n<h3 style=\"text-align: center;\">Panel lateral superior<\/h3>\n<p>[\/vc_column_text][vc_row_inner row_type=\u00bbrow\u00bb type=\u00bbfull_width\u00bb text_align=\u00bbleft\u00bb css_animation=\u00bb\u00bb el_class=\u00bbsection-row\u00bb][vc_column_inner offset=\u00bbvc_col-lg-6 vc_col-md-6 vc_col-xs-12&#8243;][vc_single_image image=\u00bb4207&#8243; img_size=\u00bbfull\u00bb alignment=\u00bbcenter\u00bb qode_css_animation=\u00bb\u00bb][vc_column_text]<\/p>\n<h6 style=\"text-align: center;\">En los picos del suelo<\/h6>\n<p>[\/vc_column_text][\/vc_column_inner][vc_column_inner offset=\u00bbvc_col-lg-6 vc_col-md-6 vc_col-xs-12&#8243;][vc_single_image image=\u00bb4218&#8243; img_size=\u00bbfull\u00bb alignment=\u00bbcenter\u00bb qode_css_animation=\u00bb\u00bb][vc_column_text]<\/p>\n<h6 style=\"text-align: center;\">En Carbide Base Pies de p\u00e1gina<\/h6>\n<p>[\/vc_column_text][\/vc_column_inner][\/vc_row_inner][vc_column_text el_class=\u00bbsection-row\u00bb]<\/p>\n<h3>Conclusi\u00f3n<\/h3>\n<p>Las mediciones confirmaron que las resonancias de baja frecuencia dentro de los paneles de nuestro recinto ac\u00fastico de prueba se atenuaron cuando el altavoz se coloc\u00f3 sobre pies de suelo Carbide Base en lugar de picos de suelo. Este efecto de amortiguaci\u00f3n no s\u00f3lo se produjo localmente cerca del contacto con los pies de p\u00e1gina, sino tambi\u00e9n en un lugar cercano al extremo opuesto del recinto. La amplitud y el tiempo de decaimiento de la mayor\u00eda de las resonancias presentes en ambos paneles se redujeron cuando el altavoz estaba en los pies de p\u00e1gina Carbide Base. Una excepci\u00f3n notable fue la resonancia en torno a 150 Hz, en la que se produjo una disminuci\u00f3n de la amplitud y un decaimiento inicialmente m\u00e1s r\u00e1pido, seguido de un peque\u00f1o aumento del tiempo de decaimiento por debajo de -40 dBFS. En la regi\u00f3n de frecuencias m\u00e1s bajas, donde las resonancias del recinto son m\u00e1s audibles, la amplitud de las vibraciones se redujo en algunos casos en m\u00e1s del 80%.[\/vc_column_text][vc_column_text]<\/p>\n<h3>Referencias<\/h3>\n<p><cite id=\"cite-1-1\">[1] Bastyr, K. J., y Capone, D. E. (2003). <a href=\"https:\/\/www.aes.org\/e-lib\/browse.cfm?elib=12234\">Sobre la radiaci\u00f3n ac\u00fastica de la caja ac\u00fastica de un altavoz<\/a>. <em>AES: Journal of the Audio Engineering Society<\/em>, <em>51<\/em>(4), 234-243.<\/cite><\/p>\n<p>&nbsp;<\/p>\n<p><cite id=\"cite-1-2\">[2] Juha Backman, <a href=\"https:\/\/secure.aes.org\/forum\/pubs\/conventions\/?elib=7384\">Effect of panel damping on loudspeaker enclosure vibration<\/a>, 1996, Nokia Mobile Phones, Finlandia.<\/cite>[\/vc_column_text][\/vc_column][vc_column width=\u00bb1\/6&#8243;][\/vc_column][\/vc_row][vc_row css_animation=\u00bb\u00bb row_type=\u00bbrow\u00bb use_row_as_full_screen_section=\u00bbno\u00bb type=\u00bbfull_width\u00bb angled_section=\u00bbno\u00bb text_align=\u00bbleft\u00bb background_image_as_pattern=\u00bbwithout_pattern\u00bb][vc_column el_class=\u00bblower-angle-polygon\u00bb][vc_raw_html]PHN2ZyB2aWV3Ym94PSIwIDAgMTAwIDYiIGNsYXNzPSJzbW9vdGgtYWxsIiBzdHlsZT0iIj4KICAgICAgICA8cG9seWdvbiBwb2ludHM9IjAsMyAwLDAgMTAwLDAgMTAwLDIgNzAsMSIgc3R5bGU9ImZpbGw6ICNmZmZmZmY7Ii8+CiAgICAgICAgPHBvbHlnb24gcG9pbnRzPSIwLDUgMCwwIDEwMCwwIDEwMCw0IDY5LDEuNSIgc3R5bGU9ImZpbGw6ICNmZmZmZmY4ZjsiLz4KPC9zdmc+[\/vc_raw_html][\/vc_column][\/vc_row]<\/p>\n<\/div>","protected":false},"excerpt":{"rendered":"<p>[vc_row css_animation=\u00bb\u00bb row_type=\u00bbrow\u00bb use_row_as_full_screen_section=\u00bbno\u00bb type=\u00bbfull_width\u00bb angled_section=\u00bbno\u00bb text_align=\u00bbleft\u00bb background_image_as_pattern=\u00bbwithout_pattern\u00bb][vc_column el_class=\u00bblower-angle-polygon\u00bb][vc_raw_html css=\u00bb\u00bb]PHN2ZyB2aWV3Ym94PSIwIDAgMTAwIDYiIGNsYXNzPSJzbW9vdGgtYWxsIiBzdHlsZT0iIj4KICAgICAgICAgICAgPHBvbHlnb24gcG9pbnRzPSIwLDUgMCwwIDEwMCwwIDEwMCw0IDY5LDEuNSIgc3R5bGU9ImZpbGw6ICM0MTQxNDE4ZjsiLz4KICAgICAgICAgICAgPHBvbHlnb24gcG9pbnRzPSIwLDMgMCwwIDEwMCwwIDEwMCwyIDcwLDEiIHN0eWxlPSJmaWxsOiAjNDE0MTQxOyIvPiAgCjwvc3ZnPg==[\/vc_raw_html][\/vc_column][\/vc_row][vc_row css_animation=\u00bb\u00bb row_type=\u00bbrow\u00bb use_row_as_full_screen_section=\u00bbno\u00bb type=\u00bbfull_width\u00bb angled_section=\u00bbno\u00bb text_align=\u00bbleft\u00bb background_image_as_pattern=\u00bbwithout_pattern\u00bb z_index=\u00bb\u00bb el_class=\u00bbmain-row\u00bb css=\u00bb.vc_custom_1746750016097{padding-top: 120px !important;}\u00bb][vc_column width=\u00bb1\/6&#8243;][\/vc_column][vc_column width=\u00bb2\/3&#8243; el_class=\u00bbcenter-column\u00bb][vc_column_text css=\u00bb.vc_custom_1684410292398{margin-bottom: 30px !important;}\u00bb] Disipaci\u00f3n de vibraciones mediante pies de base de carburo &nbsp; Se sabe que el recinto de un&#8230;<\/p>\n","protected":false},"author":1,"featured_media":0,"parent":7179,"menu_order":0,"comment_status":"closed","ping_status":"closed","template":"","meta":{"editor_plus_copied_stylings":"{}","_monsterinsights_skip_tracking":false,"_monsterinsights_sitenote_active":false,"_monsterinsights_sitenote_note":"","_monsterinsights_sitenote_category":0,"footnotes":""},"class_list":["post-18922","page","type-page","status-publish","hentry"],"aioseo_notices":[],"_links":{"self":[{"href":"https:\/\/carbide.audio\/es\/wp-json\/wp\/v2\/pages\/18922","targetHints":{"allow":["GET"]}}],"collection":[{"href":"https:\/\/carbide.audio\/es\/wp-json\/wp\/v2\/pages"}],"about":[{"href":"https:\/\/carbide.audio\/es\/wp-json\/wp\/v2\/types\/page"}],"author":[{"embeddable":true,"href":"https:\/\/carbide.audio\/es\/wp-json\/wp\/v2\/users\/1"}],"replies":[{"embeddable":true,"href":"https:\/\/carbide.audio\/es\/wp-json\/wp\/v2\/comments?post=18922"}],"version-history":[{"count":0,"href":"https:\/\/carbide.audio\/es\/wp-json\/wp\/v2\/pages\/18922\/revisions"}],"up":[{"embeddable":true,"href":"https:\/\/carbide.audio\/es\/wp-json\/wp\/v2\/pages\/7179"}],"wp:attachment":[{"href":"https:\/\/carbide.audio\/es\/wp-json\/wp\/v2\/media?parent=18922"}],"curies":[{"name":"wp","href":"https:\/\/api.w.org\/{rel}","templated":true}]}}