{"id":16847,"date":"2023-02-07T09:16:07","date_gmt":"2023-02-07T15:16:07","guid":{"rendered":"https:\/\/www.carbide.audio\/distribuidores\/"},"modified":"2026-04-02T08:39:26","modified_gmt":"2026-04-02T13:39:26","slug":"distribuidores","status":"publish","type":"page","link":"https:\/\/carbide.audio\/es\/distribuidores\/","title":{"rendered":"Distribuidores"},"content":{"rendered":"<div class=\"wpb-content-wrapper\"><p>[vc_row css_animation=\u00bb\u00bb row_type=\u00bbrow\u00bb use_row_as_full_screen_section=\u00bbno\u00bb type=\u00bbfull_width\u00bb angled_section=\u00bbno\u00bb text_align=\u00bbleft\u00bb background_image_as_pattern=\u00bbwithout_pattern\u00bb][vc_column el_class=\u00bblower-angle-polygon\u00bb][vc_raw_html css=\u00bb\u00bb]PHN2ZyB2aWV3Ym94PSIwIDAgMTAwIDYiIGNsYXNzPSJzbW9vdGgtYWxsIiBzdHlsZT0iIj4KICAgICAgICAgICAgPHBvbHlnb24gcG9pbnRzPSIwLDUgMCwwIDEwMCwwIDEwMCw0IDY5LDEuNSIgc3R5bGU9ImZpbGw6ICM0MTQxNDE4ZjsiLz4KICAgICAgICAgICAgPHBvbHlnb24gcG9pbnRzPSIwLDMgMCwwIDEwMCwwIDEwMCwyIDcwLDEiIHN0eWxlPSJmaWxsOiAjNDE0MTQxOyIvPiAgCjwvc3ZnPg==[\/vc_raw_html][\/vc_column][\/vc_row][vc_row css_animation=\u00bb\u00bb row_type=\u00bbrow\u00bb use_row_as_full_screen_section=\u00bbno\u00bb type=\u00bbfull_width\u00bb angled_section=\u00bbno\u00bb text_align=\u00bbleft\u00bb background_image_as_pattern=\u00bbwithout_pattern\u00bb el_class=\u00bbmain-row\u00bb z_index=\u00bb\u00bb css=\u00bb.vc_custom_1746749059291{padding-top: 120px !important;}\u00bb][vc_column width=\u00bb1\/6&#8243;][\/vc_column][vc_column width=\u00bb2\/3&#8243; el_class=\u00bbcenter-column\u00bb][vc_column_text css=\u00bb\u00bb]<\/p>\n<h1>Distribuidores y comerciantes<\/h1>\n<p>&nbsp;<\/p>\n<p>Los productos de Carbide Audio pueden adquirirse a trav\u00e9s de nuestros distribuidores y concesionarios de todo el mundo que se indican a continuaci\u00f3n.<\/p>\n<p>&nbsp;<\/p>\n<p>Tambi\u00e9n podemos realizar env\u00edos directos a cualquier punto de Norteam\u00e9rica o internacionales a pa\u00edses que no est\u00e9n representados por un distribuidor. Consulte nuestra <a href=\"https:\/\/carbide.audio\/es\/politicas\/#shipping\">Pol\u00edtica de env\u00edos<\/a> para obtener m\u00e1s detalles.[\/vc_column_text][vc_row_inner row_type=\u00bbrow\u00bb type=\u00bbfull_width\u00bb text_align=\u00bbleft\u00bb css_animation=\u00bb\u00bb el_class=\u00bbsection-text\u00bb][vc_column_inner width=\u00bb1\/4&#8243;][vc_single_image image=\u00bb27184&#8243; img_size=\u00bbfull\u00bb css=\u00bb\u00bb qode_css_animation=\u00bb\u00bb el_class=\u00bbdistributor-logo\u00bb][\/vc_column_inner][vc_column_inner width=\u00bb3\/4&#8243;][vc_column_text css=\u00bb\u00bb]<\/p>\n<h2>Europa continental<\/h2>\n<h3>DreamAudio<\/h3>\n<p>&nbsp;<\/p>\n<blockquote class=\"wp-embedded-content\" data-secret=\"WouPaXvMny\"><p><a href=\"https:\/\/dreamaudio.eu\/\">Home<\/a><\/p><\/blockquote>\n<p><iframe loading=\"lazy\" class=\"wp-embedded-content\" sandbox=\"allow-scripts\" security=\"restricted\" style=\"position: absolute; visibility: hidden;\" title=\"&#8220;Home&#8221; &#8212; Dreamaudio\" src=\"https:\/\/dreamaudio.eu\/embed\/#?secret=TSr9jPSw6j#?secret=WouPaXvMny\" data-secret=\"WouPaXvMny\" width=\"600\" height=\"338\" frameborder=\"0\" marginwidth=\"0\" marginheight=\"0\" scrolling=\"no\"><\/iframe><br \/>\nCorreo electr\u00f3nico: <a href=\"mailto:info@dreamaudio.eu\" target=\"_blank\" rel=\"noopener\">info@dreamaudio.eu<\/a><\/p>\n<p>&nbsp;<\/p>\n<h4>Viena<\/h4>\n<p><em>Josefsplatz 6,<br \/>\n1010 Wienna, Austria<\/em><\/p>\n<p>Tel\u00e9fono: <a role=\"link\" href=\"tel:436609583934\" target=\"_blank\" rel=\"noopener\">+43 660 958 3934<\/a><\/p>\n<p>&nbsp;<\/p>\n<h4>Bratislava<\/h4>\n<p><em>Rusovsk\u00e1 cesta 46<br \/>\nBratislava-Petr\u017e\u00e1lka, 851 01<\/em><\/p>\n<p>Tel\u00e9fono: <a role=\"link\" href=\"tel:4210907838806\" target=\"_blank\" rel=\"noopener\">+421 (0) 907 838 806<\/a><\/p>\n<p>&nbsp;<\/p>\n<h4>Ibiza<\/h4>\n<p><em>Carrer Salvador Camacho, 13, 07840 Santa Eul\u00e0ria des Riu,<br \/>\nIlles Balears, Espa\u00f1a<\/em><\/p>\n<p>Tel\u00e9fono: <a role=\"link\" href=\"tel:34649909536\" target=\"_blank\" rel=\"noopener\">+34649909536<\/a>[\/vc_column_text][\/vc_column_inner][\/vc_row_inner][vc_row_inner row_type=\u00bbrow\u00bb type=\u00bbfull_width\u00bb text_align=\u00bbleft\u00bb css_animation=\u00bb\u00bb el_class=\u00bbsection-text\u00bb][vc_column_inner width=\u00bb1\/4&#8243;][vc_single_image image=\u00bb43358&#8243; img_size=\u00bbfull\u00bb css=\u00bb\u00bb qode_css_animation=\u00bb\u00bb el_class=\u00bbdistributor-logo\u00bb][\/vc_column_inner][vc_column_inner width=\u00bb3\/4&#8243;][vc_column_text css=\u00bb\u00bb]<\/p>\n<h2>Reino Unido<\/h2>\n<h3>Seleccionar audio<\/h3>\n<p><em>Reino Unido<\/em><\/p>\n<p>&nbsp;<\/p>\n<p><a href=\"https:\/\/www.selectaudio.co.uk\/\">https:\/\/www.selectaudio.co.uk\/<\/a><\/p>\n<p>Correo electr\u00f3nico: <a href=\"mailto:info@selectaudio.co.uk\" target=\"_blank\" rel=\"noopener\">info@selectaudio.co.uk<\/a><\/p>\n<p>Tel\u00e9fono: <a role=\"link\" href=\"tel:4401900601954\" target=\"_blank\" rel=\"noopener\">+44(0)1900 601954<\/a>[\/vc_column_text][\/vc_column_inner][\/vc_row_inner][vc_row_inner row_type=\u00bbrow\u00bb type=\u00bbfull_width\u00bb text_align=\u00bbleft\u00bb css_animation=\u00bb\u00bb el_class=\u00bbsection-text\u00bb][vc_column_inner width=\u00bb1\/4&#8243;][vc_single_image image=\u00bb27106&#8243; img_size=\u00bbfull\u00bb css=\u00bb\u00bb qode_css_animation=\u00bb\u00bb el_class=\u00bbdistributor-logo\u00bb][\/vc_column_inner][vc_column_inner width=\u00bb3\/4&#8243;][vc_column_text]<\/p>\n<h2>China \/ Hong Kong \/ Macao<\/h2>\n<h3>Micro-New Co. Ltd. <\/h3>\n<p><em>Foshan, China<\/em><\/p>\n<p>&nbsp;<\/p>\n<p>Correo electr\u00f3nico: <a href=\"mailto:info@micro-new.com\" target=\"_blank\" rel=\"noopener\">info@micro-new.com<\/a><\/p>\n<p>Tel\u00e9fono: <a role=\"link\" href=\"tel:8613360300094\" target=\"_blank\" rel=\"noopener\">+86 13360300094<\/a>[\/vc_column_text][\/vc_column_inner][\/vc_row_inner][vc_row_inner row_type=\u00bbrow\u00bb type=\u00bbfull_width\u00bb text_align=\u00bbleft\u00bb css_animation=\u00bb\u00bb el_class=\u00bbsection-text\u00bb][vc_column_inner width=\u00bb1\/4&#8243;][vc_single_image image=\u00bb47277&#8243; img_size=\u00bbfull\u00bb css=\u00bb\u00bb qode_css_animation=\u00bb\u00bb el_class=\u00bbdistributor-logo\u00bb][\/vc_column_inner][vc_column_inner width=\u00bb3\/4&#8243;][vc_column_text css=\u00bb\u00bb]<\/p>\n<h2>Estados Unidos<\/h2>\n<h3>Rapsodia.Audio<\/h3>\n<p><em>1 Avenida South Portland<\/em><\/p>\n<p><em>Brooklyn, Nueva York 11217<\/em><\/p>\n<p>&nbsp;<\/p>\n<p><a href=\"https:\/\/rhapsody.audio\/\">https:\/\/rhapsody.audio\/<\/a><\/p>\n<p>Tel\u00e9fono: <a role=\"link\" href=\"tel:9173637423\" target=\"_blank\" rel=\"noopener\">917-363-7423<\/a>[\/vc_column_text][\/vc_column_inner][\/vc_row_inner][vc_row_inner row_type=\u00bbrow\u00bb type=\u00bbfull_width\u00bb text_align=\u00bbleft\u00bb css_animation=\u00bb\u00bb el_class=\u00bbsection-text\u00bb][vc_column_inner width=\u00bb1\/4&#8243;][vc_single_image image=\u00bb47307&#8243; img_size=\u00bbfull\u00bb css=\u00bb\u00bb qode_css_animation=\u00bb\u00bb el_class=\u00bbdistributor-logo\u00bb][\/vc_column_inner][vc_column_inner width=\u00bb3\/4&#8243;][vc_column_text css=\u00bb\u00bb]<\/p>\n<h2>Estados Unidos<\/h2>\n<h3>Euforia HiFi<\/h3>\n<p><em>Southlake, Texas 76092<\/em><\/p>\n<p>&nbsp;<\/p>\n<p><a href=\"https:\/\/euphoriahifi.com\/\">https:\/\/euphoriahifi.com\/<\/a><\/p>\n<p>Tel\u00e9fono: <a role=\"link\" href=\"tel:8177679002\" target=\"_blank\" rel=\"noopener\">817-767-9002<\/a>[\/vc_column_text][\/vc_column_inner][\/vc_row_inner][vc_row_inner row_type=\u00bbrow\u00bb type=\u00bbfull_width\u00bb text_align=\u00bbleft\u00bb css_animation=\u00bb\u00bb el_class=\u00bbsection-text\u00bb][vc_column_inner width=\u00bb1\/4&#8243;][vc_single_image image=\u00bb47292&#8243; img_size=\u00bbfull\u00bb css=\u00bb\u00bb qode_css_animation=\u00bb\u00bb el_class=\u00bbdistributor-logo\u00bb][\/vc_column_inner][vc_column_inner width=\u00bb3\/4&#8243;][vc_column_text css=\u00bb\u00bb]<\/p>\n<h2>Estados Unidos<\/h2>\n<h3>Ola de flexi\u00f3n EE.UU.<\/h3>\n<p><em>2800 North Federal Highway, Unidad #5<\/em><\/p>\n<p><em>Boca Rat\u00f3n, Florida 33431<\/em><\/p>\n<p>&nbsp;<\/p>\n<p><a href=\"https:\/\/www.bendingwaveusa.com\/\">https:\/\/www.bendingwaveusa.com\/<\/a><\/p>\n<p>Tel\u00e9fono: <a role=\"link\" href=\"tel:9545797463\" target=\"_blank\" rel=\"noopener\">954-579-7463<\/a>[\/vc_column_text][\/vc_column_inner][\/vc_row_inner][vc_row_inner row_type=\u00bbrow\u00bb type=\u00bbfull_width\u00bb text_align=\u00bbleft\u00bb css_animation=\u00bb\u00bb el_class=\u00bbsection-text\u00bb][vc_column_inner width=\u00bb1\/4&#8243;][vc_single_image image=\u00bb47322&#8243; img_size=\u00bbfull\u00bb css=\u00bb\u00bb qode_css_animation=\u00bb\u00bb el_class=\u00bbdistributor-logo\u00bb][\/vc_column_inner][vc_column_inner width=\u00bb3\/4&#8243;][vc_column_text css=\u00bb\u00bb]<\/p>\n<h2>Estados Unidos<\/h2>\n<h3>Teatro Front Row<\/h3>\n<p><em>10404 W. Ste. Rd. 84 Ste.  101<\/em><\/p>\n<p><em>Davie, Florida 33324<\/em><\/p>\n<p>&nbsp;<\/p>\n<p><a href=\"https:\/\/www.frontrowtheater.com\/\">https:\/\/www.frontrowtheater.com\/<\/a><\/p>\n<p>Tel\u00e9fono: <a role=\"link\" href=\"tel:9543518985\" target=\"_blank\" rel=\"noopener\">954-351-8985<\/a>[\/vc_column_text][\/vc_column_inner][\/vc_row_inner][vc_row_inner row_type=\u00bbrow\u00bb type=\u00bbfull_width\u00bb text_align=\u00bbleft\u00bb css_animation=\u00bb\u00bb el_class=\u00bbsection-text\u00bb][vc_column_inner width=\u00bb1\/4&#8243;][vc_single_image image=\u00bb27139&#8243; img_size=\u00bbfull\u00bb css=\u00bb\u00bb qode_css_animation=\u00bb\u00bb el_class=\u00bbdistributor-logo\u00bb][\/vc_column_inner][vc_column_inner width=\u00bb3\/4&#8243;][vc_column_text css=\u00bb\u00bb]<\/p>\n<h2>Estados Unidos<\/h2>\n<h3>Sonidos del silencio<\/h3>\n<p><i>Nashua, Nuevo Hampshire<\/i><\/p>\n<p>&nbsp;<\/p>\n<p><a href=\"http:\/\/www.soundsofsilence.com\/\">http:\/\/www.soundsofsilence.com\/<\/a><\/p>\n<p>Tel\u00e9fono: <a role=\"link\" href=\"tel:6037598323\" target=\"_blank\" rel=\"noopener\">603-759-8323<\/a>[\/vc_column_text][\/vc_column_inner][\/vc_row_inner][vc_row_inner row_type=\u00bbrow\u00bb type=\u00bbfull_width\u00bb text_align=\u00bbleft\u00bb css_animation=\u00bb\u00bb el_class=\u00bbsection-text\u00bb][vc_column_inner width=\u00bb1\/4&#8243;][vc_single_image image=\u00bb48064&#8243; img_size=\u00bbfull\u00bb css=\u00bb\u00bb qode_css_animation=\u00bb\u00bb el_class=\u00bbdistributor-logo\u00bb][\/vc_column_inner][vc_column_inner width=\u00bb3\/4&#8243;][vc_column_text css=\u00bb\u00bb]<\/p>\n<h2>Estados Unidos<\/h2>\n<h3>Audio Elation<\/h3>\n<p><i>Florencia, Montana<\/i><\/p>\n<p>&nbsp;<\/p>\n<p><a href=\"https:\/\/www.audioelation.com\/\">https:\/\/www.audioelation.com\/<\/a><\/p>\n<p>Tel\u00e9fono: <a role=\"link\" href=\"tel:4065469353\" target=\"_blank\" rel=\"noopener\">406-546-9353<\/a>[\/vc_column_text][\/vc_column_inner][\/vc_row_inner][vc_row_inner row_type=\u00bbrow\u00bb type=\u00bbfull_width\u00bb text_align=\u00bbleft\u00bb css_animation=\u00bb\u00bb el_class=\u00bbsection-text\u00bb][vc_column_inner width=\u00bb1\/4&#8243;][vc_single_image image=\u00bb48065&#8243; img_size=\u00bbfull\u00bb css=\u00bb\u00bb qode_css_animation=\u00bb\u00bb el_class=\u00bbdistributor-logo\u00bb][\/vc_column_inner][vc_column_inner width=\u00bb3\/4&#8243;][vc_column_text css=\u00bb\u00bb]<\/p>\n<h2>Estados Unidos<\/h2>\n<h3>North Coast Audio<\/h3>\n<p><i>Vermilion, Ohio<\/i><\/p>\n<p>&nbsp;<\/p>\n<p><a href=\"https:\/\/ncaudiooh.com\/\">https:\/\/ncaudiooh.com\/<\/a><\/p>\n<p>Tel\u00e9fono: <a role=\"link\" href=\"tel:4406531339\" target=\"_blank\" rel=\"noopener\">440-653-1339<\/a>[\/vc_column_text][\/vc_column_inner][\/vc_row_inner][vc_row_inner row_type=\u00bbrow\u00bb type=\u00bbfull_width\u00bb text_align=\u00bbleft\u00bb css_animation=\u00bb\u00bb el_class=\u00bbsection-text\u00bb][vc_column_inner width=\u00bb1\/4&#8243;][vc_single_image image=\u00bb27688&#8243; img_size=\u00bbfull\u00bb css=\u00bb\u00bb qode_css_animation=\u00bb\u00bb el_class=\u00bbdistributor-logo\u00bb][\/vc_column_inner][vc_column_inner width=\u00bb3\/4&#8243;][vc_column_text css=\u00bb\u00bb]<\/p>\n<h2>Canad\u00e1<\/h2>\n<h3>Massif Audio Design<\/h3>\n<p><i>Ontario, Canad\u00e1<\/i><\/p>\n<p>&nbsp;<\/p>\n<p><a href=\"https:\/\/www.massifaudiodesign.com\/\">https:\/\/www.massifaudiodesign.com\/<\/a><\/p>\n<p>Correo electr\u00f3nico: <a href=\"mailto:orders@massifaudiodesign.com\" target=\"_blank\" rel=\"noopener\">orders@massifaudiodesign.com<\/a><\/p>\n<p>Tel\u00e9fono: <a role=\"link\" href=\"tel:4164204462\" target=\"_blank\" rel=\"noopener\">416-420-4462<\/a>[\/vc_column_text][\/vc_column_inner][\/vc_row_inner][vc_row_inner row_type=\u00bbrow\u00bb type=\u00bbfull_width\u00bb text_align=\u00bbleft\u00bb css_animation=\u00bb\u00bb el_class=\u00bbsection-text\u00bb][vc_column_inner width=\u00bb1\/4&#8243;][vc_single_image image=\u00bb36859&#8243; img_size=\u00bbfull\u00bb css=\u00bb\u00bb qode_css_animation=\u00bb\u00bb el_class=\u00bbdistributor-logo\u00bb][\/vc_column_inner][vc_column_inner width=\u00bb3\/4&#8243;][vc_column_text css=\u00bb\u00bb]<\/p>\n<h2>Espa\u00f1a<\/h2>\n<h3>Elektra Hi-End<\/h3>\n<p><em>C. de Chile, 23, 6A<\/em><br \/>\n<em>Chamart\u00edn, 28016 Madrid<\/em><\/p>\n<p>&nbsp;<\/p>\n<p><a href=\"https:\/\/www.elektrahiend.com\/\">https:\/\/www.elektrahiend.com\/<\/a><\/p>\n<p>Correo electr\u00f3nico: <a href=\"info@elektrahiend.com\" target=\"_blank\" rel=\"noopener\">info@elektrahiend.com<\/a><\/p>\n<p>Tel\u00e9fono: <a role=\"link\" href=\"tel:34%20687830665\" target=\"_blank\" rel=\"noopener\">+34 687830665<\/a>[\/vc_column_text][\/vc_column_inner][\/vc_row_inner][vc_row_inner row_type=\u00bbrow\u00bb type=\u00bbfull_width\u00bb text_align=\u00bbleft\u00bb css_animation=\u00bb\u00bb el_class=\u00bbsection-text\u00bb][vc_column_inner width=\u00bb1\/4&#8243;][vc_single_image image=\u00bb27117&#8243; img_size=\u00bbfull\u00bb css=\u00bb\u00bb qode_css_animation=\u00bb\u00bb el_class=\u00bbdistributor-logo\u00bb][\/vc_column_inner][vc_column_inner width=\u00bb3\/4&#8243;][vc_column_text css=\u00bb\u00bb]<\/p>\n<h2>Taiw\u00e1n<\/h2>\n<h3>Audio YuHsiang<\/h3>\n<p>N\u00ba 238, Gongguan Rd., West Dist., Taichung City 403<\/p>\n<p>&nbsp;<\/p>\n<p><a href=\"https:\/\/www.facebook.com\/yuhsiang238\/\">https:\/\/www.facebook.com\/yuhsiang238\/<\/a><\/p>\n<p>Correo electr\u00f3nico: <a href=\"mailto:yuhsiang238@gmail.com\" target=\"_blank\" rel=\"noopener\">yuhsiang238@gmail.com<\/a><\/p>\n<p>Tel\u00e9fono: <a role=\"link\" href=\"tel:886905783755\" target=\"_blank\" rel=\"noopener\">+886 905 783 755<\/a>[\/vc_column_text][\/vc_column_inner][\/vc_row_inner][vc_row_inner row_type=\u00bbrow\u00bb type=\u00bbfull_width\u00bb text_align=\u00bbleft\u00bb css_animation=\u00bb\u00bb el_class=\u00bbsection-text\u00bb][vc_column_inner width=\u00bb1\/4&#8243;][\/vc_column_inner][vc_column_inner width=\u00bb3\/4&#8243;][vc_column_text css=\u00bb\u00bb]<\/p>\n<h2>Malasia<\/h2>\n<h3>D&amp;A Comercio por adelantado<\/h3>\n<p><em>U2-00-04, Juzgado de Goodyear 8,<\/em><br \/>\n<em>Jalan USJ 14\/1, Subang Jaya 47630 Selangor, Malasia<\/em><\/p>\n<p>&nbsp;<\/p>\n<p>Correo electr\u00f3nico: <a href=\"da.advancetrading@gmail.com\" target=\"_blank\" rel=\"noopener\">da.advancetrading@gmail.com<\/a><\/p>\n<p>Tel\u00e9fono: <a role=\"link\" href=\"tel:60132334123\" target=\"_blank\" rel=\"noopener\">+60132334123<\/a>[\/vc_column_text][\/vc_column_inner][\/vc_row_inner][vc_row_inner row_type=\u00bbrow\u00bb type=\u00bbfull_width\u00bb text_align=\u00bbleft\u00bb css_animation=\u00bb\u00bb el_class=\u00bbsection-text\u00bb][vc_column_inner width=\u00bb1\/4&#8243;][\/vc_column_inner][vc_column_inner width=\u00bb3\/4&#8243;][vc_column_text css=\u00bb\u00bb]<\/p>\n<h2>Alemania<\/h2>\n<h3>Audio Treff Neuss<\/h3>\n<p><em>Iris Eikwinkel<\/em><br \/>\n<em>Plei\u00dfeweg 18<\/em><br \/>\n<em>41469 Neuss<\/em><\/p>\n<p>&nbsp;<\/p>\n<p><a href=\"http:\/\/www.audiotreffneuss.de\/\">http:\/\/www.audiotreffneuss.de\/<\/a><\/p>\n<p>Correo electr\u00f3nico: <a href=\"info@audiotreffneuss.de\" target=\"_blank\" rel=\"noopener\">info@audiotreffneuss.de<\/a><\/p>\n<p>Tel\u00e9fono: <a role=\"link\" href=\"tel:0176%2093146695\" target=\"_blank\" rel=\"noopener\">+0176 93146695<\/a>[\/vc_column_text][\/vc_column_inner][\/vc_row_inner][vc_row_inner row_type=\u00bbrow\u00bb type=\u00bbfull_width\u00bb text_align=\u00bbleft\u00bb css_animation=\u00bb\u00bb el_class=\u00bbsection-text\u00bb][vc_column_inner width=\u00bb1\/4&#8243;][\/vc_column_inner][vc_column_inner width=\u00bb3\/4&#8243;][vc_column_text css=\u00bb\u00bb]<\/p>\n<h2>Alemania<\/h2>\n<h3>Audio Hifi<\/h3>\n<p><em>L\u00fctzenkirchen &amp; Funke GbR<\/em><br \/>\n<em>Eulerstra\u00dfe 50<\/em><br \/>\n<em>40477 D\u00fcsseldorf<\/em><\/p>\n<p>&nbsp;<\/p>\n<p><a href=\"https:\/\/www.hifi-audio.de\">https:\/\/www.hifi-audio.de<\/a><\/p>\n<p>Correo electr\u00f3nico: <a href=\"info@hifi-audio.de\" target=\"_blank\" rel=\"noopener\">info@hifi-audio.de<\/a><\/p>\n<p>Tel\u00e9fono: <a role=\"link\" href=\"tel:0211-787300\" target=\"_blank\" rel=\"noopener\">+0211-787300<\/a>[\/vc_column_text][\/vc_column_inner][\/vc_row_inner][vc_row_inner row_type=\u00bbrow\u00bb type=\u00bbfull_width\u00bb text_align=\u00bbleft\u00bb css_animation=\u00bb\u00bb el_class=\u00bbsection-text\u00bb][vc_column_inner width=\u00bb1\/4&#8243;][\/vc_column_inner][vc_column_inner width=\u00bb3\/4&#8243;][vc_column_text css=\u00bb\u00bb]<\/p>\n<h2>Francia<\/h2>\n<h3>Prikosnovenie<\/h3>\n<p><em>1, rue Saint Nicolas<\/em><br \/>\n<em>44190 CLISSON- Francia<\/em><\/p>\n<p>&nbsp;<\/p>\n<p><a href=\"https:\/\/www.magic-mastering.com\/shop\/fr\/\">https:\/\/www.magic-mastering.com\/shop\/fr\/<\/a><\/p>\n<p>Correo electr\u00f3nico: <a href=\"prikos@wanadoo.fr\" target=\"_blank\" rel=\"noopener\">prikos@wanadoo.fr<\/a><\/p>\n<p>Tel\u00e9fono: <a role=\"link\" href=\"tel:0971476482\" target=\"_blank\" rel=\"noopener\">+0971476482<\/a>[\/vc_column_text][\/vc_column_inner][\/vc_row_inner][vc_row_inner row_type=\u00bbrow\u00bb type=\u00bbfull_width\u00bb text_align=\u00bbleft\u00bb css_animation=\u00bb\u00bb el_class=\u00bbsection-text\u00bb][vc_column_inner width=\u00bb1\/4&#8243;][vc_single_image image=\u00bb27161&#8243; img_size=\u00bbfull\u00bb css=\u00bb\u00bb qode_css_animation=\u00bb\u00bb el_class=\u00bbdistributor-logo\u00bb][\/vc_column_inner][vc_column_inner width=\u00bb3\/4&#8243;][vc_column_text]<\/p>\n<h2>Nueva Zelanda<\/h2>\n<h3>Sistemas de audio de referencia<\/h3>\n<p><em>Auckland, Nueva Zelanda<\/em><\/p>\n<p>&nbsp;<\/p>\n<p><a href=\"https:\/\/www.referenceaudio.co.nz\/\">https:\/\/www.referenceaudio.co.nz\/<\/a><\/p>\n<p>Correo electr\u00f3nico: <a href=\"mailto:peter@referenceaudio.co.nz\" target=\"_blank\" rel=\"noopener\">peter@referenceaudio.co.nz<\/a><\/p>\n<p>Tel\u00e9fono: <a role=\"link\" href=\"tel:64210336456\" target=\"_blank\" rel=\"noopener\">+64 21 033 6456<\/a>[\/vc_column_text][\/vc_column_inner][\/vc_row_inner][vc_row_inner row_type=\u00bbrow\u00bb type=\u00bbfull_width\u00bb text_align=\u00bbleft\u00bb css_animation=\u00bb\u00bb el_class=\u00bbsection-text\u00bb][vc_column_inner width=\u00bb1\/4&#8243;][vc_single_image image=\u00bb27172&#8243; img_size=\u00bbfull\u00bb css=\u00bb\u00bb qode_css_animation=\u00bb\u00bb el_class=\u00bbdistributor-logo\u00bb][\/vc_column_inner][vc_column_inner width=\u00bb3\/4&#8243;][vc_column_text]<\/p>\n<h2>Israel<\/h2>\n<h3>Levinson Audio<\/h3>\n<p><em>Bat Yam, Israel<\/em><\/p>\n<p>&nbsp;<\/p>\n<p><a href=\"https:\/\/www.levinson-y.co.il\/\">https:\/\/www.levinson-y.co.il\/<\/a><\/p>\n<p>Correo electr\u00f3nico: <a href=\"mailto:levinsonaudio121@gmail.com\" target=\"_blank\" rel=\"noopener\">levinsonaudio121@gmail.com<\/a><\/p>\n<p>Tel\u00e9fono: <a role=\"link\" href=\"tel:0507628600\" target=\"_blank\" rel=\"noopener\">050-762-8600<\/a>[\/vc_column_text][\/vc_column_inner][\/vc_row_inner][\/vc_column][vc_column width=\u00bb1\/6&#8243;][\/vc_column][\/vc_row][vc_row css_animation=\u00bb\u00bb row_type=\u00bbrow\u00bb use_row_as_full_screen_section=\u00bbno\u00bb type=\u00bbfull_width\u00bb angled_section=\u00bbno\u00bb text_align=\u00bbleft\u00bb background_image_as_pattern=\u00bbwithout_pattern\u00bb][vc_column el_class=\u00bblower-angle-polygon\u00bb][vc_raw_html]PHN2ZyB2aWV3Ym94PSIwIDAgMTAwIDYiIGNsYXNzPSJzbW9vdGgtYWxsIiBzdHlsZT0iIj4KICAgICAgICA8cG9seWdvbiBwb2ludHM9IjAsMyAwLDAgMTAwLDAgMTAwLDIgNzAsMSIgc3R5bGU9ImZpbGw6ICNmZmZmZmY7Ii8+CiAgICAgICAgPHBvbHlnb24gcG9pbnRzPSIwLDUgMCwwIDEwMCwwIDEwMCw0IDY5LDEuNSIgc3R5bGU9ImZpbGw6ICNmZmZmZmY4ZjsiLz4KPC9zdmc+[\/vc_raw_html][\/vc_column][\/vc_row]<\/p>\n<\/div>","protected":false},"excerpt":{"rendered":"<p>[vc_row css_animation=\u00bb\u00bb row_type=\u00bbrow\u00bb use_row_as_full_screen_section=\u00bbno\u00bb type=\u00bbfull_width\u00bb angled_section=\u00bbno\u00bb text_align=\u00bbleft\u00bb background_image_as_pattern=\u00bbwithout_pattern\u00bb][vc_column el_class=\u00bblower-angle-polygon\u00bb][vc_raw_html css=\u00bb\u00bb]PHN2ZyB2aWV3Ym94PSIwIDAgMTAwIDYiIGNsYXNzPSJzbW9vdGgtYWxsIiBzdHlsZT0iIj4KICAgICAgICAgICAgPHBvbHlnb24gcG9pbnRzPSIwLDUgMCwwIDEwMCwwIDEwMCw0IDY5LDEuNSIgc3R5bGU9ImZpbGw6ICM0MTQxNDE4ZjsiLz4KICAgICAgICAgICAgPHBvbHlnb24gcG9pbnRzPSIwLDMgMCwwIDEwMCwwIDEwMCwyIDcwLDEiIHN0eWxlPSJmaWxsOiAjNDE0MTQxOyIvPiAgCjwvc3ZnPg==[\/vc_raw_html][\/vc_column][\/vc_row][vc_row css_animation=\u00bb\u00bb row_type=\u00bbrow\u00bb use_row_as_full_screen_section=\u00bbno\u00bb type=\u00bbfull_width\u00bb angled_section=\u00bbno\u00bb text_align=\u00bbleft\u00bb background_image_as_pattern=\u00bbwithout_pattern\u00bb el_class=\u00bbmain-row\u00bb z_index=\u00bb\u00bb css=\u00bb.vc_custom_1746749059291{padding-top: 120px !important;}\u00bb][vc_column width=\u00bb1\/6&#8243;][\/vc_column][vc_column width=\u00bb2\/3&#8243; el_class=\u00bbcenter-column\u00bb][vc_column_text css=\u00bb\u00bb] Distribuidores y comerciantes &nbsp; Los productos de Carbide Audio pueden adquirirse a trav\u00e9s de nuestros distribuidores y concesionarios de&#8230;<\/p>\n","protected":false},"author":1,"featured_media":0,"parent":0,"menu_order":0,"comment_status":"closed","ping_status":"closed","template":"full_width.php","meta":{"editor_plus_copied_stylings":"{}","_monsterinsights_skip_tracking":false,"_monsterinsights_sitenote_active":false,"_monsterinsights_sitenote_note":"","_monsterinsights_sitenote_category":0,"footnotes":""},"class_list":["post-16847","page","type-page","status-publish","hentry"],"aioseo_notices":[],"_links":{"self":[{"href":"https:\/\/carbide.audio\/es\/wp-json\/wp\/v2\/pages\/16847","targetHints":{"allow":["GET"]}}],"collection":[{"href":"https:\/\/carbide.audio\/es\/wp-json\/wp\/v2\/pages"}],"about":[{"href":"https:\/\/carbide.audio\/es\/wp-json\/wp\/v2\/types\/page"}],"author":[{"embeddable":true,"href":"https:\/\/carbide.audio\/es\/wp-json\/wp\/v2\/users\/1"}],"replies":[{"embeddable":true,"href":"https:\/\/carbide.audio\/es\/wp-json\/wp\/v2\/comments?post=16847"}],"version-history":[{"count":12,"href":"https:\/\/carbide.audio\/es\/wp-json\/wp\/v2\/pages\/16847\/revisions"}],"predecessor-version":[{"id":48107,"href":"https:\/\/carbide.audio\/es\/wp-json\/wp\/v2\/pages\/16847\/revisions\/48107"}],"wp:attachment":[{"href":"https:\/\/carbide.audio\/es\/wp-json\/wp\/v2\/media?parent=16847"}],"curies":[{"name":"wp","href":"https:\/\/api.w.org\/{rel}","templated":true}]}}