{"id":6934,"date":"2021-10-21T11:24:24","date_gmt":"2021-10-21T16:24:24","guid":{"rendered":"https:\/\/www.carbide.audio\/product\/viscoring\/"},"modified":"2024-10-30T17:51:37","modified_gmt":"2024-10-30T22:51:37","slug":"viscoring","status":"publish","type":"product","link":"https:\/\/carbide.audio\/de\/produkt\/viscoring\/","title":{"rendered":"ViscoRing\u2122"},"content":{"rendered":"<p>ViscoRing\u2122 Die viskoelastischen Isolationsringe werden in unsere Carbide Base Audio-Fu\u00dfleisten eingebaut. Sie k\u00f6nnen f\u00fcr die maximalen Ger\u00e4tegewichte Super Light (30 lbs oder 13,5 kg), Light (60 lbs oder 27 kg), Medium (120 lbs oder 54 kg), Heavy (240 lbs oder 108 kg) oder Super Heavy (1000 lbs oder 453 kg) bestellt werden (bei Verwendung als 4er-Set). <\/p>\n","protected":false},"excerpt":{"rendered":"<p>Ersatz ViscoRing\u2122 viskoelastische Isolierringe zur Verwendung in unserer Carbide Base Audio-Fu\u00dfleiste. Einzeln verkauft.<\/p>\n","protected":false},"featured_media":16899,"template":"","meta":{"editor_plus_copied_stylings":"{}","_monsterinsights_skip_tracking":false,"_monsterinsights_sitenote_active":false,"_monsterinsights_sitenote_note":"","_monsterinsights_sitenote_category":0},"product_brand":[],"product_cat":[405,468],"product_tag":[],"class_list":{"0":"post-6934","1":"product","2":"type-product","3":"status-publish","4":"has-post-thumbnail","6":"product_cat-carbide-base-de","7":"product_cat-zubehor","8":"product_shipping_class-hartmetallbasis","9":"tm-has-styled-variations","10":"tm-no-options-pxq","12":"first","13":"instock","14":"taxable","15":"shipping-taxable","16":"purchasable","17":"product-type-variable","18":"has-default-attributes"},"aioseo_notices":[],"_links":{"self":[{"href":"https:\/\/carbide.audio\/de\/wp-json\/wp\/v2\/product\/6934","targetHints":{"allow":["GET"]}}],"collection":[{"href":"https:\/\/carbide.audio\/de\/wp-json\/wp\/v2\/product"}],"about":[{"href":"https:\/\/carbide.audio\/de\/wp-json\/wp\/v2\/types\/product"}],"wp:featuredmedia":[{"embeddable":true,"href":"https:\/\/carbide.audio\/de\/wp-json\/wp\/v2\/media\/16899"}],"wp:attachment":[{"href":"https:\/\/carbide.audio\/de\/wp-json\/wp\/v2\/media?parent=6934"}],"wp:term":[{"taxonomy":"product_brand","embeddable":true,"href":"https:\/\/carbide.audio\/de\/wp-json\/wp\/v2\/product_brand?post=6934"},{"taxonomy":"product_cat","embeddable":true,"href":"https:\/\/carbide.audio\/de\/wp-json\/wp\/v2\/product_cat?post=6934"},{"taxonomy":"product_tag","embeddable":true,"href":"https:\/\/carbide.audio\/de\/wp-json\/wp\/v2\/product_tag?post=6934"}],"curies":[{"name":"wp","href":"https:\/\/api.w.org\/{rel}","templated":true}]}}