{"id":47642,"date":"2025-10-15T17:14:24","date_gmt":"2025-10-15T22:14:24","guid":{"rendered":"https:\/\/carbide.audio\/product\/pads\/"},"modified":"2025-11-03T08:08:54","modified_gmt":"2025-11-03T14:08:54","slug":"pads","status":"publish","type":"product","link":"https:\/\/carbide.audio\/de\/produkt\/pads\/","title":{"rendered":"Pads"},"content":{"rendered":"<p>Picawood und TwinDamp\u2122 Polster, die \u00fcber oder unter unseren Sockeln verwendet werden k\u00f6nnen.<\/p>\n","protected":false},"excerpt":{"rendered":"<p>Pads f\u00fcr die Verwendung mit unseren Audio-Fu\u00dfleisten. Die Pads funktionieren \u00e4hnlich wie unsere optionalen Spikes, haben jedoch ein abgestumpftes Ende, um Eindr\u00fccke auf der Unterlage oder der Ausr\u00fcstung zu vermeiden. <\/p>\n<p>&nbsp;<\/p>\n<p>Das Picawood Pad wird in die Oberseite unserer Sockel geschraubt, um zus\u00e4tzlichen Spielraum f\u00fcr Vorspr\u00fcnge an der Unterseite der Ger\u00e4te, wie z.B. Bolzen, zu schaffen. Picawood besteht aus feinen Birkenschichten, die zwischen Harzschichten gepresst werden. Das Ergebnis ist ein hartes Material mit hervorragenden D\u00e4mpfungseigenschaften.  <\/p>\n<p>&nbsp;<\/p>\n<p>Das TwinDamp\u2122 Pad wird an der Unterseite unserer Sohlen als flache Alternative zu Spikes verwendet. TwinDamp\u2122 ist unsere hochd\u00e4mpfende Legierung mit einer 10-mal h\u00f6heren D\u00e4mpfungskapazit\u00e4t als Kupfer. <\/p>\n<p>&nbsp;<\/p>\n<p>Alle Pads werden einzeln verkauft.<\/p>\n","protected":false},"featured_media":47534,"template":"","meta":{"editor_plus_copied_stylings":"{}","_monsterinsights_skip_tracking":false,"_monsterinsights_sitenote_active":false,"_monsterinsights_sitenote_note":"","_monsterinsights_sitenote_category":0},"product_brand":[],"product_cat":[405,468],"product_tag":[],"class_list":{"0":"post-47642","1":"product","2":"type-product","3":"status-publish","4":"has-post-thumbnail","6":"product_cat-carbide-base-de","7":"product_cat-zubehor","8":"tm-has-styled-variations","9":"tm-no-options-pxq","11":"first","12":"instock","13":"taxable","14":"shipping-taxable","15":"purchasable","16":"product-type-variable"},"aioseo_notices":[],"_links":{"self":[{"href":"https:\/\/carbide.audio\/de\/wp-json\/wp\/v2\/product\/47642","targetHints":{"allow":["GET"]}}],"collection":[{"href":"https:\/\/carbide.audio\/de\/wp-json\/wp\/v2\/product"}],"about":[{"href":"https:\/\/carbide.audio\/de\/wp-json\/wp\/v2\/types\/product"}],"wp:featuredmedia":[{"embeddable":true,"href":"https:\/\/carbide.audio\/de\/wp-json\/wp\/v2\/media\/47534"}],"wp:attachment":[{"href":"https:\/\/carbide.audio\/de\/wp-json\/wp\/v2\/media?parent=47642"}],"wp:term":[{"taxonomy":"product_brand","embeddable":true,"href":"https:\/\/carbide.audio\/de\/wp-json\/wp\/v2\/product_brand?post=47642"},{"taxonomy":"product_cat","embeddable":true,"href":"https:\/\/carbide.audio\/de\/wp-json\/wp\/v2\/product_cat?post=47642"},{"taxonomy":"product_tag","embeddable":true,"href":"https:\/\/carbide.audio\/de\/wp-json\/wp\/v2\/product_tag?post=47642"}],"curies":[{"name":"wp","href":"https:\/\/api.w.org\/{rel}","templated":true}]}}