{"id":29277,"date":"2024-03-06T09:16:13","date_gmt":"2024-03-06T15:16:13","guid":{"rendered":"https:\/\/carbide.audio\/product\/nano\/"},"modified":"2025-07-14T00:35:48","modified_gmt":"2025-07-14T05:35:48","slug":"nano","status":"publish","type":"product","link":"https:\/\/carbide.audio\/de\/produkt\/nano\/","title":{"rendered":"Nano"},"content":{"rendered":"<p>Nano Audio-Fu\u00dfleisten von Carbide Audio. Die Nano-Fu\u00dfleisten sind entweder in der Standard- oder in der Diamant-Version erh\u00e4ltlich. Verkauft in S\u00e4tzen von 3 und 4.  <\/p>\n","protected":false},"excerpt":{"rendered":"<p>Der Nano Audio Footer destilliert unsere beste Kugellager-Isolatortechnologie in den kleinstm\u00f6glichen Formfaktor.<\/p>\n<p>&nbsp;<\/p>\n<p>Die extreme H\u00e4rte und die geringe Reibung der Kugellagerlaufbahnen, die in jeder Fu\u00dfplatte verwendet werden, erm\u00f6glichen eine hervorragende Schwingungsisolierung \u00fcber einen breiten Frequenzbereich.<\/p>\n<p>&nbsp;<\/p>\n<p>Nano ist entweder in der Standard-Version mit unseren Saphir-Laufringen oder in der Diamant-Version mit unseren Diamant-Laufringen und der hochd\u00e4mpfenden Legierung TwinDamp\u2122 erh\u00e4ltlich.<\/p>\n<p>&nbsp;<\/p>\n<p>Die Nano Audiof\u00fc\u00dfe k\u00f6nnen optional mit unseren Spikes zum Durchstechen von Teppichb\u00f6den oder mit unserem Bolzen-Kit zur direkten Verschraubung mit Lautsprechern oder Audioger\u00e4ten ausgestattet werden. Jede Nano-Fu\u00dfleiste kann bis zu 55 kg (121 lbs) tragen. <\/p>\n<p>&nbsp;<\/p>\n<p>Verkauft in Sets von 3 oder 4.<\/p>\n","protected":false},"featured_media":28156,"template":"","meta":{"editor_plus_copied_stylings":"{}","_monsterinsights_skip_tracking":false,"_monsterinsights_sitenote_active":false,"_monsterinsights_sitenote_note":"","_monsterinsights_sitenote_category":0},"product_brand":[],"product_cat":[405],"product_tag":[],"class_list":{"0":"post-29277","1":"product","2":"type-product","3":"status-publish","4":"has-post-thumbnail","6":"product_cat-carbide-base-de","7":"pa_version-standard-de","8":"pa_version-diamant-de","9":"tm-has-styled-variations","10":"tm-no-options-pxq","12":"first","13":"outofstock","14":"taxable","15":"shipping-taxable","16":"purchasable","17":"product-type-variable","18":"has-default-attributes"},"aioseo_notices":[],"_links":{"self":[{"href":"https:\/\/carbide.audio\/de\/wp-json\/wp\/v2\/product\/29277","targetHints":{"allow":["GET"]}}],"collection":[{"href":"https:\/\/carbide.audio\/de\/wp-json\/wp\/v2\/product"}],"about":[{"href":"https:\/\/carbide.audio\/de\/wp-json\/wp\/v2\/types\/product"}],"wp:featuredmedia":[{"embeddable":true,"href":"https:\/\/carbide.audio\/de\/wp-json\/wp\/v2\/media\/28156"}],"wp:attachment":[{"href":"https:\/\/carbide.audio\/de\/wp-json\/wp\/v2\/media?parent=29277"}],"wp:term":[{"taxonomy":"product_brand","embeddable":true,"href":"https:\/\/carbide.audio\/de\/wp-json\/wp\/v2\/product_brand?post=29277"},{"taxonomy":"product_cat","embeddable":true,"href":"https:\/\/carbide.audio\/de\/wp-json\/wp\/v2\/product_cat?post=29277"},{"taxonomy":"product_tag","embeddable":true,"href":"https:\/\/carbide.audio\/de\/wp-json\/wp\/v2\/product_tag?post=29277"}],"curies":[{"name":"wp","href":"https:\/\/api.w.org\/{rel}","templated":true}]}}