{"id":29266,"date":"2024-03-06T09:00:17","date_gmt":"2024-03-06T15:00:17","guid":{"rendered":"https:\/\/carbide.audio\/product\/micro-viscoring\/"},"modified":"2024-10-30T17:23:50","modified_gmt":"2024-10-30T22:23:50","slug":"micro-viscoring","status":"publish","type":"product","link":"https:\/\/carbide.audio\/de\/produkt\/micro-viscoring\/","title":{"rendered":"Micro ViscoRing\u2122"},"content":{"rendered":"<p>Die viskoelastischen Isolationsringe von Micro ViscoRing\u2122 werden in unsere Carbide Base Audio-Fu\u00dfst\u00fctzen eingebaut. Sie k\u00f6nnen f\u00fcr ein leichtes (30 lbs oder 13,5 kg), mittleres (60 lbs oder 27 kg), schweres (170 lbs oder 77 kg) oder superschweres (1400 lbs oder 635 kg) Maximalgewicht der Ausr\u00fcstung bestellt werden (bei Verwendung als 4er-Set). <\/p>\n","protected":false},"excerpt":{"rendered":"<p>Ersatz Micro ViscoRing\u2122 viskoelastische Isolierringe zur Verwendung in unserer Carbide Base Micro Audio Fu\u00dfleiste. Die Super Heavy Version wird aus unserer TwinDamp\u2122 hochd\u00e4mpfenden Legierung hergestellt, um ein maximales Gewicht tragen zu k\u00f6nnen. Verkauft in einem 3er-Set, das in einer einzelnen Fu\u00dfzeile verwendet wird.<\/p>\n","protected":false},"featured_media":28195,"template":"","meta":{"editor_plus_copied_stylings":"{}","_monsterinsights_skip_tracking":false,"_monsterinsights_sitenote_active":false,"_monsterinsights_sitenote_note":"","_monsterinsights_sitenote_category":0},"product_brand":[],"product_cat":[405,468],"product_tag":[],"class_list":{"0":"post-29266","1":"product","2":"type-product","3":"status-publish","4":"has-post-thumbnail","6":"product_cat-carbide-base-de","7":"product_cat-zubehor","8":"tm-has-styled-variations","9":"tm-no-options-pxq","11":"first","12":"instock","13":"taxable","14":"shipping-taxable","15":"purchasable","16":"product-type-variable"},"aioseo_notices":[],"_links":{"self":[{"href":"https:\/\/carbide.audio\/de\/wp-json\/wp\/v2\/product\/29266","targetHints":{"allow":["GET"]}}],"collection":[{"href":"https:\/\/carbide.audio\/de\/wp-json\/wp\/v2\/product"}],"about":[{"href":"https:\/\/carbide.audio\/de\/wp-json\/wp\/v2\/types\/product"}],"wp:featuredmedia":[{"embeddable":true,"href":"https:\/\/carbide.audio\/de\/wp-json\/wp\/v2\/media\/28195"}],"wp:attachment":[{"href":"https:\/\/carbide.audio\/de\/wp-json\/wp\/v2\/media?parent=29266"}],"wp:term":[{"taxonomy":"product_brand","embeddable":true,"href":"https:\/\/carbide.audio\/de\/wp-json\/wp\/v2\/product_brand?post=29266"},{"taxonomy":"product_cat","embeddable":true,"href":"https:\/\/carbide.audio\/de\/wp-json\/wp\/v2\/product_cat?post=29266"},{"taxonomy":"product_tag","embeddable":true,"href":"https:\/\/carbide.audio\/de\/wp-json\/wp\/v2\/product_tag?post=29266"}],"curies":[{"name":"wp","href":"https:\/\/api.w.org\/{rel}","templated":true}]}}