{"id":29256,"date":"2024-03-06T08:53:36","date_gmt":"2024-03-06T14:53:36","guid":{"rendered":"https:\/\/carbide.audio\/product\/nano-einsaetze\/"},"modified":"2025-06-02T14:01:53","modified_gmt":"2025-06-02T19:01:53","slug":"nano-einsaetze","status":"publish","type":"product","link":"https:\/\/carbide.audio\/de\/produkt\/nano-einsaetze\/","title":{"rendered":"Nano-Eins\u00e4tze"},"content":{"rendered":"<p>Nano-Eins\u00e4tze zum Aufr\u00fcsten der Nano-Audio-Fu\u00dfleiste oder zum Einsetzen in das mittlere Gewindeloch der Carbide Base und Carbide Base Micro-Audio-Fu\u00dfleisten.<\/p>\n","protected":false},"excerpt":{"rendered":"<p>Nano Inserts zum Aufr\u00fcsten der Standard-Nano-Audio-Fu\u00dfzeile auf die Diamond-Version.<\/p>\n<p>&nbsp;<\/p>\n<p>Nano Inserts k\u00f6nnen auch in das mittlere Gewindeloch der Carbide Base und Carbide Base Micro Audio-Fu\u00dfleisten eingesetzt werden, um eine zus\u00e4tzliche Isolierung zu gew\u00e4hrleisten. Geben Sie beim Kauf an, ob Sie m\u00f6chten, dass die Nano Inserts in alle gleichzeitig gekauften Fu\u00dfleisten vorinstalliert werden. <\/p>\n","protected":false},"featured_media":28167,"template":"","meta":{"editor_plus_copied_stylings":"{}","_monsterinsights_skip_tracking":false,"_monsterinsights_sitenote_active":false,"_monsterinsights_sitenote_note":"","_monsterinsights_sitenote_category":0},"product_brand":[],"product_cat":[405,468],"product_tag":[],"class_list":{"0":"post-29256","1":"product","2":"type-product","3":"status-publish","4":"has-post-thumbnail","6":"product_cat-carbide-base-de","7":"product_cat-zubehor","8":"pa_version-diamant-de","9":"pa_version-sapphire-de","10":"tm-has-styled-variations","11":"tm-no-options-pxq","13":"first","14":"instock","15":"taxable","16":"shipping-taxable","17":"purchasable","18":"product-type-variable","19":"has-default-attributes"},"aioseo_notices":[],"_links":{"self":[{"href":"https:\/\/carbide.audio\/de\/wp-json\/wp\/v2\/product\/29256","targetHints":{"allow":["GET"]}}],"collection":[{"href":"https:\/\/carbide.audio\/de\/wp-json\/wp\/v2\/product"}],"about":[{"href":"https:\/\/carbide.audio\/de\/wp-json\/wp\/v2\/types\/product"}],"wp:featuredmedia":[{"embeddable":true,"href":"https:\/\/carbide.audio\/de\/wp-json\/wp\/v2\/media\/28167"}],"wp:attachment":[{"href":"https:\/\/carbide.audio\/de\/wp-json\/wp\/v2\/media?parent=29256"}],"wp:term":[{"taxonomy":"product_brand","embeddable":true,"href":"https:\/\/carbide.audio\/de\/wp-json\/wp\/v2\/product_brand?post=29256"},{"taxonomy":"product_cat","embeddable":true,"href":"https:\/\/carbide.audio\/de\/wp-json\/wp\/v2\/product_cat?post=29256"},{"taxonomy":"product_tag","embeddable":true,"href":"https:\/\/carbide.audio\/de\/wp-json\/wp\/v2\/product_tag?post=29256"}],"curies":[{"name":"wp","href":"https:\/\/api.w.org\/{rel}","templated":true}]}}