{"id":28604,"date":"2024-02-29T13:51:42","date_gmt":"2024-02-29T19:51:42","guid":{"rendered":"https:\/\/carbide.audio\/product\/carbide-base-micro\/"},"modified":"2025-12-19T12:28:06","modified_gmt":"2025-12-19T18:28:06","slug":"carbide-base-micro","status":"publish","type":"product","link":"https:\/\/carbide.audio\/de\/produkt\/carbide-base-micro\/","title":{"rendered":"Carbide Base Micro"},"content":{"rendered":"<p>Carbide Base Mikro-Audio-Isolierf\u00fc\u00dfe f\u00fcr Ihre Audioger\u00e4te Erh\u00e4ltlich in schwarzer oder silberner Ausf\u00fchrung.<\/p>\n","protected":false},"excerpt":{"rendered":"<p>Carbide Base Micro Fu\u00dfleisten sind einzeln in schwarzer oder silberner Ausf\u00fchrung erh\u00e4ltlich. W\u00e4hlen Sie die installierte Micro ViscoRing\u2122 je nach dem von Ihnen beabsichtigten Tragkraftbereich.<\/p>\n<p>&nbsp;<\/p>\n<p>Bei den Versionen Sapphire und Diamond wird ein zus\u00e4tzlicher kugelgelagerter Isolator in die Oberseite des Fu\u00dfteils eingebaut, um die Isolationsleistung zu verbessern.<\/p>\n","protected":false},"featured_media":28057,"template":"","meta":{"editor_plus_copied_stylings":"{}","_monsterinsights_skip_tracking":false,"_monsterinsights_sitenote_active":false,"_monsterinsights_sitenote_note":"","_monsterinsights_sitenote_category":0},"product_brand":[],"product_cat":[405],"product_tag":[],"class_list":{"0":"post-28604","1":"product","2":"type-product","3":"status-publish","4":"has-post-thumbnail","6":"product_cat-carbide-base-de","7":"pa_version-diamant-de","8":"pa_version-sapphire-de","9":"pa_version-standard-de","10":"tm-has-styled-variations","11":"tm-no-options-pxq","13":"first","14":"instock","15":"taxable","16":"shipping-taxable","17":"purchasable","18":"product-type-variable"},"aioseo_notices":[],"_links":{"self":[{"href":"https:\/\/carbide.audio\/de\/wp-json\/wp\/v2\/product\/28604","targetHints":{"allow":["GET"]}}],"collection":[{"href":"https:\/\/carbide.audio\/de\/wp-json\/wp\/v2\/product"}],"about":[{"href":"https:\/\/carbide.audio\/de\/wp-json\/wp\/v2\/types\/product"}],"wp:featuredmedia":[{"embeddable":true,"href":"https:\/\/carbide.audio\/de\/wp-json\/wp\/v2\/media\/28057"}],"wp:attachment":[{"href":"https:\/\/carbide.audio\/de\/wp-json\/wp\/v2\/media?parent=28604"}],"wp:term":[{"taxonomy":"product_brand","embeddable":true,"href":"https:\/\/carbide.audio\/de\/wp-json\/wp\/v2\/product_brand?post=28604"},{"taxonomy":"product_cat","embeddable":true,"href":"https:\/\/carbide.audio\/de\/wp-json\/wp\/v2\/product_cat?post=28604"},{"taxonomy":"product_tag","embeddable":true,"href":"https:\/\/carbide.audio\/de\/wp-json\/wp\/v2\/product_tag?post=28604"}],"curies":[{"name":"wp","href":"https:\/\/api.w.org\/{rel}","templated":true}]}}