{"id":22137,"date":"2023-09-07T13:38:31","date_gmt":"2023-09-07T18:38:31","guid":{"rendered":"https:\/\/carbide.audio\/product\/spikes\/"},"modified":"2025-10-16T15:38:28","modified_gmt":"2025-10-16T20:38:28","slug":"spikes","status":"publish","type":"product","link":"https:\/\/carbide.audio\/de\/produkt\/spikes\/","title":{"rendered":"Spikes"},"content":{"rendered":"<p>Spikes zur Verwendung mit unseren Audio-Fu\u00dfleisten. Empfohlen, wenn Sie unsere Sockelleisten auf Teppichb\u00f6den verwenden. Einzeln verkauft.<\/p>\n","protected":false},"excerpt":{"rendered":"<p>Spikes zur Verwendung mit unseren Audio-Fu\u00dfleisten. Erh\u00e4ltlich in Edelstahl oder TwinDamp\u2122 hochd\u00e4mpfender Legierung. Spikes werden empfohlen, wenn Sie unsere Standf\u00fc\u00dfe auf Teppich verwenden, um die beste Bassleistung zu erzielen.<\/p>\n<p>&nbsp;<\/p>\n<p>Alle Spikes werden einzeln verkauft.<\/p>\n","protected":false},"featured_media":22002,"template":"","meta":{"editor_plus_copied_stylings":"{}","_monsterinsights_skip_tracking":false,"_monsterinsights_sitenote_active":false,"_monsterinsights_sitenote_note":"","_monsterinsights_sitenote_category":0},"product_brand":[],"product_cat":[405,468],"product_tag":[],"class_list":{"0":"post-22137","1":"product","2":"type-product","3":"status-publish","4":"has-post-thumbnail","6":"product_cat-carbide-base-de","7":"product_cat-zubehor","8":"tm-has-styled-variations","9":"tm-no-options-pxq","11":"first","12":"instock","13":"taxable","14":"shipping-taxable","15":"purchasable","16":"product-type-variable"},"aioseo_notices":[],"_links":{"self":[{"href":"https:\/\/carbide.audio\/de\/wp-json\/wp\/v2\/product\/22137","targetHints":{"allow":["GET"]}}],"collection":[{"href":"https:\/\/carbide.audio\/de\/wp-json\/wp\/v2\/product"}],"about":[{"href":"https:\/\/carbide.audio\/de\/wp-json\/wp\/v2\/types\/product"}],"wp:featuredmedia":[{"embeddable":true,"href":"https:\/\/carbide.audio\/de\/wp-json\/wp\/v2\/media\/22002"}],"wp:attachment":[{"href":"https:\/\/carbide.audio\/de\/wp-json\/wp\/v2\/media?parent=22137"}],"wp:term":[{"taxonomy":"product_brand","embeddable":true,"href":"https:\/\/carbide.audio\/de\/wp-json\/wp\/v2\/product_brand?post=22137"},{"taxonomy":"product_cat","embeddable":true,"href":"https:\/\/carbide.audio\/de\/wp-json\/wp\/v2\/product_cat?post=22137"},{"taxonomy":"product_tag","embeddable":true,"href":"https:\/\/carbide.audio\/de\/wp-json\/wp\/v2\/product_tag?post=22137"}],"curies":[{"name":"wp","href":"https:\/\/api.w.org\/{rel}","templated":true}]}}