{"id":22104,"date":"2023-09-07T20:22:19","date_gmt":"2023-09-08T01:22:19","guid":{"rendered":"https:\/\/carbide.audio\/product\/fusszeilen-bolzensatz\/"},"modified":"2025-10-16T15:38:04","modified_gmt":"2025-10-16T20:38:04","slug":"fuszeilen-bausatz","status":"publish","type":"product","link":"https:\/\/carbide.audio\/de\/produkt\/fuszeilen-bausatz\/","title":{"rendered":"Bolzen-Kit"},"content":{"rendered":"<p>Schraubensatz f\u00fcr die Montage von 8 Fu\u00dfleisten an Lautsprechern und anderen Ger\u00e4ten. Enth\u00e4lt 8 St\u00fcck von jeder Schraube entweder in den metrischen Gewindegr\u00f6\u00dfen M4, M6, M8, M10 oder in den imperialen Gr\u00f6\u00dfen #8-32, 1\/4\u2033-20, 3\/8\u2033-16, 1\/2\u2033-13. <\/p>\n","protected":false},"excerpt":{"rendered":"<p>Ein Schraubensatz mit Standard-Flachkopf-Maschinenschrauben. F\u00fcr die optionale Montage von 8 Carbide Audio Sockeln anstelle von Spikes und herk\u00f6mmlichen Sockeln unter Lautsprechern oder anderen Audioger\u00e4ten.  Enth\u00e4lt 8 St\u00fcck jeder Schraubengr\u00f6\u00dfe mit metrischem oder z\u00f6lligem Gewinde.<\/p>\n<p>&nbsp;<\/p>\n<p><strong>Metrische Schrauben:<\/strong> M4, M6, M8, M10<\/p>\n<p><strong>Imperial-Schrauben:<\/strong> #8-32, 1\/4\u2033-20, 3\/8\u2033-16, 1\/2\u2033-13<\/p>\n","protected":false},"featured_media":22083,"template":"","meta":{"editor_plus_copied_stylings":"{}","_monsterinsights_skip_tracking":false,"_monsterinsights_sitenote_active":false,"_monsterinsights_sitenote_note":"","_monsterinsights_sitenote_category":0},"product_brand":[],"product_cat":[405,468],"product_tag":[],"class_list":{"0":"post-22104","1":"product","2":"type-product","3":"status-publish","4":"has-post-thumbnail","6":"product_cat-carbide-base-de","7":"product_cat-zubehor","8":"tm-has-styled-variations","9":"tm-no-options-pxq","11":"first","12":"instock","13":"taxable","14":"shipping-taxable","15":"purchasable","16":"product-type-variable","17":"has-default-attributes"},"aioseo_notices":[],"_links":{"self":[{"href":"https:\/\/carbide.audio\/de\/wp-json\/wp\/v2\/product\/22104","targetHints":{"allow":["GET"]}}],"collection":[{"href":"https:\/\/carbide.audio\/de\/wp-json\/wp\/v2\/product"}],"about":[{"href":"https:\/\/carbide.audio\/de\/wp-json\/wp\/v2\/types\/product"}],"wp:featuredmedia":[{"embeddable":true,"href":"https:\/\/carbide.audio\/de\/wp-json\/wp\/v2\/media\/22083"}],"wp:attachment":[{"href":"https:\/\/carbide.audio\/de\/wp-json\/wp\/v2\/media?parent=22104"}],"wp:term":[{"taxonomy":"product_brand","embeddable":true,"href":"https:\/\/carbide.audio\/de\/wp-json\/wp\/v2\/product_brand?post=22104"},{"taxonomy":"product_cat","embeddable":true,"href":"https:\/\/carbide.audio\/de\/wp-json\/wp\/v2\/product_cat?post=22104"},{"taxonomy":"product_tag","embeddable":true,"href":"https:\/\/carbide.audio\/de\/wp-json\/wp\/v2\/product_tag?post=22104"}],"curies":[{"name":"wp","href":"https:\/\/api.w.org\/{rel}","templated":true}]}}