{"id":20860,"date":"2023-08-05T19:19:47","date_gmt":"2023-08-06T00:19:47","guid":{"rendered":"https:\/\/carbide.audio\/product\/diamant-upgrade\/"},"modified":"2024-10-30T19:27:13","modified_gmt":"2024-10-31T00:27:13","slug":"carbide-base-diamond-upgrade","status":"publish","type":"product","link":"https:\/\/carbide.audio\/de\/produkt\/carbide-base-diamond-upgrade\/","title":{"rendered":"Carbide-Bases-Eins\u00e4tze"},"content":{"rendered":"<p>Carbide Base Eins\u00e4tze zum Aufr\u00fcsten der Standard Carbide Base und Carbide Base Micro auf die Versionen Diamond und Sapphire.<\/p>\n","protected":false},"excerpt":{"rendered":"<p>Carbide Base Eins\u00e4tze zum Aufr\u00fcsten der Standard Carbide Base und Carbide Base Micro Fu\u00dfleisten auf die Diamond oder Sapphire Versionen. Einzeln verkauft. <\/p>\n<p>&nbsp;<\/p>\n<p>W\u00e4hlen Sie die Sapphire- oder Diamond-Version auf den Produktseiten Carbide Base oder Carbide Base Micro, um die kompletten Fu\u00dfleisten zu erwerben.<\/p>\n","protected":false},"featured_media":26751,"template":"","meta":{"editor_plus_copied_stylings":"{}","_monsterinsights_skip_tracking":false,"_monsterinsights_sitenote_active":false,"_monsterinsights_sitenote_note":"","_monsterinsights_sitenote_category":0},"product_brand":[],"product_cat":[405,468],"product_tag":[],"class_list":{"0":"post-20860","1":"product","2":"type-product","3":"status-publish","4":"has-post-thumbnail","6":"product_cat-carbide-base-de","7":"product_cat-zubehor","8":"product_shipping_class-hartmetallbasis","9":"pa_version-diamant-de","10":"pa_version-sapphire-de","11":"pa_version-standard-de","12":"tm-has-styled-variations","13":"tm-no-options-pxq","15":"first","16":"instock","17":"taxable","18":"shipping-taxable","19":"purchasable","20":"product-type-variable","21":"has-default-attributes"},"aioseo_notices":[],"_links":{"self":[{"href":"https:\/\/carbide.audio\/de\/wp-json\/wp\/v2\/product\/20860","targetHints":{"allow":["GET"]}}],"collection":[{"href":"https:\/\/carbide.audio\/de\/wp-json\/wp\/v2\/product"}],"about":[{"href":"https:\/\/carbide.audio\/de\/wp-json\/wp\/v2\/types\/product"}],"wp:featuredmedia":[{"embeddable":true,"href":"https:\/\/carbide.audio\/de\/wp-json\/wp\/v2\/media\/26751"}],"wp:attachment":[{"href":"https:\/\/carbide.audio\/de\/wp-json\/wp\/v2\/media?parent=20860"}],"wp:term":[{"taxonomy":"product_brand","embeddable":true,"href":"https:\/\/carbide.audio\/de\/wp-json\/wp\/v2\/product_brand?post=20860"},{"taxonomy":"product_cat","embeddable":true,"href":"https:\/\/carbide.audio\/de\/wp-json\/wp\/v2\/product_cat?post=20860"},{"taxonomy":"product_tag","embeddable":true,"href":"https:\/\/carbide.audio\/de\/wp-json\/wp\/v2\/product_tag?post=20860"}],"curies":[{"name":"wp","href":"https:\/\/api.w.org\/{rel}","templated":true}]}}