{"id":13875,"date":"2020-06-25T21:14:03","date_gmt":"2020-06-26T02:14:03","guid":{"rendered":"https:\/\/www.carbide.audio\/product\/carbide-base\/"},"modified":"2025-12-19T12:27:02","modified_gmt":"2025-12-19T18:27:02","slug":"carbide-base","status":"publish","type":"product","link":"https:\/\/carbide.audio\/de\/produkt\/carbide-base\/","title":{"rendered":"Carbide Base"},"content":{"rendered":"<p>Carbide Base Audio-Isolierf\u00fc\u00dfe f\u00fcr Ihre Audioelektronik, Lautsprecher und Plattenspieler. Erh\u00e4ltlich in schwarzer oder silberner Ausf\u00fchrung.<\/p>\n","protected":false},"excerpt":{"rendered":"<p>Carbide Bases sind einzeln in schwarzer oder silberner Ausf\u00fchrung erh\u00e4ltlich. W\u00e4hlen Sie die installierte ViscoRing\u2122 je nach dem von Ihnen beabsichtigten St\u00fctzgewicht. <\/p>\n<p>&nbsp;<\/p>\n<p>Das modulare Design erm\u00f6glicht es, Kugellagereins\u00e4tze in die Oberseite des Fu\u00dfbodens einzubauen, um eine zus\u00e4tzliche Isolierung zu erreichen. W\u00e4hlen Sie die Version Sapphire oder Diamond, um die entsprechenden Carbide Base Eins\u00e4tze hinzuzuf\u00fcgen. Die Nano-Eins\u00e4tze k\u00f6nnen auch zu jeder Version hinzugef\u00fcgt werden, wenn das Mittelloch nicht f\u00fcr die Verschraubung der Standf\u00fc\u00dfe mit Ger\u00e4ten oder f\u00fcr die Aufnahme der Spitze eines Lautsprechers verwendet werden soll. <\/p>\n","protected":false},"featured_media":17273,"template":"","meta":{"editor_plus_copied_stylings":"{}","_monsterinsights_skip_tracking":false,"_monsterinsights_sitenote_active":false,"_monsterinsights_sitenote_note":"","_monsterinsights_sitenote_category":0},"product_brand":[],"product_cat":[405],"product_tag":[],"class_list":{"0":"post-13875","1":"product","2":"type-product","3":"status-publish","4":"has-post-thumbnail","6":"product_cat-carbide-base-de","7":"pa_version-diamant-de","8":"pa_version-sapphire-de","9":"pa_version-standard-de","10":"tm-has-styled-variations","11":"tm-no-options-pxq","13":"first","14":"instock","15":"taxable","16":"shipping-taxable","17":"purchasable","18":"product-type-variable"},"aioseo_notices":[],"_links":{"self":[{"href":"https:\/\/carbide.audio\/de\/wp-json\/wp\/v2\/product\/13875","targetHints":{"allow":["GET"]}}],"collection":[{"href":"https:\/\/carbide.audio\/de\/wp-json\/wp\/v2\/product"}],"about":[{"href":"https:\/\/carbide.audio\/de\/wp-json\/wp\/v2\/types\/product"}],"wp:featuredmedia":[{"embeddable":true,"href":"https:\/\/carbide.audio\/de\/wp-json\/wp\/v2\/media\/17273"}],"wp:attachment":[{"href":"https:\/\/carbide.audio\/de\/wp-json\/wp\/v2\/media?parent=13875"}],"wp:term":[{"taxonomy":"product_brand","embeddable":true,"href":"https:\/\/carbide.audio\/de\/wp-json\/wp\/v2\/product_brand?post=13875"},{"taxonomy":"product_cat","embeddable":true,"href":"https:\/\/carbide.audio\/de\/wp-json\/wp\/v2\/product_cat?post=13875"},{"taxonomy":"product_tag","embeddable":true,"href":"https:\/\/carbide.audio\/de\/wp-json\/wp\/v2\/product_tag?post=13875"}],"curies":[{"name":"wp","href":"https:\/\/api.w.org\/{rel}","templated":true}]}}