{"id":6952,"date":"2020-06-25T20:44:16","date_gmt":"2020-06-26T01:44:16","guid":{"rendered":"https:\/\/www.carbide.audio\/startseite\/"},"modified":"2024-10-30T10:55:11","modified_gmt":"2024-10-30T15:55:11","slug":"startseite","status":"publish","type":"page","link":"https:\/\/carbide.audio\/de\/","title":{"rendered":"Startseite"},"content":{"rendered":"<div class=\"wpb-content-wrapper\"><p>[vc_row css_animation=&#8220;&#8220; row_type=&#8220;row&#8220; use_row_as_full_screen_section=&#8220;no&#8220; type=&#8220;full_width&#8220; angled_section=&#8220;no&#8220; text_align=&#8220;left&#8220; background_image_as_pattern=&#8220;without_pattern&#8220;][vc_column el_class=&#8220;lower-angle-polygon&#8220;][vc_raw_html]PHN2ZyB2aWV3Ym94PSIwIDAgMTAwIDYiIGNsYXNzPSJzbW9vdGgtYWxsIiBzdHlsZT0iIj4KICAgICAgICA8cG9seWdvbiBwb2ludHM9IjAsMSAwLDAgMTAwLDAgMTAwLDIgMzAsMy41IiBzdHlsZT0iZmlsbDogIzQxNDE0MTsiLz4KICAgICAgICA8cG9seWdvbiBwb2ludHM9IjAsMi41IDAsMCAxMDAsMCAxMDAsMy41IDMwLjUsNCIgc3R5bGU9ImZpbGw6ICM0MTQxNDE4ZiIvPgo8L3N2Zz4=[\/vc_raw_html][\/vc_column][\/vc_row][vc_row css_animation=&#8220;&#8220; row_type=&#8220;row&#8220; use_row_as_full_screen_section=&#8220;no&#8220; type=&#8220;full_width&#8220; angled_section=&#8220;no&#8220; text_align=&#8220;left&#8220; background_image_as_pattern=&#8220;without_pattern&#8220; row_negative_margin=&#8220;disable_negative_margin&#8220; el_class=&#8220;carbide-base-row-background&#8220; z_index=&#8220;&#8220;][vc_column width=&#8220;1\/12&#8243; offset=&#8220;vc_hidden-md vc_hidden-sm vc_hidden-xs&#8220;][\/vc_column][vc_column width=&#8220;1\/2&#8243; offset=&#8220;vc_col-lg-5 vc_col-md-6 vc_col-xs-12&#8243;][vc_empty_space height=&#8220;&#8220; el_class=&#8220;carbide-base-background mobile-view mobile-image smooth-all&#8220; css=&#8220;.vc_custom_1710366233118{margin-bottom: -10px !important;}&#8220;][vc_row_inner row_type=&#8220;row&#8220; type=&#8220;full_width&#8220; text_align=&#8220;left&#8220; css_animation=&#8220;&#8220; el_class=&#8220;product-row-height smooth-all carbide-base-row-mobile-background&#8220;][vc_column_inner el_class=&#8220;product-row-height smooth-all&#8220;][vc_single_image image=&#8220;4024&#8243; img_size=&#8220;full&#8220; qode_css_animation=&#8220;&#8220; el_class=&#8220;carbide-base-logo smooth-all&#8220;][vc_column_text css=&#8220;&#8220; el_class=&#8220;carbide-base-text&#8220;]<\/p>\n<h1>Multi-Achsen-Vibrations-Isolationsf\u00fc\u00dfe<\/h1>\n<p>Verbessern Sie die Klarheit Ihrer Musik mit der <em>Carbide Base<\/em> Reihe von mehrachsigen vibrationsisolierenden F\u00fc\u00dfen, die Sie unter Ihr Audioger\u00e4t stellen.[\/vc_column_text][vc_raw_html]PGEgaXRlbXByb3A9InVybCIgaHJlZj0iaHR0cHM6Ly9jYXJiaWRlLmF1ZGlvL2RlL2NhcmJpZGUtYmFzZS8iIHRhcmdldD0iX3NlbGYiIGNsYXNzPSJtb3JlLWJ1dHRvbiBzbW9vdGgtYWxsIj4KCSAgICA8c3Bhbj5NZWhyIGVyZmFocmVuPC9zcGFuPjxzcGFuPjxpIGNsYXNzPSJxb2RlX2ljb25fZm9udF9hd2Vzb21lXzUgZmE1IGZhcyBmYS1jaGV2cm9uLXJpZ2h0IG1vcmUtYnV0dG9uLWFycm93ICI+PC9pPjwvc3Bhbj4JCjwvYT4=[\/vc_raw_html][vc_column_text][\/vc_column_text][\/vc_column_inner][\/vc_row_inner][\/vc_column][vc_column width=&#8220;1\/2&#8243; offset=&#8220;vc_col-lg-5 vc_col-md-6 vc_col-xs-6 vc_hidden-xs&#8220; el_class=&#8220;carbide-base-background product-row-height desktop-view smooth-all&#8220;][vc_raw_html][\/vc_raw_html][\/vc_column][vc_column width=&#8220;1\/12&#8243; offset=&#8220;vc_hidden-md vc_hidden-sm vc_hidden-xs&#8220;][\/vc_column][\/vc_row][vc_row css_animation=&#8220;&#8220; row_type=&#8220;row&#8220; use_row_as_full_screen_section=&#8220;no&#8220; type=&#8220;full_width&#8220; angled_section=&#8220;no&#8220; text_align=&#8220;left&#8220; background_image_as_pattern=&#8220;without_pattern&#8220; row_negative_margin=&#8220;disable_negative_margin&#8220; el_class=&#8220;mid-row nano-row-background&#8220; z_index=&#8220;&#8220;][vc_column width=&#8220;1\/12&#8243; offset=&#8220;vc_hidden-md vc_hidden-sm vc_hidden-xs&#8220;][\/vc_column][vc_column width=&#8220;1\/2&#8243; el_class=&#8220;nano-background product-row-height desktop-view smooth-all&#8220; offset=&#8220;vc_col-lg-5 vc_col-md-6 vc_col-xs-6 vc_hidden-xs&#8220;][vc_raw_html][\/vc_raw_html][\/vc_column][vc_column width=&#8220;1\/2&#8243; offset=&#8220;vc_col-lg-5 vc_col-md-6 vc_col-xs-12&#8243;][vc_empty_space height=&#8220;&#8220; el_class=&#8220;nano-background mobile-view mobile-image smooth-all&#8220; css=&#8220;.vc_custom_1710369805127{margin-bottom: -10px !important;}&#8220;][vc_row_inner row_type=&#8220;row&#8220; type=&#8220;full_width&#8220; text_align=&#8220;left&#8220; css_animation=&#8220;&#8220; el_class=&#8220;product-row-height smooth-all nano-row-mobile-background&#8220;][vc_column_inner el_class=&#8220;product-row-height smooth-all&#8220;][vc_single_image image=&#8220;28596&#8243; img_size=&#8220;full&#8220; alignment=&#8220;right&#8220; qode_css_animation=&#8220;&#8220; el_class=&#8220;carbide-base-logo smooth-all&#8220;][vc_column_text css=&#8220;&#8220; el_class=&#8220;right-text&#8220;]<\/p>\n<h1 style=\"text-align: right;\">Nano-Vibrations-Isolationsf\u00fc\u00dfe<\/h1>\n<p style=\"text-align: right;\">Kompakte kugelgelagerte Schwingungsisolierf\u00fc\u00dfe f\u00fcr Audioelektronik und Lautsprecher.<\/p>\n<p>[\/vc_column_text][vc_raw_html]PGEgaXRlbXByb3A9InVybCIgaHJlZj0iaHR0cHM6Ly9jYXJiaWRlLmF1ZGlvL2RlL3Byb2R1a3QvbmFuby8iIHRhcmdldD0iX3NlbGYiIGNsYXNzPSJtb3JlLWJ1dHRvbiBzbW9vdGgtYWxsIj4KCSAgICA8c3Bhbj5NZWhyIGVyZmFocmVuPC9zcGFuPjxzcGFuPjxpIGNsYXNzPSJxb2RlX2ljb25fZm9udF9hd2Vzb21lXzUgZmE1IGZhcyBmYS1jaGV2cm9uLXJpZ2h0IG1vcmUtYnV0dG9uLWFycm93ICI+PC9pPjwvc3Bhbj4JCjwvYT4=[\/vc_raw_html][vc_column_text][\/vc_column_text][\/vc_column_inner][\/vc_row_inner][\/vc_column][vc_column width=&#8220;1\/12&#8243; offset=&#8220;vc_hidden-md vc_hidden-sm vc_hidden-xs&#8220;][\/vc_column][\/vc_row][vc_row css_animation=&#8220;&#8220; row_type=&#8220;row&#8220; use_row_as_full_screen_section=&#8220;no&#8220; type=&#8220;full_width&#8220; angled_section=&#8220;no&#8220; text_align=&#8220;left&#8220; background_image_as_pattern=&#8220;without_pattern&#8220; el_class=&#8220;main-row&#8220; z_index=&#8220;&#8220;][vc_column el_class=&#8220;upper-angle-polygon&#8220;][vc_raw_html]PHN2ZyB2aWV3Ym94PSIwIDAgMTAwIDYiIGNsYXNzPSJzbW9vdGgtYWxsIj4KICAgICAgICA8cG9seWdvbiBwb2ludHM9IjAsNCA0MCwyIDEwMCw0IDEwMCw2IDAsNiIgc3R5bGU9ImZpbGw6ICM0MTQxNDE7Ii8+CiAgICAgICAgPHBvbHlnb24gcG9pbnRzPSIwLDIuNSA0MC41LDEuNSAxMDAsMi41IDEwMCw2IDAsNiIgc3R5bGU9ImZpbGw6ICM0MTQxNDE4ZjsiLz4KPC9zdmc+[\/vc_raw_html][\/vc_column][\/vc_row]<\/p>\n<\/div>","protected":false},"excerpt":{"rendered":"<p>[vc_row css_animation=&#8220;&#8220; row_type=&#8220;row&#8220; use_row_as_full_screen_section=&#8220;no&#8220; type=&#8220;full_width&#8220; angled_section=&#8220;no&#8220; text_align=&#8220;left&#8220; background_image_as_pattern=&#8220;without_pattern&#8220;][vc_column el_class=&#8220;lower-angle-polygon&#8220;][vc_raw_html]PHN2ZyB2aWV3Ym94PSIwIDAgMTAwIDYiIGNsYXNzPSJzbW9vdGgtYWxsIiBzdHlsZT0iIj4KICAgICAgICA8cG9seWdvbiBwb2ludHM9IjAsMSAwLDAgMTAwLDAgMTAwLDIgMzAsMy41IiBzdHlsZT0iZmlsbDogIzQxNDE0MTsiLz4KICAgICAgICA8cG9seWdvbiBwb2ludHM9IjAsMi41IDAsMCAxMDAsMCAxMDAsMy41IDMwLjUsNCIgc3R5bGU9ImZpbGw6ICM0MTQxNDE4ZiIvPgo8L3N2Zz4=[\/vc_raw_html][\/vc_column][\/vc_row][vc_row css_animation=&#8220;&#8220; row_type=&#8220;row&#8220; use_row_as_full_screen_section=&#8220;no&#8220; type=&#8220;full_width&#8220; angled_section=&#8220;no&#8220; text_align=&#8220;left&#8220; background_image_as_pattern=&#8220;without_pattern&#8220; row_negative_margin=&#8220;disable_negative_margin&#8220; el_class=&#8220;carbide-base-row-background&#8220; z_index=&#8220;&#8220;][vc_column width=&#8220;1\/12&#8243; offset=&#8220;vc_hidden-md vc_hidden-sm vc_hidden-xs&#8220;][\/vc_column][vc_column width=&#8220;1\/2&#8243; offset=&#8220;vc_col-lg-5 vc_col-md-6 vc_col-xs-12&#8243;][vc_empty_space height=&#8220;&#8220; el_class=&#8220;carbide-base-background mobile-view mobile-image smooth-all&#8220; css=&#8220;.vc_custom_1710366233118{margin-bottom: -10px !important;}&#8220;][vc_row_inner row_type=&#8220;row&#8220; type=&#8220;full_width&#8220; text_align=&#8220;left&#8220; css_animation=&#8220;&#8220; el_class=&#8220;product-row-height smooth-all carbide-base-row-mobile-background&#8220;][vc_column_inner el_class=&#8220;product-row-height smooth-all&#8220;][vc_single_image image=&#8220;4024&#8243;&#8230;<\/p>\n","protected":false},"author":1,"featured_media":0,"parent":0,"menu_order":0,"comment_status":"closed","ping_status":"closed","template":"full_width.php","meta":{"editor_plus_copied_stylings":"{}","_monsterinsights_skip_tracking":false,"_monsterinsights_sitenote_active":false,"_monsterinsights_sitenote_note":"","_monsterinsights_sitenote_category":0,"footnotes":""},"class_list":["post-6952","page","type-page","status-publish","hentry"],"aioseo_notices":[],"_links":{"self":[{"href":"https:\/\/carbide.audio\/de\/wp-json\/wp\/v2\/pages\/6952","targetHints":{"allow":["GET"]}}],"collection":[{"href":"https:\/\/carbide.audio\/de\/wp-json\/wp\/v2\/pages"}],"about":[{"href":"https:\/\/carbide.audio\/de\/wp-json\/wp\/v2\/types\/page"}],"author":[{"embeddable":true,"href":"https:\/\/carbide.audio\/de\/wp-json\/wp\/v2\/users\/1"}],"replies":[{"embeddable":true,"href":"https:\/\/carbide.audio\/de\/wp-json\/wp\/v2\/comments?post=6952"}],"version-history":[{"count":0,"href":"https:\/\/carbide.audio\/de\/wp-json\/wp\/v2\/pages\/6952\/revisions"}],"wp:attachment":[{"href":"https:\/\/carbide.audio\/de\/wp-json\/wp\/v2\/media?parent=6952"}],"curies":[{"name":"wp","href":"https:\/\/api.w.org\/{rel}","templated":true}]}}