{"id":6951,"date":"2021-10-20T22:22:29","date_gmt":"2021-10-21T03:22:29","guid":{"rendered":"https:\/\/www.carbide.audio\/messungen\/"},"modified":"2023-05-12T18:45:40","modified_gmt":"2023-05-12T23:45:40","slug":"messungen","status":"publish","type":"page","link":"https:\/\/carbide.audio\/de\/messungen\/","title":{"rendered":"Messungen"},"content":{"rendered":"<div class=\"wpb-content-wrapper\"><p>[vc_row css_animation=&#8220;&#8220; row_type=&#8220;row&#8220; use_row_as_full_screen_section=&#8220;no&#8220; type=&#8220;full_width&#8220; angled_section=&#8220;no&#8220; text_align=&#8220;left&#8220; background_image_as_pattern=&#8220;without_pattern&#8220;][vc_column el_class=&#8220;lower-angle-polygon&#8220;][vc_raw_html css=&#8220;&#8220;]PHN2ZyB2aWV3Ym94PSIwIDAgMTAwIDYiIGNsYXNzPSJzbW9vdGgtYWxsIiBzdHlsZT0iIj4KICAgICAgICAgICAgPHBvbHlnb24gcG9pbnRzPSIwLDUgMCwwIDEwMCwwIDEwMCw0IDY5LDEuNSIgc3R5bGU9ImZpbGw6ICM0MTQxNDE4ZjsiLz4KICAgICAgICAgICAgPHBvbHlnb24gcG9pbnRzPSIwLDMgMCwwIDEwMCwwIDEwMCwyIDcwLDEiIHN0eWxlPSJmaWxsOiAjNDE0MTQxOyIvPiAgCjwvc3ZnPg==[\/vc_raw_html][\/vc_column][\/vc_row][vc_row css_animation=&#8220;&#8220; row_type=&#8220;row&#8220; use_row_as_full_screen_section=&#8220;no&#8220; type=&#8220;full_width&#8220; angled_section=&#8220;no&#8220; text_align=&#8220;left&#8220; background_image_as_pattern=&#8220;without_pattern&#8220; el_class=&#8220;main-row&#8220; z_index=&#8220;&#8220; css=&#8220;.vc_custom_1746749148594{padding-top: 120px !important;}&#8220;][vc_column width=&#8220;1\/6&#8243;][\/vc_column][vc_column width=&#8220;2\/3&#8243; el_class=&#8220;center-column&#8220;][vc_column_text el_class=&#8220;section-row&#8220;]<\/p>\n<h1>MASSNAHMEN<\/h1>\n<p>[\/vc_column_text][vc_row_inner row_type=&#8220;row&#8220; type=&#8220;full_width&#8220; text_align=&#8220;left&#8220; css_animation=&#8220;&#8220; el_class=&#8220;section-row&#8220;][vc_column_inner offset=&#8220;vc_col-lg-3 vc_col-md-12 vc_col-xs-12&#8243;][vc_single_image image=&#8220;24309&#8243; img_size=&#8220;large&#8220; alignment=&#8220;center&#8220; qode_css_animation=&#8220;&#8220; el_class=&#8220;img-borders&#8220;][\/vc_column_inner][vc_column_inner offset=&#8220;vc_col-lg-9 vc_col-md-12 vc_col-xs-12&#8243;][vc_column_text]<\/p>\n<h2><a href=\"https:\/\/carbide.audio\/de\/messungen\/twindamp-verbesserung-des-daempfungsvermoegens-von-mangan-kupfer\/\">TwinDamp\u2122: Verbesserung des D\u00e4mpfungsverm\u00f6gens von Mangan-Kupfer<\/a><\/h2>\n<p>Messungen zum Vergleich des D\u00e4mpfungsverm\u00f6gens unserer TwinDamp\u2122-Legierung mit Mangan-Kupfer und Edelstahl.[\/vc_column_text][vc_raw_html el_class=&#8220;more-arrow-button&#8220;]PGRpdiBjbGFzcz0iYXJyb3ctYnV0dG9uIHNtb290aC1hbGwiPgo8YSBpdGVtcHJvcD0idXJsIiBocmVmPSJodHRwczovL2NhcmJpZGUuYXVkaW8vZGUvbWVzc3VuZ2VuL3R3aW5kYW1wLXZlcmJlc3NlcnVuZy1kZXMtZGFlbXBmdW5nc3Zlcm1vZWdlbnMtdm9uLW1hbmdhbi1rdXBmZXIvIiB0YXJnZXQ9Il9zZWxmIj4KCSAgICA8c3Bhbj48aSBjbGFzcz0icW9kZV9pY29uX2ZvbnRfYXdlc29tZV81IGZhNSBmYXMgZmEtY2hldnJvbi1yaWdodCBhcnJvdy1idXR0b24tYXJyb3cgIj48L2k+PC9zcGFuPgkKPC9hPgo8L2Rpdj4=[\/vc_raw_html][\/vc_column_inner][\/vc_row_inner][vc_row_inner row_type=&#8220;row&#8220; type=&#8220;full_width&#8220; text_align=&#8220;left&#8220; css_animation=&#8220;&#8220; el_class=&#8220;section-row&#8220;][vc_column_inner offset=&#8220;vc_col-lg-3 vc_col-md-12 vc_col-xs-12&#8243;][vc_single_image image=&#8220;18510&#8243; img_size=&#8220;large&#8220; alignment=&#8220;center&#8220; qode_css_animation=&#8220;&#8220; el_class=&#8220;img-borders&#8220;][\/vc_column_inner][vc_column_inner offset=&#8220;vc_col-lg-9 vc_col-md-12 vc_col-xs-12&#8243;][vc_column_text]<\/p>\n<h2><a href=\"https:\/\/carbide.audio\/de\/messungen\/umgehung-des-uebertragungsweges\/\">Umgehung des \u00dcbertragungsweges<\/a><\/h2>\n<p>Ein \u00dcberblick \u00fcber das Konzept der Umgehung von Vibrations\u00fcbertragungswegen und dessen Einbeziehung in das Design der Carbide Base Diamond Fu\u00dfplatte.[\/vc_column_text][vc_raw_html el_class=&#8220;more-arrow-button&#8220;]PGRpdiBjbGFzcz0iYXJyb3ctYnV0dG9uIHNtb290aC1hbGwiPgo8YSBpdGVtcHJvcD0idXJsIiBocmVmPSJodHRwczovL2NhcmJpZGUuYXVkaW8vZGUvbWVzc3VuZ2VuL3VtZ2VodW5nLWRlcy11ZWJlcnRyYWd1bmdzd2VnZXMvIiB0YXJnZXQ9Il9zZWxmIj4KCSAgICA8c3Bhbj48aSBjbGFzcz0icW9kZV9pY29uX2ZvbnRfYXdlc29tZV81IGZhNSBmYXMgZmEtY2hldnJvbi1yaWdodCBhcnJvdy1idXR0b24tYXJyb3cgIj48L2k+PC9zcGFuPgkKPC9hPgo8L2Rpdj4=[\/vc_raw_html][\/vc_column_inner][\/vc_row_inner][vc_row_inner row_type=&#8220;row&#8220; type=&#8220;full_width&#8220; text_align=&#8220;left&#8220; css_animation=&#8220;&#8220; el_class=&#8220;section-row&#8220;][vc_column_inner offset=&#8220;vc_col-lg-3 vc_col-md-12 vc_col-xs-12&#8243;][vc_single_image image=&#8220;14597&#8243; img_size=&#8220;large&#8220; alignment=&#8220;center&#8220; qode_css_animation=&#8220;&#8220; el_class=&#8220;img-borders&#8220;][\/vc_column_inner][vc_column_inner offset=&#8220;vc_col-lg-9 vc_col-md-12 vc_col-xs-12&#8243;][vc_column_text]<\/p>\n<h2><a href=\"https:\/\/carbide.audio\/de\/messungen\/uebersicht-der-audio-footer-designs\/\">\u00dcbersicht der Audio Footer Designs<\/a><\/h2>\n<p>Eine \u00dcbersicht \u00fcber verschiedene Designs von Audio-Ger\u00e4tefu\u00dfleisten. Die Schwingungsisolierung jedes Designs wird gemessen und f\u00fcr einen relativen Vergleich grafisch dargestellt.[\/vc_column_text][vc_raw_html el_class=&#8220;more-arrow-button&#8220;]PGRpdiBjbGFzcz0iYXJyb3ctYnV0dG9uIHNtb290aC1hbGwiPgo8YSBpdGVtcHJvcD0idXJsIiBocmVmPSJodHRwczovL2NhcmJpZGUuYXVkaW8vZGUvbWVzc3VuZ2VuL3VlYmVyc2ljaHQtZGVyLWF1ZGlvLWZvb3Rlci1kZXNpZ25zLyIgdGFyZ2V0PSJfc2VsZiI+CgkgICAgPHNwYW4+PGkgY2xhc3M9InFvZGVfaWNvbl9mb250X2F3ZXNvbWVfNSBmYTUgZmFzIGZhLWNoZXZyb24tcmlnaHQgYXJyb3ctYnV0dG9uLWFycm93ICI+PC9pPjwvc3Bhbj4JCjwvYT4KPC9kaXY+[\/vc_raw_html][\/vc_column_inner][\/vc_row_inner][vc_row_inner row_type=&#8220;row&#8220; type=&#8220;full_width&#8220; text_align=&#8220;left&#8220; css_animation=&#8220;&#8220; el_class=&#8220;section-row&#8220;][vc_column_inner offset=&#8220;vc_col-lg-3 vc_col-md-12 vc_col-xs-12&#8243;][vc_single_image image=&#8220;13347&#8243; img_size=&#8220;large&#8220; alignment=&#8220;center&#8220; qode_css_animation=&#8220;&#8220; el_class=&#8220;img-borders&#8220;][\/vc_column_inner][vc_column_inner offset=&#8220;vc_col-lg-9 vc_col-md-12 vc_col-xs-12&#8243;][vc_column_text]<\/p>\n<h2><a href=\"https:\/\/carbide.audio\/de\/messungen\/verwendung-von-elastomeren-mit-niedrigem-formfaktor\/\">Verwendung von Elastomeren mit niedrigem Formfaktor<\/a><\/h2>\n<p>Eine Analyse des neuartigen Designs der Carbide Base Audio-Fu\u00dfzeile. Die Vorteile der Elastomere mit niedrigem Formfaktor und der einzigartigen Kugellagerkonfiguration, die im Footer verwendet werden, werden durch Messungen quantifiziert.[\/vc_column_text][vc_raw_html el_class=&#8220;more-arrow-button&#8220;]PGRpdiBjbGFzcz0iYXJyb3ctYnV0dG9uIHNtb290aC1hbGwiPgo8YSBpdGVtcHJvcD0idXJsIiBocmVmPSJodHRwczovL2NhcmJpZGUuYXVkaW8vZGUvbWVzc3VuZ2VuL3ZlcndlbmR1bmctdm9uLWVsYXN0b21lcmVuLW1pdC1uaWVkcmlnZW0tZm9ybWZha3Rvci8iIHRhcmdldD0iX3NlbGYiPgoJICAgIDxzcGFuPjxpIGNsYXNzPSJxb2RlX2ljb25fZm9udF9hd2Vzb21lXzUgZmE1IGZhcyBmYS1jaGV2cm9uLXJpZ2h0IGFycm93LWJ1dHRvbi1hcnJvdyAiPjwvaT48L3NwYW4+CQo8L2E+CjwvZGl2Pg==[\/vc_raw_html][\/vc_column_inner][\/vc_row_inner][vc_row_inner row_type=&#8220;row&#8220; type=&#8220;full_width&#8220; text_align=&#8220;left&#8220; css_animation=&#8220;&#8220; el_class=&#8220;section-row&#8220;][vc_column_inner offset=&#8220;vc_col-lg-3 vc_col-md-12 vc_col-xs-12&#8243;][vc_single_image image=&#8220;4167&#8243; img_size=&#8220;large&#8220; alignment=&#8220;center&#8220; qode_css_animation=&#8220;&#8220; el_class=&#8220;img-borders&#8220;][\/vc_column_inner][vc_column_inner offset=&#8220;vc_col-lg-9 vc_col-md-9 vc_col-xs-12&#8243;][vc_column_text]<\/p>\n<h2><a href=\"https:\/\/carbide.audio\/de\/messungen\/schwingungsdaempfung-durch-carbide-base\/\">Schwingungsd\u00e4mpfung durch Carbide-Bases-Fu\u00dfleisten<\/a><\/h2>\n<p>Messungen, bei denen die Vibrationsd\u00e4mpfung von Carbide-Bases-Fu\u00dfb\u00f6den mit der von Standard-Bodenspikes verglichen wird. Es wird ein Testlautsprecher konstruiert, um die d\u00e4mpfende Wirkung der Sockel auf die Resonanzen des Geh\u00e4uses zu analysieren.[\/vc_column_text][vc_raw_html el_class=&#8220;more-arrow-button&#8220;]PGRpdiBjbGFzcz0iYXJyb3ctYnV0dG9uIHNtb290aC1hbGwiPgo8YSBpdGVtcHJvcD0idXJsIiBocmVmPSJodHRwczovL2NhcmJpZGUuYXVkaW8vZGUvbWVzc3VuZ2VuL3NjaHdpbmd1bmdzZGFlbXBmdW5nLWR1cmNoLWNhcmJpZGUtYmFzZS8iIHRhcmdldD0iX3NlbGYiPgoJICAgIDxzcGFuPjxpIGNsYXNzPSJxb2RlX2ljb25fZm9udF9hd2Vzb21lXzUgZmE1IGZhcyBmYS1jaGV2cm9uLXJpZ2h0IGFycm93LWJ1dHRvbi1hcnJvdyAiPjwvaT48L3NwYW4+CQo8L2E+CjwvZGl2Pg==[\/vc_raw_html][\/vc_column_inner][\/vc_row_inner][\/vc_column][vc_column width=&#8220;1\/6&#8243;][\/vc_column][\/vc_row][vc_row css_animation=&#8220;&#8220; row_type=&#8220;row&#8220; use_row_as_full_screen_section=&#8220;no&#8220; type=&#8220;full_width&#8220; angled_section=&#8220;no&#8220; text_align=&#8220;left&#8220; background_image_as_pattern=&#8220;without_pattern&#8220;][vc_column el_class=&#8220;lower-angle-polygon&#8220;][vc_raw_html]PHN2ZyB2aWV3Ym94PSIwIDAgMTAwIDYiIGNsYXNzPSJzbW9vdGgtYWxsIiBzdHlsZT0iIj4KICAgICAgICA8cG9seWdvbiBwb2ludHM9IjAsMyAwLDAgMTAwLDAgMTAwLDIgNzAsMSIgc3R5bGU9ImZpbGw6ICNmZmZmZmY7Ii8+CiAgICAgICAgPHBvbHlnb24gcG9pbnRzPSIwLDUgMCwwIDEwMCwwIDEwMCw0IDY5LDEuNSIgc3R5bGU9ImZpbGw6ICNmZmZmZmY4ZjsiLz4KPC9zdmc+[\/vc_raw_html][\/vc_column][\/vc_row]<\/p>\n<\/div>","protected":false},"excerpt":{"rendered":"<p>[vc_row css_animation=&#8220;&#8220; row_type=&#8220;row&#8220; use_row_as_full_screen_section=&#8220;no&#8220; type=&#8220;full_width&#8220; angled_section=&#8220;no&#8220; text_align=&#8220;left&#8220; background_image_as_pattern=&#8220;without_pattern&#8220;][vc_column el_class=&#8220;lower-angle-polygon&#8220;][vc_raw_html css=&#8220;&#8220;]PHN2ZyB2aWV3Ym94PSIwIDAgMTAwIDYiIGNsYXNzPSJzbW9vdGgtYWxsIiBzdHlsZT0iIj4KICAgICAgICAgICAgPHBvbHlnb24gcG9pbnRzPSIwLDUgMCwwIDEwMCwwIDEwMCw0IDY5LDEuNSIgc3R5bGU9ImZpbGw6ICM0MTQxNDE4ZjsiLz4KICAgICAgICAgICAgPHBvbHlnb24gcG9pbnRzPSIwLDMgMCwwIDEwMCwwIDEwMCwyIDcwLDEiIHN0eWxlPSJmaWxsOiAjNDE0MTQxOyIvPiAgCjwvc3ZnPg==[\/vc_raw_html][\/vc_column][\/vc_row][vc_row css_animation=&#8220;&#8220; row_type=&#8220;row&#8220; use_row_as_full_screen_section=&#8220;no&#8220; type=&#8220;full_width&#8220; angled_section=&#8220;no&#8220; text_align=&#8220;left&#8220; background_image_as_pattern=&#8220;without_pattern&#8220; el_class=&#8220;main-row&#8220; z_index=&#8220;&#8220; css=&#8220;.vc_custom_1746749148594{padding-top: 120px !important;}&#8220;][vc_column width=&#8220;1\/6&#8243;][\/vc_column][vc_column width=&#8220;2\/3&#8243; el_class=&#8220;center-column&#8220;][vc_column_text el_class=&#8220;section-row&#8220;] MASSNAHMEN [\/vc_column_text][vc_row_inner row_type=&#8220;row&#8220; type=&#8220;full_width&#8220; text_align=&#8220;left&#8220; css_animation=&#8220;&#8220; el_class=&#8220;section-row&#8220;][vc_column_inner offset=&#8220;vc_col-lg-3 vc_col-md-12 vc_col-xs-12&#8243;][vc_single_image image=&#8220;24309&#8243; img_size=&#8220;large&#8220; alignment=&#8220;center&#8220; qode_css_animation=&#8220;&#8220; el_class=&#8220;img-borders&#8220;][\/vc_column_inner][vc_column_inner offset=&#8220;vc_col-lg-9 vc_col-md-12 vc_col-xs-12&#8243;][vc_column_text] TwinDamp\u2122:&#8230;<\/p>\n","protected":false},"author":1,"featured_media":0,"parent":0,"menu_order":0,"comment_status":"closed","ping_status":"closed","template":"full_width.php","meta":{"editor_plus_copied_stylings":"{}","_monsterinsights_skip_tracking":false,"_monsterinsights_sitenote_active":false,"_monsterinsights_sitenote_note":"","_monsterinsights_sitenote_category":0,"footnotes":""},"class_list":["post-6951","page","type-page","status-publish","hentry"],"aioseo_notices":[],"_links":{"self":[{"href":"https:\/\/carbide.audio\/de\/wp-json\/wp\/v2\/pages\/6951","targetHints":{"allow":["GET"]}}],"collection":[{"href":"https:\/\/carbide.audio\/de\/wp-json\/wp\/v2\/pages"}],"about":[{"href":"https:\/\/carbide.audio\/de\/wp-json\/wp\/v2\/types\/page"}],"author":[{"embeddable":true,"href":"https:\/\/carbide.audio\/de\/wp-json\/wp\/v2\/users\/1"}],"replies":[{"embeddable":true,"href":"https:\/\/carbide.audio\/de\/wp-json\/wp\/v2\/comments?post=6951"}],"version-history":[{"count":0,"href":"https:\/\/carbide.audio\/de\/wp-json\/wp\/v2\/pages\/6951\/revisions"}],"wp:attachment":[{"href":"https:\/\/carbide.audio\/de\/wp-json\/wp\/v2\/media?parent=6951"}],"curies":[{"name":"wp","href":"https:\/\/api.w.org\/{rel}","templated":true}]}}