{"id":6943,"date":"2020-06-25T21:38:15","date_gmt":"2020-06-26T02:38:15","guid":{"rendered":"https:\/\/www.carbide.audio\/ueber\/"},"modified":"2025-05-08T22:45:09","modified_gmt":"2025-05-09T03:45:09","slug":"ueber","status":"publish","type":"page","link":"https:\/\/carbide.audio\/de\/ueber\/","title":{"rendered":"\u00dcber"},"content":{"rendered":"<div class=\"wpb-content-wrapper\"><p>[vc_row css_animation=&#8220;&#8220; row_type=&#8220;row&#8220; use_row_as_full_screen_section=&#8220;no&#8220; type=&#8220;full_width&#8220; angled_section=&#8220;no&#8220; text_align=&#8220;left&#8220; background_image_as_pattern=&#8220;without_pattern&#8220;][vc_column el_class=&#8220;lower-angle-polygon&#8220;][vc_raw_html css=&#8220;&#8220;]PHN2ZyB2aWV3Ym94PSIwIDAgMTAwIDYiIGNsYXNzPSJzbW9vdGgtYWxsIiBzdHlsZT0iIj4KICAgICAgICAgICAgPHBvbHlnb24gcG9pbnRzPSIwLDUgMCwwIDEwMCwwIDEwMCw0IDY5LDEuNSIgc3R5bGU9ImZpbGw6ICM0MTQxNDE4ZjsiLz4KICAgICAgICAgICAgPHBvbHlnb24gcG9pbnRzPSIwLDMgMCwwIDEwMCwwIDEwMCwyIDcwLDEiIHN0eWxlPSJmaWxsOiAjNDE0MTQxOyIvPiAgCjwvc3ZnPg==[\/vc_raw_html][\/vc_column][\/vc_row][vc_row css_animation=&#8220;&#8220; row_type=&#8220;row&#8220; use_row_as_full_screen_section=&#8220;no&#8220; type=&#8220;full_width&#8220; angled_section=&#8220;no&#8220; text_align=&#8220;left&#8220; background_image_as_pattern=&#8220;without_pattern&#8220; z_index=&#8220;&#8220; el_class=&#8220;row-background&#8220;][vc_column width=&#8220;1\/6&#8243; offset=&#8220;vc_hidden-sm vc_hidden-xs&#8220;][\/vc_column][vc_column offset=&#8220;vc_col-lg-8 vc_col-md-8 vc_col-xs-12&#8243; el_class=&#8220;center-content-column&#8220;][vc_column_text el_class=&#8220;section-text&#8220;]<\/p>\n<h1>Carbide Audio<\/h1>\n<p><span style=\"font-weight: 400;\">Carbide Audio hat seinen Hauptsitz in der Stadt Llano im texanischen H\u00fcgelland, westlich von Austin. Wir entwickeln und fertigen unsere Produkte in unserer eigenen CNC-Bearbeitungsanlage. Unser Team nutzt die neuesten Methoden der Computermodellierung und Fertigung, um die Grenzen der HiFi-Audiotechnologie zu erweitern. Wir sind stolz darauf, dass wir in allen Phasen der Produktentwicklung selbst Hand anlegen k\u00f6nnen.   <\/span>[\/vc_column_text][vc_single_image image=&#8220;14454&#8243; img_size=&#8220;full&#8220; alignment=&#8220;center&#8220; qode_css_animation=&#8220;&#8220; el_class=&#8220;img-border&#8220;][vc_column_text css=&#8220;.vc_custom_1730036623415{border-bottom-width: 30px !important;padding-top: 30px !important;}&#8220; el_class=&#8220;section-text&#8220;]<\/p>\n<h2>Bekenntnis zur Qualit\u00e4t<\/h2>\n<p><span style=\"font-weight: 400;\">Carbide Audio besteht aus einem leidenschaftlichen Team, das sich auf Qualit\u00e4t konzentriert. Dieser Fokus auf Qualit\u00e4t erstreckt sich bis hin zu den Rohstoffen, die wir verwenden. Zum Beispiel wird unser Aluminiummaterial aus einer speziellen Legierung mit einer feinen Kornstruktur stranggepresst, um die beste Oberfl\u00e4chenqualit\u00e4t zu erzielen. Wir setzen sowohl auf Automatisierung als auch auf manuelle Prozesse, um die hohen Qualit\u00e4tsstandards zu erreichen, die unsere Kunden auf der ganzen Welt erwarten.   <\/span><\/p>\n<p>&nbsp;<\/p>\n<p><span style=\"font-weight: 400;\">Unsere Produkte durchlaufen viele Iterationen der internen Entwicklung, bevor sie auf den Markt kommen:<\/span><\/p>\n<ul class=\"stages-list fa-ul\">\n<li><i class=\"qode_icon_font_awesome_5 fa5 fas fa-chevron-right stages-list-icon\"><\/i>CAD-Modellierung und -Simulation\n<ul class=\"stages-list fa-ul\">\n<li class=\"stages-list-inner\">Simulieren Sie den geplanten Entwurf vollst\u00e4ndig.<\/li>\n<\/ul>\n<\/li>\n<li><i class=\"qode_icon_font_awesome_5 fa5 fas fa-chevron-right stages-list-icon\"><\/i>Prototyping und Messungen\n<ul class=\"stages-list fa-ul\">\n<li class=\"stages-list-inner\">\u00dcberpr\u00fcfen Sie die Leistung des physischen Entwurfs durch Messungen.<\/li>\n<\/ul>\n<\/li>\n<li><i class=\"qode_icon_font_awesome_5 fa5 fas fa-chevron-right stages-list-icon\"><\/i>Anh\u00f6ren\n<ul class=\"stages-list fa-ul\">\n<li class=\"stages-list-inner\">\u00dcberpr\u00fcfen Sie die Messungen durch ausgiebiges Abh\u00f6ren.<\/li>\n<\/ul>\n<\/li>\n<\/ul>\n<p>[\/vc_column_text][\/vc_column][vc_column width=&#8220;1\/6&#8243; offset=&#8220;vc_hidden-sm vc_hidden-xs&#8220;][\/vc_column][\/vc_row][vc_row css_animation=&#8220;&#8220; row_type=&#8220;row&#8220; use_row_as_full_screen_section=&#8220;no&#8220; type=&#8220;full_width&#8220; angled_section=&#8220;no&#8220; text_align=&#8220;left&#8220; background_image_as_pattern=&#8220;without_pattern&#8220;][vc_column el_class=&#8220;lower-angle-polygon&#8220;][vc_raw_html]PHN2ZyB2aWV3Ym94PSIwIDAgMTAwIDYiIGNsYXNzPSJzbW9vdGgtYWxsIiBzdHlsZT0iIj4KICAgICAgICA8cG9seWdvbiBwb2ludHM9IjAsMyAwLDAgMTAwLDAgMTAwLDIgNzAsMSIgc3R5bGU9ImZpbGw6ICNmZmZmZmY7Ii8+CiAgICAgICAgPHBvbHlnb24gcG9pbnRzPSIwLDUgMCwwIDEwMCwwIDEwMCw0IDY5LDEuNSIgc3R5bGU9ImZpbGw6ICNmZmZmZmY4ZjsiLz4KPC9zdmc+[\/vc_raw_html][\/vc_column][\/vc_row][vc_row css_animation=&#8220;&#8220; row_type=&#8220;row&#8220; use_row_as_full_screen_section=&#8220;no&#8220; type=&#8220;full_width&#8220; angled_section=&#8220;no&#8220; text_align=&#8220;left&#8220; background_image_as_pattern=&#8220;without_pattern&#8220; el_class=&#8220;main-img-center-row&#8220; z_index=&#8220;&#8220;][vc_column css=&#8220;.vc_custom_1654037759102{padding-top: 0px !important;background-color: #414141 !important;}&#8220;]<div class=\"qode-advanced-image-gallery  qode-aig-grid-type qode-no-space   \">\n\t<div class=\"qode-aig-inner qode-outer-space qode-aig-grid qode-aig-two-columns\">\n\t\t\t\t\t<div class=\"qode-aig-image qode-item-space\">\n\t\t\t\t<div class=\"qode-aig-image-inner\">\n\t\t\t\t\t\t\t\t\t\t\t<img loading=\"lazy\" decoding=\"async\" width=\"1430\" height=\"894\" src=\"https:\/\/carbide.audio\/wp-content\/uploads\/2021\/06\/carbide-base-cnc-1.jpg\" class=\"attachment-full size-full\" alt=\"\" srcset=\"https:\/\/carbide.audio\/wp-content\/uploads\/2021\/06\/carbide-base-cnc-1.jpg 1430w, https:\/\/carbide.audio\/wp-content\/uploads\/2021\/06\/carbide-base-cnc-1-1080x675.jpg 1080w, https:\/\/carbide.audio\/wp-content\/uploads\/2021\/06\/carbide-base-cnc-1-1000x625.jpg 1000w, https:\/\/carbide.audio\/wp-content\/uploads\/2021\/06\/carbide-base-cnc-1-300x188.jpg 300w, https:\/\/carbide.audio\/wp-content\/uploads\/2021\/06\/carbide-base-cnc-1-1024x640.jpg 1024w, https:\/\/carbide.audio\/wp-content\/uploads\/2021\/06\/carbide-base-cnc-1-768x480.jpg 768w, https:\/\/carbide.audio\/wp-content\/uploads\/2021\/06\/carbide-base-cnc-1-700x438.jpg 700w\" sizes=\"auto, (max-width: 1430px) 100vw, 1430px\" \/>\t\t\t\t\t\t<span class=\"aig-gallery-hover\">\n\t\t\t\t\t\t\t\t\t\t\t\t\t<\/span>\n\t\t\t\t\t\t\t\t\t<\/div>\n\t\t\t<\/div>\n\t\t\t\t\t\t\t\t<div class=\"qode-aig-image qode-item-space\">\n\t\t\t\t<div class=\"qode-aig-image-inner\">\n\t\t\t\t\t\t\t\t\t\t\t<img loading=\"lazy\" decoding=\"async\" width=\"1430\" height=\"894\" src=\"https:\/\/carbide.audio\/wp-content\/uploads\/2021\/06\/carbide-base-parts-rack-1.jpg\" class=\"attachment-full size-full\" alt=\"\" srcset=\"https:\/\/carbide.audio\/wp-content\/uploads\/2021\/06\/carbide-base-parts-rack-1.jpg 1430w, https:\/\/carbide.audio\/wp-content\/uploads\/2021\/06\/carbide-base-parts-rack-1-1080x675.jpg 1080w, https:\/\/carbide.audio\/wp-content\/uploads\/2021\/06\/carbide-base-parts-rack-1-1000x625.jpg 1000w, https:\/\/carbide.audio\/wp-content\/uploads\/2021\/06\/carbide-base-parts-rack-1-300x188.jpg 300w, https:\/\/carbide.audio\/wp-content\/uploads\/2021\/06\/carbide-base-parts-rack-1-1024x640.jpg 1024w, https:\/\/carbide.audio\/wp-content\/uploads\/2021\/06\/carbide-base-parts-rack-1-768x480.jpg 768w, https:\/\/carbide.audio\/wp-content\/uploads\/2021\/06\/carbide-base-parts-rack-1-700x438.jpg 700w\" sizes=\"auto, (max-width: 1430px) 100vw, 1430px\" \/>\t\t\t\t\t\t<span class=\"aig-gallery-hover\">\n\t\t\t\t\t\t\t\t\t\t\t\t\t<\/span>\n\t\t\t\t\t\t\t\t\t<\/div>\n\t\t\t<\/div>\n\t\t\t\t\t\t<\/div>\n<\/div>[\/vc_column][\/vc_row][vc_row css_animation=&#8220;&#8220; row_type=&#8220;row&#8220; use_row_as_full_screen_section=&#8220;no&#8220; type=&#8220;full_width&#8220; angled_section=&#8220;no&#8220; text_align=&#8220;left&#8220; background_image_as_pattern=&#8220;without_pattern&#8220;][vc_column el_class=&#8220;upper-angle-polygon&#8220;][vc_raw_html]PHN2ZyB2aWV3Ym94PSIwIDAgMTAwIDYiIGNsYXNzPSJzbW9vdGgtYWxsIiBzdHlsZT0iIj4KICAgICAgICA8cG9seWdvbiBwb2ludHM9IjAsMiA2MCw0IDEwMCwyLjUgMTAwLDYgMCw2IiBzdHlsZT0iZmlsbDogI0ZGRkZGRjsiLz4KICAgICAgICA8cG9seWdvbiBwb2ludHM9IjAsMCA1OSwzLjUgMTAwLDIgMTAwLDYgMCw2IiBzdHlsZT0iZmlsbDogI0ZGRkZGRjhmOyIvPgo8L3N2Zz4=[\/vc_raw_html][\/vc_column][\/vc_row][vc_row css_animation=&#8220;&#8220; row_type=&#8220;row&#8220; use_row_as_full_screen_section=&#8220;no&#8220; type=&#8220;full_width&#8220; angled_section=&#8220;no&#8220; text_align=&#8220;left&#8220; background_image_as_pattern=&#8220;without_pattern&#8220; z_index=&#8220;&#8220; el_class=&#8220;row-background&#8220;][vc_column width=&#8220;1\/6&#8243; offset=&#8220;vc_hidden-md vc_hidden-sm vc_hidden-xs&#8220;][\/vc_column][vc_column offset=&#8220;vc_col-lg-8 vc_col-md-12 vc_col-xs-12&#8243; el_class=&#8220;center-content-column&#8220;][vc_column_text css=&#8220;.vc_custom_1730036515480{border-bottom-width: 30px !important;}&#8220; el_class=&#8220;section-text&#8220;]<\/p>\n<h2>Engagement f\u00fcr die Kundenzufriedenheit<\/h2>\n<p>Wir setzen uns daf\u00fcr ein, dass Sie zufrieden sind. <a href=\"https:\/\/www.carbide.audio\/contact-us\/\">Nehmen Sie Kontakt mit uns auf<\/a> und wir werden Ihnen umgehend alle Fragen zu unserem Unternehmen oder unseren Produkten beantworten.  Unser Netzwerk von internationalen <a href=\"https:\/\/carbide.audio\/de\/vertriebspartner\/\">Vertriebsh\u00e4ndlern<\/a> steht Ihnen auch als Ansprechpartner vor Ort zur Verf\u00fcgung. Unsere Vertriebspartner sind Experten im Umgang mit unseren Produkten und wurden ausgew\u00e4hlt, um uns gem\u00e4\u00df unseren hohen Standards f\u00fcr Kundenzufriedenheit zu vertreten.[\/vc_column_text][\/vc_column][vc_column width=&#8220;1\/6&#8243; offset=&#8220;vc_hidden-md vc_hidden-sm vc_hidden-xs&#8220;][\/vc_column][\/vc_row][vc_row css_animation=&#8220;&#8220; row_type=&#8220;row&#8220; use_row_as_full_screen_section=&#8220;no&#8220; type=&#8220;full_width&#8220; angled_section=&#8220;no&#8220; text_align=&#8220;left&#8220; background_image_as_pattern=&#8220;without_pattern&#8220;][vc_column el_class=&#8220;lower-angle-polygon&#8220;][vc_raw_html]PHN2ZyB2aWV3Ym94PSIwIDAgMTAwIDYiIGNsYXNzPSJzbW9vdGgtYWxsIiBzdHlsZT0iIj4KICAgICAgICA8cG9seWdvbiBwb2ludHM9IjAsMyAwLDAgMTAwLDAgMTAwLDIgNzAsMSIgc3R5bGU9ImZpbGw6ICNmZmZmZmY7Ii8+CiAgICAgICAgPHBvbHlnb24gcG9pbnRzPSIwLDUgMCwwIDEwMCwwIDEwMCw0IDY5LDEuNSIgc3R5bGU9ImZpbGw6ICNmZmZmZmY4ZjsiLz4KPC9zdmc+[\/vc_raw_html][\/vc_column][\/vc_row][vc_row css_animation=&#8220;&#8220; row_type=&#8220;row&#8220; use_row_as_full_screen_section=&#8220;no&#8220; type=&#8220;full_width&#8220; angled_section=&#8220;no&#8220; text_align=&#8220;left&#8220; background_image_as_pattern=&#8220;without_pattern&#8220; el_class=&#8220;main-img-center-row&#8220; z_index=&#8220;&#8220;][vc_column css=&#8220;.vc_custom_1654037785537{padding-top: 0px !important;background-color: #414141 !important;}&#8220;]<div class=\"qode-advanced-image-gallery  qode-aig-grid-type qode-no-space   \">\n\t<div class=\"qode-aig-inner qode-outer-space qode-aig-grid qode-aig-two-columns\">\n\t\t\t\t\t<div class=\"qode-aig-image qode-item-space\">\n\t\t\t\t<div class=\"qode-aig-image-inner\">\n\t\t\t\t\t\t\t\t\t\t\t<img loading=\"lazy\" decoding=\"async\" width=\"1430\" height=\"894\" src=\"https:\/\/carbide.audio\/wp-content\/uploads\/2021\/07\/carbide-base-bandsaw-2.jpg\" class=\"attachment-full size-full\" alt=\"\" srcset=\"https:\/\/carbide.audio\/wp-content\/uploads\/2021\/07\/carbide-base-bandsaw-2.jpg 1430w, https:\/\/carbide.audio\/wp-content\/uploads\/2021\/07\/carbide-base-bandsaw-2-1080x675.jpg 1080w, https:\/\/carbide.audio\/wp-content\/uploads\/2021\/07\/carbide-base-bandsaw-2-1000x625.jpg 1000w, https:\/\/carbide.audio\/wp-content\/uploads\/2021\/07\/carbide-base-bandsaw-2-300x188.jpg 300w, https:\/\/carbide.audio\/wp-content\/uploads\/2021\/07\/carbide-base-bandsaw-2-1024x640.jpg 1024w, https:\/\/carbide.audio\/wp-content\/uploads\/2021\/07\/carbide-base-bandsaw-2-768x480.jpg 768w, https:\/\/carbide.audio\/wp-content\/uploads\/2021\/07\/carbide-base-bandsaw-2-700x438.jpg 700w\" sizes=\"auto, (max-width: 1430px) 100vw, 1430px\" \/>\t\t\t\t\t\t<span class=\"aig-gallery-hover\">\n\t\t\t\t\t\t\t\t\t\t\t\t\t<\/span>\n\t\t\t\t\t\t\t\t\t<\/div>\n\t\t\t<\/div>\n\t\t\t\t\t\t\t\t<div class=\"qode-aig-image qode-item-space\">\n\t\t\t\t<div class=\"qode-aig-image-inner\">\n\t\t\t\t\t\t\t\t\t\t\t<img loading=\"lazy\" decoding=\"async\" width=\"1430\" height=\"894\" src=\"https:\/\/carbide.audio\/wp-content\/uploads\/2021\/10\/carbide-base-lower-assembly-1.jpg\" class=\"attachment-full size-full\" alt=\"\" srcset=\"https:\/\/carbide.audio\/wp-content\/uploads\/2021\/10\/carbide-base-lower-assembly-1.jpg 1430w, https:\/\/carbide.audio\/wp-content\/uploads\/2021\/10\/carbide-base-lower-assembly-1-1080x675.jpg 1080w, https:\/\/carbide.audio\/wp-content\/uploads\/2021\/10\/carbide-base-lower-assembly-1-1000x625.jpg 1000w, https:\/\/carbide.audio\/wp-content\/uploads\/2021\/10\/carbide-base-lower-assembly-1-300x188.jpg 300w, https:\/\/carbide.audio\/wp-content\/uploads\/2021\/10\/carbide-base-lower-assembly-1-1024x640.jpg 1024w, https:\/\/carbide.audio\/wp-content\/uploads\/2021\/10\/carbide-base-lower-assembly-1-768x480.jpg 768w, https:\/\/carbide.audio\/wp-content\/uploads\/2021\/10\/carbide-base-lower-assembly-1-700x438.jpg 700w\" sizes=\"auto, (max-width: 1430px) 100vw, 1430px\" \/>\t\t\t\t\t\t<span class=\"aig-gallery-hover\">\n\t\t\t\t\t\t\t\t\t\t\t\t\t<\/span>\n\t\t\t\t\t\t\t\t\t<\/div>\n\t\t\t<\/div>\n\t\t\t\t\t\t<\/div>\n<\/div>[\/vc_column][\/vc_row][vc_row css_animation=&#8220;&#8220; row_type=&#8220;row&#8220; use_row_as_full_screen_section=&#8220;no&#8220; type=&#8220;full_width&#8220; angled_section=&#8220;no&#8220; text_align=&#8220;left&#8220; background_image_as_pattern=&#8220;without_pattern&#8220; css=&#8220;.vc_custom_1659039365998{background-color: #414141 !important;}&#8220; z_index=&#8220;&#8220;][vc_column el_class=&#8220;upper-angle-polygon&#8220;][vc_raw_html]PHN2ZyB2aWV3Ym94PSIwIDAgMTAwIDYiIGNsYXNzPSJzbW9vdGgtYWxsIiBzdHlsZT0iIj4KICAgICAgICA8cG9seWdvbiBwb2ludHM9IjAsMyA0MCw1IDEwMCwxLjUgMTAwLDYgMCw2IiBzdHlsZT0iZmlsbDogIzQxNDE0MTsiLz4KICAgICAgICA8cG9seWdvbiBwb2ludHM9IjAsMCA0MSw0LjUgMTAwLDAgMTAwLDYgMCw2IiBzdHlsZT0iZmlsbDogIzQxNDE0MThmOyIvPgo8L3N2Zz4=[\/vc_raw_html][\/vc_column][\/vc_row]<\/p>\n<\/div>","protected":false},"excerpt":{"rendered":"<p>[vc_row css_animation=&#8220;&#8220; row_type=&#8220;row&#8220; use_row_as_full_screen_section=&#8220;no&#8220; type=&#8220;full_width&#8220; angled_section=&#8220;no&#8220; text_align=&#8220;left&#8220; background_image_as_pattern=&#8220;without_pattern&#8220;][vc_column el_class=&#8220;lower-angle-polygon&#8220;][vc_raw_html css=&#8220;&#8220;]PHN2ZyB2aWV3Ym94PSIwIDAgMTAwIDYiIGNsYXNzPSJzbW9vdGgtYWxsIiBzdHlsZT0iIj4KICAgICAgICAgICAgPHBvbHlnb24gcG9pbnRzPSIwLDUgMCwwIDEwMCwwIDEwMCw0IDY5LDEuNSIgc3R5bGU9ImZpbGw6ICM0MTQxNDE4ZjsiLz4KICAgICAgICAgICAgPHBvbHlnb24gcG9pbnRzPSIwLDMgMCwwIDEwMCwwIDEwMCwyIDcwLDEiIHN0eWxlPSJmaWxsOiAjNDE0MTQxOyIvPiAgCjwvc3ZnPg==[\/vc_raw_html][\/vc_column][\/vc_row][vc_row css_animation=&#8220;&#8220; row_type=&#8220;row&#8220; use_row_as_full_screen_section=&#8220;no&#8220; type=&#8220;full_width&#8220; angled_section=&#8220;no&#8220; text_align=&#8220;left&#8220; background_image_as_pattern=&#8220;without_pattern&#8220; z_index=&#8220;&#8220; el_class=&#8220;row-background&#8220;][vc_column width=&#8220;1\/6&#8243; offset=&#8220;vc_hidden-sm vc_hidden-xs&#8220;][\/vc_column][vc_column offset=&#8220;vc_col-lg-8 vc_col-md-8 vc_col-xs-12&#8243; el_class=&#8220;center-content-column&#8220;][vc_column_text el_class=&#8220;section-text&#8220;] Carbide Audio Carbide Audio hat seinen Hauptsitz in der Stadt Llano im texanischen H\u00fcgelland, westlich von Austin. Wir&#8230;<\/p>\n","protected":false},"author":1,"featured_media":0,"parent":0,"menu_order":0,"comment_status":"closed","ping_status":"closed","template":"full_width.php","meta":{"editor_plus_copied_stylings":"{}","_monsterinsights_skip_tracking":false,"_monsterinsights_sitenote_active":false,"_monsterinsights_sitenote_note":"","_monsterinsights_sitenote_category":0,"footnotes":""},"class_list":["post-6943","page","type-page","status-publish","hentry"],"aioseo_notices":[],"_links":{"self":[{"href":"https:\/\/carbide.audio\/de\/wp-json\/wp\/v2\/pages\/6943","targetHints":{"allow":["GET"]}}],"collection":[{"href":"https:\/\/carbide.audio\/de\/wp-json\/wp\/v2\/pages"}],"about":[{"href":"https:\/\/carbide.audio\/de\/wp-json\/wp\/v2\/types\/page"}],"author":[{"embeddable":true,"href":"https:\/\/carbide.audio\/de\/wp-json\/wp\/v2\/users\/1"}],"replies":[{"embeddable":true,"href":"https:\/\/carbide.audio\/de\/wp-json\/wp\/v2\/comments?post=6943"}],"version-history":[{"count":0,"href":"https:\/\/carbide.audio\/de\/wp-json\/wp\/v2\/pages\/6943\/revisions"}],"wp:attachment":[{"href":"https:\/\/carbide.audio\/de\/wp-json\/wp\/v2\/media?parent=6943"}],"curies":[{"name":"wp","href":"https:\/\/api.w.org\/{rel}","templated":true}]}}