{"id":6935,"date":"2020-06-25T21:41:23","date_gmt":"2020-06-26T02:41:23","guid":{"rendered":"https:\/\/www.carbide.audio\/bedingungen\/"},"modified":"2025-05-08T22:44:59","modified_gmt":"2025-05-09T03:44:59","slug":"bedingungen","status":"publish","type":"page","link":"https:\/\/carbide.audio\/de\/bedingungen\/","title":{"rendered":"Bedingungen"},"content":{"rendered":"<div class=\"wpb-content-wrapper\"><p>[vc_row css_animation=&#8220;&#8220; row_type=&#8220;row&#8220; use_row_as_full_screen_section=&#8220;no&#8220; type=&#8220;full_width&#8220; angled_section=&#8220;no&#8220; text_align=&#8220;left&#8220; background_image_as_pattern=&#8220;without_pattern&#8220;][vc_column el_class=&#8220;lower-angle-polygon&#8220;][vc_raw_html css=&#8220;&#8220;]PHN2ZyB2aWV3Ym94PSIwIDAgMTAwIDYiIGNsYXNzPSJzbW9vdGgtYWxsIiBzdHlsZT0iIj4KICAgICAgICAgICAgPHBvbHlnb24gcG9pbnRzPSIwLDUgMCwwIDEwMCwwIDEwMCw0IDY5LDEuNSIgc3R5bGU9ImZpbGw6ICM0MTQxNDE4ZjsiLz4KICAgICAgICAgICAgPHBvbHlnb24gcG9pbnRzPSIwLDMgMCwwIDEwMCwwIDEwMCwyIDcwLDEiIHN0eWxlPSJmaWxsOiAjNDE0MTQxOyIvPiAgCjwvc3ZnPg==[\/vc_raw_html][\/vc_column][\/vc_row][vc_row css_animation=&#8220;&#8220; row_type=&#8220;row&#8220; use_row_as_full_screen_section=&#8220;no&#8220; type=&#8220;full_width&#8220; angled_section=&#8220;no&#8220; text_align=&#8220;left&#8220; background_image_as_pattern=&#8220;without_pattern&#8220; z_index=&#8220;&#8220; el_class=&#8220;main-row&#8220; css=&#8220;.vc_custom_1746749352621{padding-top: 120px !important;}&#8220;][vc_column width=&#8220;1\/6&#8243;][\/vc_column][vc_column width=&#8220;2\/3&#8243;][vc_column_text el_class=&#8220;section-text&#8220;]<\/p>\n<h2>Bedingungen und Konditionen<\/h2>\n<p class=\"\">Diese Bedingungen regeln Ihre Nutzung dieser Website. Wenn Sie diese Website weiterhin durchsuchen und nutzen, erkl\u00e4ren Sie sich damit einverstanden, die folgenden Nutzungsbedingungen einzuhalten und an diese gebunden zu sein, die zusammen mit unserer Datenschutzrichtlinie die Beziehung zwischen Carbide Audio LLC und Ihnen in Bezug auf diese Website regeln. Wenn Sie mit einem Teil dieser Bedingungen nicht einverstanden sind, nutzen Sie unsere Website bitte nicht. <\/p>\n<p>&nbsp;<\/p>\n<p class=\"\">Der Begriff &#8222;Carbide Audio&#8220; oder &#8222;uns&#8220; oder &#8222;wir&#8220; bezieht sich auf den Eigent\u00fcmer der Website. Der Begriff &#8222;Sie&#8220; bezieht sich auf den Nutzer oder Betrachter unserer Website. <\/p>\n<p>&nbsp;<\/p>\n<p class=\"\">Die Nutzung dieser Website unterliegt den folgenden Nutzungsbedingungen:<\/p>\n<p>[\/vc_column_text][vc_column_text css=&#8220;.vc_custom_1634411941721{margin-bottom: 50px !important;margin-left: 15px !important;padding-top: 0px !important;}&#8220; el_class=&#8220;section-text&#8220;]<\/p>\n<ul>\n<li>Der Inhalt der Seiten dieser Website dient nur zu Ihrer allgemeinen Information und Nutzung. Sie kann ohne Vorank\u00fcndigung ge\u00e4ndert werden. <\/li>\n<\/ul>\n<p>&nbsp;<\/p>\n<ul>\n<li>Diese Website verwendet Cookies, um die Browsereinstellungen zu \u00fcberwachen. Wenn Sie die Verwendung von Cookies zulassen, k\u00f6nnen die folgenden personenbezogenen Daten von uns zur Verwendung durch Dritte gespeichert werden, wie in unserer <a href=\"https:\/\/www.carbide.audio\/policy\/\">Datenschutzrichtlinie<\/a> angegeben. <\/li>\n<\/ul>\n<p>&nbsp;<\/p>\n<ul>\n<li>Weder wir noch Dritte geben eine Garantie oder Gew\u00e4hrleistung f\u00fcr die Richtigkeit, Aktualit\u00e4t, Leistung, Vollst\u00e4ndigkeit oder Eignung der auf dieser Website gefundenen oder angebotenen Informationen und Materialien f\u00fcr einen bestimmten Zweck. Sie erkennen an, dass diese Informationen und Materialien Ungenauigkeiten oder Fehler enthalten k\u00f6nnen, und wir schlie\u00dfen ausdr\u00fccklich die Haftung f\u00fcr solche Ungenauigkeiten oder Fehler aus, soweit dies gesetzlich zul\u00e4ssig ist. <\/li>\n<\/ul>\n<p>&nbsp;<\/p>\n<ul>\n<li>Die Nutzung von Informationen oder Materialien auf dieser Website erfolgt auf eigenes Risiko, f\u00fcr das wir nicht haften. Es liegt in Ihrer eigenen Verantwortung, sicherzustellen, dass die auf dieser Website angebotenen Produkte, Dienstleistungen oder Informationen Ihren spezifischen Anforderungen entsprechen. <\/li>\n<\/ul>\n<p>&nbsp;<\/p>\n<ul>\n<li>Diese Website enth\u00e4lt Material, das unser Eigentum ist oder f\u00fcr das wir eine Lizenz besitzen. Dieses Material umfasst unter anderem das Design, das Layout, das Aussehen, das Erscheinungsbild und die Grafiken. Die Vervielf\u00e4ltigung ist nur in \u00dcbereinstimmung mit dem Urheberrechtsvermerk gestattet, der Teil dieser Bedingungen ist.  <\/li>\n<\/ul>\n<p>&nbsp;<\/p>\n<ul>\n<li>Alle auf dieser Website wiedergegebenen Marken, die nicht Eigentum des Betreibers sind oder f\u00fcr die er eine Lizenz besitzt, sind auf der Website angegeben. Die unbefugte Nutzung dieser Website kann zu Schadensersatzanspr\u00fcchen f\u00fchren und\/oder eine Straftat darstellen. <\/li>\n<\/ul>\n<p>&nbsp;<\/p>\n<ul>\n<li>Von Zeit zu Zeit kann diese Website auch Links zu anderen Websites enthalten. Diese Links dienen dazu, Ihnen weitere Informationen zur Verf\u00fcgung zu stellen. Sie bedeuten nicht, dass wir die Website(s) guthei\u00dfen. Wir \u00fcbernehmen keine Verantwortung f\u00fcr den Inhalt der verlinkten Website(s).   <\/li>\n<\/ul>\n<p>&nbsp;<\/p>\n<ul>\n<li>Ihre Nutzung dieser Website und alle Streitigkeiten, die sich aus einer solchen Nutzung der Website ergeben, unterliegen den Gesetzen von Texas (USA).<\/li>\n<\/ul>\n<p>[\/vc_column_text][\/vc_column][vc_column width=&#8220;1\/6&#8243;][\/vc_column][\/vc_row][vc_row css_animation=&#8220;&#8220; row_type=&#8220;row&#8220; use_row_as_full_screen_section=&#8220;no&#8220; type=&#8220;full_width&#8220; angled_section=&#8220;no&#8220; text_align=&#8220;left&#8220; background_image_as_pattern=&#8220;without_pattern&#8220;][vc_column el_class=&#8220;lower-angle-polygon&#8220;][vc_raw_html]PHN2ZyB2aWV3Ym94PSIwIDAgMTAwIDYiIGNsYXNzPSJzbW9vdGgtYWxsIiBzdHlsZT0iIj4KICAgICAgICA8cG9seWdvbiBwb2ludHM9IjAsMyAwLDAgMTAwLDAgMTAwLDIgNzAsMSIgc3R5bGU9ImZpbGw6ICNmZmZmZmY7Ii8+CiAgICAgICAgPHBvbHlnb24gcG9pbnRzPSIwLDUgMCwwIDEwMCwwIDEwMCw0IDY5LDEuNSIgc3R5bGU9ImZpbGw6ICNmZmZmZmY4ZjsiLz4KPC9zdmc+[\/vc_raw_html][\/vc_column][\/vc_row]<\/p>\n<\/div>","protected":false},"excerpt":{"rendered":"<p>[vc_row css_animation=&#8220;&#8220; row_type=&#8220;row&#8220; use_row_as_full_screen_section=&#8220;no&#8220; type=&#8220;full_width&#8220; angled_section=&#8220;no&#8220; text_align=&#8220;left&#8220; background_image_as_pattern=&#8220;without_pattern&#8220;][vc_column el_class=&#8220;lower-angle-polygon&#8220;][vc_raw_html css=&#8220;&#8220;]PHN2ZyB2aWV3Ym94PSIwIDAgMTAwIDYiIGNsYXNzPSJzbW9vdGgtYWxsIiBzdHlsZT0iIj4KICAgICAgICAgICAgPHBvbHlnb24gcG9pbnRzPSIwLDUgMCwwIDEwMCwwIDEwMCw0IDY5LDEuNSIgc3R5bGU9ImZpbGw6ICM0MTQxNDE4ZjsiLz4KICAgICAgICAgICAgPHBvbHlnb24gcG9pbnRzPSIwLDMgMCwwIDEwMCwwIDEwMCwyIDcwLDEiIHN0eWxlPSJmaWxsOiAjNDE0MTQxOyIvPiAgCjwvc3ZnPg==[\/vc_raw_html][\/vc_column][\/vc_row][vc_row css_animation=&#8220;&#8220; row_type=&#8220;row&#8220; use_row_as_full_screen_section=&#8220;no&#8220; type=&#8220;full_width&#8220; angled_section=&#8220;no&#8220; text_align=&#8220;left&#8220; background_image_as_pattern=&#8220;without_pattern&#8220; z_index=&#8220;&#8220; el_class=&#8220;main-row&#8220; css=&#8220;.vc_custom_1746749352621{padding-top: 120px !important;}&#8220;][vc_column width=&#8220;1\/6&#8243;][\/vc_column][vc_column width=&#8220;2\/3&#8243;][vc_column_text el_class=&#8220;section-text&#8220;] Bedingungen und Konditionen Diese Bedingungen regeln Ihre Nutzung dieser Website. Wenn Sie diese Website weiterhin durchsuchen und nutzen, erkl\u00e4ren Sie&#8230;<\/p>\n","protected":false},"author":1,"featured_media":0,"parent":0,"menu_order":0,"comment_status":"closed","ping_status":"closed","template":"","meta":{"editor_plus_copied_stylings":"{}","_monsterinsights_skip_tracking":false,"_monsterinsights_sitenote_active":false,"_monsterinsights_sitenote_note":"","_monsterinsights_sitenote_category":0,"footnotes":""},"class_list":["post-6935","page","type-page","status-publish","hentry"],"aioseo_notices":[],"_links":{"self":[{"href":"https:\/\/carbide.audio\/de\/wp-json\/wp\/v2\/pages\/6935","targetHints":{"allow":["GET"]}}],"collection":[{"href":"https:\/\/carbide.audio\/de\/wp-json\/wp\/v2\/pages"}],"about":[{"href":"https:\/\/carbide.audio\/de\/wp-json\/wp\/v2\/types\/page"}],"author":[{"embeddable":true,"href":"https:\/\/carbide.audio\/de\/wp-json\/wp\/v2\/users\/1"}],"replies":[{"embeddable":true,"href":"https:\/\/carbide.audio\/de\/wp-json\/wp\/v2\/comments?post=6935"}],"version-history":[{"count":0,"href":"https:\/\/carbide.audio\/de\/wp-json\/wp\/v2\/pages\/6935\/revisions"}],"wp:attachment":[{"href":"https:\/\/carbide.audio\/de\/wp-json\/wp\/v2\/media?parent=6935"}],"curies":[{"name":"wp","href":"https:\/\/api.w.org\/{rel}","templated":true}]}}