{"id":6929,"date":"2020-07-23T22:06:03","date_gmt":"2020-07-24T03:06:03","guid":{"rendered":"https:\/\/www.carbide.audio\/carbide-base-anleitung\/"},"modified":"2025-07-05T10:32:03","modified_gmt":"2025-07-05T15:32:03","slug":"carbide-base-anleitung","status":"publish","type":"page","link":"https:\/\/carbide.audio\/de\/carbide-base-anleitung\/","title":{"rendered":"Carbide Base Anleitung"},"content":{"rendered":"<div class=\"wpb-content-wrapper\"><p>[vc_row css_animation=&#8220;&#8220; row_type=&#8220;row&#8220; use_row_as_full_screen_section=&#8220;no&#8220; type=&#8220;full_width&#8220; angled_section=&#8220;no&#8220; text_align=&#8220;left&#8220; background_image_as_pattern=&#8220;without_pattern&#8220; el_class=&#8220;instruction-page&#8220; z_index=&#8220;&#8220;][vc_column el_class=&#8220;lower-angle-polygon&#8220;][vc_raw_html css=&#8220;&#8220;]PHN2ZyB2aWV3Ym94PSIwIDAgMTAwIDYiIGNsYXNzPSJzbW9vdGgtYWxsIiBzdHlsZT0iIj4KICAgICAgICAgICAgPHBvbHlnb24gcG9pbnRzPSIwLDUgMCwwIDEwMCwwIDEwMCw0IDY5LDEuNSIgc3R5bGU9ImZpbGw6ICM0MTQxNDE4ZjsiLz4KICAgICAgICAgICAgPHBvbHlnb24gcG9pbnRzPSIwLDMgMCwwIDEwMCwwIDEwMCwyIDcwLDEiIHN0eWxlPSJmaWxsOiAjNDE0MTQxOyIvPiAgCjwvc3ZnPg==[\/vc_raw_html][\/vc_column][\/vc_row][vc_row css_animation=&#8220;&#8220; row_type=&#8220;row&#8220; use_row_as_full_screen_section=&#8220;no&#8220; type=&#8220;full_width&#8220; angled_section=&#8220;no&#8220; text_align=&#8220;left&#8220; background_image_as_pattern=&#8220;without_pattern&#8220; z_index=&#8220;&#8220; el_class=&#8220;instruction-section&#8220; css=&#8220;.vc_custom_1746748509320{padding-top: 100px !important;}&#8220;][vc_column width=&#8220;1\/6&#8243; offset=&#8220;vc_hidden-md vc_hidden-sm vc_hidden-xs&#8220;][\/vc_column][vc_column offset=&#8220;vc_col-lg-8 vc_col-xs-12&#8243; el_class=&#8220;center-column&#8220;][vc_row_inner row_type=&#8220;row&#8220; type=&#8220;full_width&#8220; text_align=&#8220;left&#8220; css_animation=&#8220;&#8220; el_id=&#8220;changing-viscorings&#8220;][vc_column_inner width=&#8220;1\/4&#8243;][vc_single_image image=&#8220;18331&#8243; img_size=&#8220;full&#8220; alignment=&#8220;center&#8220; qode_css_animation=&#8220;&#8220;][\/vc_column_inner][vc_column_inner el_class=&#8220;instruction-steps&#8220; width=&#8220;3\/4&#8243;][vc_column_text el_class=&#8220;section-text&#8220;]<\/p>\n<h2><a href=\"https:\/\/carbide.audio\/de\/carbide-base-anleitung\/wechseln-von-viscorings\/\">Wechselnde ViscoRings\u2122<\/a><\/h2>\n<p>Anleitung zum Entfernen und Anbringen eines ViscoRing\u2122 innerhalb der Carbide Base Fu\u00dfplatte.[\/vc_column_text][vc_raw_html el_class=&#8220;more-arrow-button&#8220;]PGRpdiBjbGFzcz0iYXJyb3ctYnV0dG9uIHNtb290aC1hbGwiPgo8YSBpdGVtcHJvcD0idXJsIiBocmVmPSJodHRwczovL2NhcmJpZGUuYXVkaW8vZGUvY2FyYmlkZS1iYXNlLWFubGVpdHVuZy93ZWNoc2Vsbi12b24tdmlzY29yaW5ncy8iIHRhcmdldD0iX3NlbGYiPgoJICAgIDxzcGFuPjxpIGNsYXNzPSJxb2RlX2ljb25fZm9udF9hd2Vzb21lXzUgZmE1IGZhcyBmYS1jaGV2cm9uLXJpZ2h0IGFycm93LWJ1dHRvbi1hcnJvdyAiPjwvaT48L3NwYW4+CQo8L2E+CjwvZGl2Pg==[\/vc_raw_html][\/vc_column_inner][\/vc_row_inner][vc_row_inner row_type=&#8220;row&#8220; type=&#8220;full_width&#8220; text_align=&#8220;left&#8220; css_animation=&#8220;&#8220; el_id=&#8220;installing-bolts&#8220;][vc_column_inner width=&#8220;1\/4&#8243;][vc_single_image image=&#8220;18341&#8243; img_size=&#8220;full&#8220; alignment=&#8220;center&#8220; qode_css_animation=&#8220;&#8220;][\/vc_column_inner][vc_column_inner el_class=&#8220;instruction-steps&#8220; width=&#8220;3\/4&#8243;][vc_column_text el_class=&#8220;section-text&#8220;]<\/p>\n<h2><a href=\"https:\/\/carbide.audio\/de\/carbide-base-anleitung\/bolzen-einbauen\/\">Bolzen f\u00fcr Lautsprecher einbauen<\/a><\/h2>\n<p>Anleitung zum Anbringen von Bolzen an der Carbide Base Fu\u00dfplatte. Dadurch kann die Carbide Base Fu\u00dfplatte anstelle von Spikes oder herk\u00f6mmlichen Fu\u00dfplatten in Lautsprecher und Ger\u00e4te geschraubt werden.[\/vc_column_text][vc_raw_html el_class=&#8220;more-arrow-button&#8220;]PGRpdiBjbGFzcz0iYXJyb3ctYnV0dG9uIHNtb290aC1hbGwiPgo8YSBpdGVtcHJvcD0idXJsIiBocmVmPSJodHRwczovL2NhcmJpZGUuYXVkaW8vZGUvY2FyYmlkZS1iYXNlLWFubGVpdHVuZy9ib2x6ZW4tZWluYmF1ZW4vIiB0YXJnZXQ9Il9zZWxmIj4KCSAgICA8c3Bhbj48aSBjbGFzcz0icW9kZV9pY29uX2ZvbnRfYXdlc29tZV81IGZhNSBmYXMgZmEtY2hldnJvbi1yaWdodCBhcnJvdy1idXR0b24tYXJyb3cgIj48L2k+PC9zcGFuPgkKPC9hPgo8L2Rpdj4=[\/vc_raw_html][\/vc_column_inner][\/vc_row_inner][vc_row_inner row_type=&#8220;row&#8220; type=&#8220;full_width&#8220; text_align=&#8220;left&#8220; css_animation=&#8220;&#8220;][vc_column_inner width=&#8220;1\/4&#8243;][vc_single_image image=&#8220;20265&#8243; img_size=&#8220;full&#8220; alignment=&#8220;center&#8220; qode_css_animation=&#8220;&#8220;][\/vc_column_inner][vc_column_inner el_class=&#8220;instruction-steps&#8220; width=&#8220;3\/4&#8243;][vc_column_text el_class=&#8220;section-text&#8220;]<\/p>\n<h2><a title=\"Aufr\u00fcsten auf Carbide Base Diamond\" href=\"https:\/\/carbide.audio\/de\/carbide-base-anleitung\/aufruestung-auf-carbide-base-diamant\/\">Aufr\u00fcstung von Carbide-Base-Eins\u00e4tzen<\/a><\/h2>\n<p>Anleitung zum Aufr\u00fcsten einer Standard Carbide Base Audio-Fu\u00dfzeile auf Carbide Base Sapphire oder Carbide Base Diamond.[\/vc_column_text][vc_raw_html el_class=&#8220;more-arrow-button&#8220;]PGRpdiBjbGFzcz0iYXJyb3ctYnV0dG9uIHNtb290aC1hbGwiPgo8YSBpdGVtcHJvcD0idXJsIiBocmVmPSJodHRwczovL2NhcmJpZGUuYXVkaW8vZGUvY2FyYmlkZS1iYXNlLWFubGVpdHVuZy9hdWZydWVzdHVuZy1hdWYtY2FyYmlkZS1iYXNlLWRpYW1hbnQvIiB0YXJnZXQ9Il9zZWxmIj4KCSAgICA8c3Bhbj48aSBjbGFzcz0icW9kZV9pY29uX2ZvbnRfYXdlc29tZV81IGZhNSBmYXMgZmEtY2hldnJvbi1yaWdodCBhcnJvdy1idXR0b24tYXJyb3cgIj48L2k+PC9zcGFuPgkKPC9hPgo8L2Rpdj4=[\/vc_raw_html][\/vc_column_inner][\/vc_row_inner][\/vc_column][vc_column width=&#8220;1\/6&#8243; offset=&#8220;vc_hidden-md vc_hidden-sm vc_hidden-xs&#8220;][\/vc_column][\/vc_row][vc_row css_animation=&#8220;&#8220; row_type=&#8220;row&#8220; use_row_as_full_screen_section=&#8220;no&#8220; type=&#8220;full_width&#8220; angled_section=&#8220;no&#8220; text_align=&#8220;left&#8220; background_image_as_pattern=&#8220;without_pattern&#8220; el_class=&#8220;instruction-page&#8220; z_index=&#8220;&#8220;][vc_column el_class=&#8220;lower-angle-polygon&#8220;][vc_raw_html]PHN2ZyB2aWV3Ym94PSIwIDAgMTAwIDYiIGNsYXNzPSJzbW9vdGgtYWxsIiBzdHlsZT0iIj4KICAgICAgICA8cG9seWdvbiBwb2ludHM9IjAsMyAwLDAgMTAwLDAgMTAwLDIgNzAsMSIgc3R5bGU9ImZpbGw6ICNmZmZmZmY7Ii8+CiAgICAgICAgPHBvbHlnb24gcG9pbnRzPSIwLDUgMCwwIDEwMCwwIDEwMCw0IDY5LDEuNSIgc3R5bGU9ImZpbGw6ICNmZmZmZmY4ZjsiLz4KPC9zdmc+[\/vc_raw_html][\/vc_column][\/vc_row]<\/p>\n<\/div>","protected":false},"excerpt":{"rendered":"<p>[vc_row css_animation=&#8220;&#8220; row_type=&#8220;row&#8220; use_row_as_full_screen_section=&#8220;no&#8220; type=&#8220;full_width&#8220; angled_section=&#8220;no&#8220; text_align=&#8220;left&#8220; background_image_as_pattern=&#8220;without_pattern&#8220; el_class=&#8220;instruction-page&#8220; z_index=&#8220;&#8220;][vc_column el_class=&#8220;lower-angle-polygon&#8220;][vc_raw_html css=&#8220;&#8220;]PHN2ZyB2aWV3Ym94PSIwIDAgMTAwIDYiIGNsYXNzPSJzbW9vdGgtYWxsIiBzdHlsZT0iIj4KICAgICAgICAgICAgPHBvbHlnb24gcG9pbnRzPSIwLDUgMCwwIDEwMCwwIDEwMCw0IDY5LDEuNSIgc3R5bGU9ImZpbGw6ICM0MTQxNDE4ZjsiLz4KICAgICAgICAgICAgPHBvbHlnb24gcG9pbnRzPSIwLDMgMCwwIDEwMCwwIDEwMCwyIDcwLDEiIHN0eWxlPSJmaWxsOiAjNDE0MTQxOyIvPiAgCjwvc3ZnPg==[\/vc_raw_html][\/vc_column][\/vc_row][vc_row css_animation=&#8220;&#8220; row_type=&#8220;row&#8220; use_row_as_full_screen_section=&#8220;no&#8220; type=&#8220;full_width&#8220; angled_section=&#8220;no&#8220; text_align=&#8220;left&#8220; background_image_as_pattern=&#8220;without_pattern&#8220; z_index=&#8220;&#8220; el_class=&#8220;instruction-section&#8220; css=&#8220;.vc_custom_1746748509320{padding-top: 100px !important;}&#8220;][vc_column width=&#8220;1\/6&#8243; offset=&#8220;vc_hidden-md vc_hidden-sm vc_hidden-xs&#8220;][\/vc_column][vc_column offset=&#8220;vc_col-lg-8 vc_col-xs-12&#8243; el_class=&#8220;center-column&#8220;][vc_row_inner row_type=&#8220;row&#8220; type=&#8220;full_width&#8220; text_align=&#8220;left&#8220; css_animation=&#8220;&#8220; el_id=&#8220;changing-viscorings&#8220;][vc_column_inner width=&#8220;1\/4&#8243;][vc_single_image image=&#8220;18331&#8243; img_size=&#8220;full&#8220; alignment=&#8220;center&#8220; qode_css_animation=&#8220;&#8220;][\/vc_column_inner][vc_column_inner el_class=&#8220;instruction-steps&#8220; width=&#8220;3\/4&#8243;][vc_column_text el_class=&#8220;section-text&#8220;] Wechselnde&#8230;<\/p>\n","protected":false},"author":1,"featured_media":0,"parent":0,"menu_order":0,"comment_status":"closed","ping_status":"closed","template":"full_width.php","meta":{"editor_plus_copied_stylings":"{}","_monsterinsights_skip_tracking":false,"_monsterinsights_sitenote_active":false,"_monsterinsights_sitenote_note":"","_monsterinsights_sitenote_category":0,"footnotes":""},"class_list":["post-6929","page","type-page","status-publish","hentry"],"aioseo_notices":[],"_links":{"self":[{"href":"https:\/\/carbide.audio\/de\/wp-json\/wp\/v2\/pages\/6929","targetHints":{"allow":["GET"]}}],"collection":[{"href":"https:\/\/carbide.audio\/de\/wp-json\/wp\/v2\/pages"}],"about":[{"href":"https:\/\/carbide.audio\/de\/wp-json\/wp\/v2\/types\/page"}],"author":[{"embeddable":true,"href":"https:\/\/carbide.audio\/de\/wp-json\/wp\/v2\/users\/1"}],"replies":[{"embeddable":true,"href":"https:\/\/carbide.audio\/de\/wp-json\/wp\/v2\/comments?post=6929"}],"version-history":[{"count":0,"href":"https:\/\/carbide.audio\/de\/wp-json\/wp\/v2\/pages\/6929\/revisions"}],"wp:attachment":[{"href":"https:\/\/carbide.audio\/de\/wp-json\/wp\/v2\/media?parent=6929"}],"curies":[{"name":"wp","href":"https:\/\/api.w.org\/{rel}","templated":true}]}}