{"id":20499,"date":"2023-04-15T17:03:38","date_gmt":"2023-04-15T22:03:38","guid":{"rendered":"https:\/\/carbide.audio\/carbide-base-anleitung\/aufruestung-auf-carbide-base-diamant\/"},"modified":"2025-05-09T11:32:42","modified_gmt":"2025-05-09T16:32:42","slug":"aufruestung-auf-carbide-base-diamant","status":"publish","type":"page","link":"https:\/\/carbide.audio\/de\/carbide-base-anleitung\/aufruestung-auf-carbide-base-diamant\/","title":{"rendered":"Aufr\u00fcstung von Carbide-Base-Eins\u00e4tzen"},"content":{"rendered":"<div class=\"wpb-content-wrapper\"><p>[vc_row css_animation=&#8220;&#8220; row_type=&#8220;row&#8220; use_row_as_full_screen_section=&#8220;no&#8220; type=&#8220;full_width&#8220; angled_section=&#8220;no&#8220; text_align=&#8220;left&#8220; background_image_as_pattern=&#8220;without_pattern&#8220;][vc_column el_class=&#8220;lower-angle-polygon&#8220;][vc_raw_html css=&#8220;&#8220;]PHN2ZyB2aWV3Ym94PSIwIDAgMTAwIDYiIGNsYXNzPSJzbW9vdGgtYWxsIiBzdHlsZT0iIj4KICAgICAgICAgICAgPHBvbHlnb24gcG9pbnRzPSIwLDUgMCwwIDEwMCwwIDEwMCw0IDY5LDEuNSIgc3R5bGU9ImZpbGw6ICM0MTQxNDE4ZjsiLz4KICAgICAgICAgICAgPHBvbHlnb24gcG9pbnRzPSIwLDMgMCwwIDEwMCwwIDEwMCwyIDcwLDEiIHN0eWxlPSJmaWxsOiAjNDE0MTQxOyIvPiAgCjwvc3ZnPg==[\/vc_raw_html][\/vc_column][\/vc_row][vc_row css_animation=&#8220;&#8220; row_type=&#8220;row&#8220; use_row_as_full_screen_section=&#8220;no&#8220; type=&#8220;full_width&#8220; angled_section=&#8220;no&#8220; text_align=&#8220;left&#8220; background_image_as_pattern=&#8220;without_pattern&#8220; el_id=&#8220;Upgrading-Diamant&#8220; z_index=&#8220;&#8220; el_class=&#8220;instruction-section&#8220; css=&#8220;.vc_custom_1746748847845{padding-top: 100px !important;}&#8220;][vc_column width=&#8220;1\/6&#8243; offset=&#8220;vc_hidden-md vc_hidden-sm vc_hidden-xs&#8220;][\/vc_column][vc_column offset=&#8220;vc_col-lg-8 vc_col-md-12 vc_col-xs-12&#8243;][vc_column_text el_class=&#8220;section-text&#8220;]<\/p>\n<h1>Aufr\u00fcstung von Carbide-Base-Eins\u00e4tzen<\/h1>\n<p>Anleitung zum Aufr\u00fcsten von Carbide Base Footern auf die Versionen Sapphire oder Diamond durch Austausch des oberen Einsatzes am Footer. Die <a href=\"https:\/\/carbide.audio\/de\/produkt\/carbide-base-diamond-upgrade\/\">Eins\u00e4tze Sapphire und Diamond<\/a> sind separat f\u00fcr alle <a href=\"https:\/\/carbide.audio\/de\/einfuehrung-der-evo-version-der-carbide-base\/\">Carbide Base Evo<\/a> Fu\u00dfplatten erh\u00e4ltlich.[\/vc_column_text][vc_row_inner row_type=&#8220;row&#8220; type=&#8220;full_width&#8220; text_align=&#8220;left&#8220; css_animation=&#8220;&#8220;][vc_column_inner width=&#8220;1\/2&#8243;][vc_single_image image=&#8220;18100&#8243; img_size=&#8220;full&#8220; alignment=&#8220;center&#8220; qode_css_animation=&#8220;&#8220;][\/vc_column_inner][vc_column_inner el_class=&#8220;instruction-steps&#8220; width=&#8220;1\/2&#8243;][vc_raw_html]PHA+PHNwYW4gY2xhc3M9Imluc3RydWN0aW9uLW51bWJlciI+MTwvc3Bhbj4gRsO8aHJlbiBTaWUgZGVuIG1pdGdlbGllZmVydGVuIFNjaHJhdWJlbmRyZWhlciBpbiBqZWRlcyBkZXIgMyBvYmVyZW4gTMO2Y2hlciBlaW4gdW5kIHNjaHJhdWJlbiBTaWUgZGllIGRhcmluIGJlZmluZGxpY2hlbiBCb2x6ZW4gaGVyYXVzLiA8ZW0+SGlud2Vpczo8L2VtPiBXZW5uIFNpZSBkaWUgU2NocmF1YmVuIHZvbGxzdMOkbmRpZyBoZXJhdXNnZWRyZWh0IGhhYmVuLCB2ZXJibGVpYmVuIHNpZSB1bnRlciBkZW0gRWRlbHN0YWhsZGVja2VsLjwvcD4=[\/vc_raw_html][\/vc_column_inner][\/vc_row_inner][vc_row_inner row_type=&#8220;row&#8220; type=&#8220;full_width&#8220; text_align=&#8220;left&#8220; css_animation=&#8220;&#8220;][vc_column_inner width=&#8220;1\/2&#8243;][vc_single_image image=&#8220;18362&#8243; img_size=&#8220;full&#8220; alignment=&#8220;center&#8220; qode_css_animation=&#8220;&#8220;][\/vc_column_inner][vc_column_inner el_class=&#8220;instruction-steps&#8220; width=&#8220;1\/2&#8243;][vc_raw_html]PHA+CjxzcGFuIGNsYXNzPSJpbnN0cnVjdGlvbi1udW1iZXIiPjI8L3NwYW4+IEhlYmVsbiBTaWUgZGVuIG9iZXJlbiB1bmQgdW50ZXJlbiBUZWlsIGF1c2VpbmFuZGVyLCB1bSBhbiBkaWUgVW50ZXJzZWl0ZSBkZXMgb2JlcmVuIEdlaMOkdXNlcyB6dSBnZWxhbmdlbi4gU2VpZW4gU2llIGdlZHVsZGlnIGJlaW0gQXVzZWluYW5kZXJuZWhtZW4sIGRhIGRlciBWaXNjb1JpbmfihKIga2xlYnJpZyB3ZXJkZW4ga2FubiB1bmQgc2ljaCBudXIgbGFuZ3NhbSBsw7ZzdC4gRGVyIHVudGVyZSBUZWlsIGthbm4gdGVpbHdlaXNlIGhlcmF1c2dlc2NocmF1YnQgd2VyZGVuLCB1bSBkaWUgSGViZWx3aXJrdW5nIHp1IGVyaMO2aGVuLiAgCjwvcD4KCjxwPgogCjwvcD4KCjxwPgo8c3BhbiBjbGFzcz0iaW5zdHJ1Y3Rpb24tbnVtYmVyIj4zPC9zcGFuPiBWZXJ3ZW5kZW4gU2llIGRlbiBtaXRnZWxpZWZlcnRlbiBTY2hyYXViZW5kcmVoZXIsIHVtIGRpZSAzIFNjaHJhdWJlbiB6dSBsw7ZzZW4sIG1pdCBkZW5lbiBkZXIgU3RhbmRhcmRlaW5zYXR6IGFtIG9iZXJlbiBHZWjDpHVzZSBiZWZlc3RpZ3QgaXN0Lgo8L3A+[\/vc_raw_html][\/vc_column_inner][\/vc_row_inner][vc_row_inner row_type=&#8220;row&#8220; type=&#8220;full_width&#8220; text_align=&#8220;left&#8220; css_animation=&#8220;&#8220;][vc_column_inner width=&#8220;1\/2&#8243;][vc_single_image image=&#8220;19629&#8243; img_size=&#8220;full&#8220; alignment=&#8220;center&#8220; qode_css_animation=&#8220;&#8220;][\/vc_column_inner][vc_column_inner el_class=&#8220;instruction-steps&#8220; width=&#8220;1\/2&#8243;][vc_raw_html]PHA+CjxzcGFuIGNsYXNzPSJpbnN0cnVjdGlvbi1udW1iZXIiPjQ8L3NwYW4+IEVudGZlcm5lbiBTaWUgZGVuIFN0YW5kYXJkZWluc2F0eiwgaW5kZW0gU2llIGlobiBhdXMgZGVyIHVudGVyZW4gTWl0dGUgZGVzIEdlaMOkdXNlcyBoZXJhdXNkcsO8Y2tlbi4KPC9wPgoKPHA+CiAKPC9wPgoKPHA+CjxzcGFuIGNsYXNzPSJpbnN0cnVjdGlvbi1udW1iZXIiPjU8L3NwYW4+IFNldHplbiBTaWUgZGVuIG5ldWVuIEVpbnNhdHogZWluIHVuZCBkcsO8Y2tlbiBTaWUgaWhuIG5hY2ggdW50ZW4sIHVtIGlobiB2b2xsc3TDpG5kaWcgaW4gZGllIMOWZmZudW5nIGFuIGRlciBPYmVyc2VpdGUgZGVzIG9iZXJlbiBHZWjDpHVzZXMgZWluenVzZXR6ZW4uCjwvcD4KCjxwPgogCjwvcD4KCjxwPgo8c3BhbiBjbGFzcz0iaW5zdHJ1Y3Rpb24tbnVtYmVyIj42PC9zcGFuPiBWZXJ3ZW5kZW4gU2llIGRlbiBtaXRnZWxpZWZlcnRlbiBTY2hyYXViZW5kcmVoZXIsIHVtIGRpZSAzIFNjaHJhdWJlbiwgZGllIGRlbiBFaW5zYXR6IGFtIG9iZXJlbiBHZWjDpHVzZSBoYWx0ZW4sIHdpZWRlciBlaW56dXNjaHJhdWJlbi48L3A+CjwvcD4=[\/vc_raw_html][\/vc_column_inner][\/vc_row_inner][vc_row_inner row_type=&#8220;row&#8220; type=&#8220;full_width&#8220; text_align=&#8220;left&#8220; css_animation=&#8220;&#8220;][vc_column_inner width=&#8220;1\/2&#8243;][vc_single_image image=&#8220;19639&#8243; img_size=&#8220;full&#8220; alignment=&#8220;center&#8220; qode_css_animation=&#8220;&#8220;][\/vc_column_inner][vc_column_inner el_class=&#8220;instruction-steps&#8220; width=&#8220;1\/2&#8243;][vc_raw_html]PHA+CjxzcGFuIGNsYXNzPSJpbnN0cnVjdGlvbi1udW1iZXIiPjc8L3NwYW4+IFJpY2h0ZW4gU2llIGRpZSBvYmVyZW4gTMO2Y2hlciBkZXMgb2JlcmVuIFRlaWxzIG1pdCBkZW4gR2V3aW5kZWzDtmNoZXJuIGF1ZiBkZXIgT2JlcnNlaXRlIGRlcyB1bnRlcmVuIFRlaWxzIGF1cy4gRHLDvGNrZW4gU2llIGRlbiBvYmVyZW4gVGVpbCBuYWNoIHVudGVuIMO8YmVyIGRlbiB1bnRlcmVuIFRlaWwuIFN0ZWNrZW4gU2llIGRlbiBTY2hyYXViZW5kcmVoZXIgaW4gZGllIG9iZXJlbiBMw7ZjaGVyIHVuZCB6aWVoZW4gU2llIGRpZSBkYXJpbiBiZWZpbmRsaWNoZW4gU2NocmF1YmVuIGZlc3QuIFdlbm4gZGllIEJvbHplbiBpbW1lciBub2NoIG5pY2h0IG1pdCBkZW4gTMO2Y2hlcm4gw7xiZXJlaW5zdGltbWVuLCBlbnRmZXJuZW4gU2llIGRlbiBvYmVyZW4gVGVpbCB1bmQgdmVyc3VjaGVuIFNpZSBlcyBlcm5ldXQuICAgCjwvcD4=[\/vc_raw_html][\/vc_column_inner][\/vc_row_inner][\/vc_column][vc_column width=&#8220;1\/6&#8243; offset=&#8220;vc_hidden-md vc_hidden-sm vc_hidden-xs&#8220;][\/vc_column][\/vc_row][vc_row css_animation=&#8220;&#8220; row_type=&#8220;row&#8220; use_row_as_full_screen_section=&#8220;no&#8220; type=&#8220;full_width&#8220; angled_section=&#8220;no&#8220; text_align=&#8220;left&#8220; background_image_as_pattern=&#8220;without_pattern&#8220; el_class=&#8220;instruction-page&#8220; z_index=&#8220;&#8220;][vc_column el_class=&#8220;lower-angle-polygon&#8220;][vc_raw_html]PHN2ZyB2aWV3Ym94PSIwIDAgMTAwIDYiIGNsYXNzPSJzbW9vdGgtYWxsIiBzdHlsZT0iIj4KICAgICAgICA8cG9seWdvbiBwb2ludHM9IjAsMyAwLDAgMTAwLDAgMTAwLDIgNzAsMSIgc3R5bGU9ImZpbGw6ICNmZmZmZmY7Ii8+CiAgICAgICAgPHBvbHlnb24gcG9pbnRzPSIwLDUgMCwwIDEwMCwwIDEwMCw0IDY5LDEuNSIgc3R5bGU9ImZpbGw6ICNmZmZmZmY4ZjsiLz4KPC9zdmc+[\/vc_raw_html][\/vc_column][\/vc_row]<\/p>\n<\/div>","protected":false},"excerpt":{"rendered":"<p>[vc_row css_animation=&#8220;&#8220; row_type=&#8220;row&#8220; use_row_as_full_screen_section=&#8220;no&#8220; type=&#8220;full_width&#8220; angled_section=&#8220;no&#8220; text_align=&#8220;left&#8220; background_image_as_pattern=&#8220;without_pattern&#8220;][vc_column el_class=&#8220;lower-angle-polygon&#8220;][vc_raw_html css=&#8220;&#8220;]PHN2ZyB2aWV3Ym94PSIwIDAgMTAwIDYiIGNsYXNzPSJzbW9vdGgtYWxsIiBzdHlsZT0iIj4KICAgICAgICAgICAgPHBvbHlnb24gcG9pbnRzPSIwLDUgMCwwIDEwMCwwIDEwMCw0IDY5LDEuNSIgc3R5bGU9ImZpbGw6ICM0MTQxNDE4ZjsiLz4KICAgICAgICAgICAgPHBvbHlnb24gcG9pbnRzPSIwLDMgMCwwIDEwMCwwIDEwMCwyIDcwLDEiIHN0eWxlPSJmaWxsOiAjNDE0MTQxOyIvPiAgCjwvc3ZnPg==[\/vc_raw_html][\/vc_column][\/vc_row][vc_row css_animation=&#8220;&#8220; row_type=&#8220;row&#8220; use_row_as_full_screen_section=&#8220;no&#8220; type=&#8220;full_width&#8220; angled_section=&#8220;no&#8220; text_align=&#8220;left&#8220; background_image_as_pattern=&#8220;without_pattern&#8220; el_id=&#8220;Upgrading-Diamant&#8220; z_index=&#8220;&#8220; el_class=&#8220;instruction-section&#8220; css=&#8220;.vc_custom_1746748847845{padding-top: 100px !important;}&#8220;][vc_column width=&#8220;1\/6&#8243; offset=&#8220;vc_hidden-md vc_hidden-sm vc_hidden-xs&#8220;][\/vc_column][vc_column offset=&#8220;vc_col-lg-8 vc_col-md-12 vc_col-xs-12&#8243;][vc_column_text el_class=&#8220;section-text&#8220;] Aufr\u00fcstung von Carbide-Base-Eins\u00e4tzen Anleitung zum Aufr\u00fcsten von Carbide Base Footern auf die Versionen Sapphire&#8230;<\/p>\n","protected":false},"author":1,"featured_media":0,"parent":6929,"menu_order":0,"comment_status":"closed","ping_status":"closed","template":"","meta":{"editor_plus_copied_stylings":"{}","_monsterinsights_skip_tracking":false,"_monsterinsights_sitenote_active":false,"_monsterinsights_sitenote_note":"","_monsterinsights_sitenote_category":0,"footnotes":""},"class_list":["post-20499","page","type-page","status-publish","hentry"],"aioseo_notices":[],"_links":{"self":[{"href":"https:\/\/carbide.audio\/de\/wp-json\/wp\/v2\/pages\/20499","targetHints":{"allow":["GET"]}}],"collection":[{"href":"https:\/\/carbide.audio\/de\/wp-json\/wp\/v2\/pages"}],"about":[{"href":"https:\/\/carbide.audio\/de\/wp-json\/wp\/v2\/types\/page"}],"author":[{"embeddable":true,"href":"https:\/\/carbide.audio\/de\/wp-json\/wp\/v2\/users\/1"}],"replies":[{"embeddable":true,"href":"https:\/\/carbide.audio\/de\/wp-json\/wp\/v2\/comments?post=20499"}],"version-history":[{"count":0,"href":"https:\/\/carbide.audio\/de\/wp-json\/wp\/v2\/pages\/20499\/revisions"}],"up":[{"embeddable":true,"href":"https:\/\/carbide.audio\/de\/wp-json\/wp\/v2\/pages\/6929"}],"wp:attachment":[{"href":"https:\/\/carbide.audio\/de\/wp-json\/wp\/v2\/media?parent=20499"}],"curies":[{"name":"wp","href":"https:\/\/api.w.org\/{rel}","templated":true}]}}