{"id":19472,"date":"2023-04-15T15:07:59","date_gmt":"2023-04-15T20:07:59","guid":{"rendered":"https:\/\/carbide.audio\/carbide-base-anleitung\/bolzen-einbauen\/"},"modified":"2025-06-09T21:18:34","modified_gmt":"2025-06-10T02:18:34","slug":"bolzen-einbauen","status":"publish","type":"page","link":"https:\/\/carbide.audio\/de\/carbide-base-anleitung\/bolzen-einbauen\/","title":{"rendered":"Bolzen einbauen"},"content":{"rendered":"<div class=\"wpb-content-wrapper\"><p>[vc_row css_animation=&#8220;&#8220; row_type=&#8220;row&#8220; use_row_as_full_screen_section=&#8220;no&#8220; type=&#8220;full_width&#8220; angled_section=&#8220;no&#8220; text_align=&#8220;left&#8220; background_image_as_pattern=&#8220;without_pattern&#8220;][vc_column el_class=&#8220;lower-angle-polygon&#8220;][vc_raw_html css=&#8220;&#8220;]PHN2ZyB2aWV3Ym94PSIwIDAgMTAwIDYiIGNsYXNzPSJzbW9vdGgtYWxsIiBzdHlsZT0iIj4KICAgICAgICAgICAgPHBvbHlnb24gcG9pbnRzPSIwLDUgMCwwIDEwMCwwIDEwMCw0IDY5LDEuNSIgc3R5bGU9ImZpbGw6ICM0MTQxNDE4ZjsiLz4KICAgICAgICAgICAgPHBvbHlnb24gcG9pbnRzPSIwLDMgMCwwIDEwMCwwIDEwMCwyIDcwLDEiIHN0eWxlPSJmaWxsOiAjNDE0MTQxOyIvPiAgCjwvc3ZnPg==[\/vc_raw_html][\/vc_column][\/vc_row][vc_row css_animation=&#8220;&#8220; row_type=&#8220;row&#8220; use_row_as_full_screen_section=&#8220;no&#8220; type=&#8220;full_width&#8220; angled_section=&#8220;no&#8220; text_align=&#8220;left&#8220; background_image_as_pattern=&#8220;without_pattern&#8220; el_id=&#8220;Montageschrauben&#8220; z_index=&#8220;&#8220; el_class=&#8220;instruction-section&#8220; css=&#8220;.vc_custom_1746748802029{padding-top: 100px !important;}&#8220;][vc_column width=&#8220;1\/6&#8243; offset=&#8220;vc_hidden-md vc_hidden-sm vc_hidden-xs&#8220;][\/vc_column][vc_column offset=&#8220;vc_col-lg-8 vc_col-xs-12&#8243;][vc_column_text el_class=&#8220;section-text&#8220;]<\/p>\n<h1>Bolzen f\u00fcr Lautsprecher einbauen<\/h1>\n<p>Anleitung zum Anbringen von Bolzen an der Carbide Base Fu\u00dfplatte. Dadurch kann die Carbide Base Fu\u00dfplatte anstelle von Spikes oder herk\u00f6mmlichen Fu\u00dfplatten in Lautsprecher und Ger\u00e4te geschraubt werden. <\/p>\n<p>&nbsp;<\/p>\n<p>Es ist ein <a href=\"https:\/\/carbide.audio\/de\/produkt\/fuszeilen-bausatz\/\">Schraubensatz<\/a> erh\u00e4ltlich, der g\u00e4ngige Schraubengr\u00f6\u00dfen in metrischer oder z\u00f6lliger Ausf\u00fchrung enth\u00e4lt. Sie k\u00f6nnen alle handels\u00fcblichen metrischen Schrauben nach DIN 963A von M4 bis M10 oder imperiale Schrauben nach ANSI B18.6.3 von #8-32 bis 1\/2\u2033-13 verwenden.<\/p>\n<p>&nbsp;<\/p>\n<p>Diese Montagemethode ist optional. Eine \u00e4hnliche Leistung ist m\u00f6glich, wenn Sie einfach die Spitze eines Lautsprechers in das Loch oben in der Mitte der Fu\u00dfleiste stecken.[\/vc_column_text][vc_row_inner row_type=&#8220;row&#8220; type=&#8220;full_width&#8220; text_align=&#8220;left&#8220; css_animation=&#8220;&#8220;][vc_column_inner width=&#8220;1\/2&#8243;][vc_single_image image=&#8220;18100&#8243; img_size=&#8220;full&#8220; alignment=&#8220;center&#8220; qode_css_animation=&#8220;&#8220;][\/vc_column_inner][vc_column_inner el_class=&#8220;instruction-steps&#8220; width=&#8220;1\/2&#8243;][vc_raw_html]PHA+PHNwYW4gY2xhc3M9Imluc3RydWN0aW9uLW51bWJlciI+MTwvc3Bhbj4gRsO8aHJlbiBTaWUgZGVuIG1pdGdlbGllZmVydGVuIFNjaGxpdHpzY2hyYXViZW5kcmVoZXIgaW4gZGllIDMgb2JlcmVuIEzDtmNoZXIgZWluIHVuZCBzY2hyYXViZW4gU2llIGRpZSBkYXJpbiBiZWZpbmRsaWNoZW4gQm9semVuIGhlcmF1cy4gPGVtPkhpbndlaXM6PC9lbT4gV2VubiBTaWUgZGllIFNjaHJhdWJlbiB2b2xsc3TDpG5kaWcgaGVyYXVzZ2VkcmVodCBoYWJlbiwgdmVyYmxlaWJlbiBzaWUgdW50ZXIgZGVtIEVkZWxzdGFobGRlY2tlbC48L3A+[\/vc_raw_html][\/vc_column_inner][\/vc_row_inner][vc_row_inner row_type=&#8220;row&#8220; type=&#8220;full_width&#8220; text_align=&#8220;left&#8220; css_animation=&#8220;&#8220;][vc_column_inner width=&#8220;1\/2&#8243;][vc_single_image image=&#8220;18144&#8243; img_size=&#8220;full&#8220; alignment=&#8220;center&#8220; qode_css_animation=&#8220;&#8220;][\/vc_column_inner][vc_column_inner el_class=&#8220;instruction-steps&#8220; width=&#8220;1\/2&#8243;][vc_raw_html css=&#8220;&#8220;]PHA+CjxzcGFuIGNsYXNzPSJpbnN0cnVjdGlvbi1udW1iZXIiPjI8L3NwYW4+IEhlYmVsbiBTaWUgZGVuIG9iZXJlbiB1bmQgdW50ZXJlbiBUZWlsIGF1c2VpbmFuZGVyLCB1bSBhbiBkaWUgVW50ZXJzZWl0ZSBkZXMgb2JlcmVuIEdlaMOkdXNlcyB6dSBnZWxhbmdlbi4gU2VpZW4gU2llIGdlZHVsZGlnIGJlaW0gQXVzZWluYW5kZXJuZWhtZW4sIGRhIGRpZSBWaXNjb1JpbmfihKIga2xlYnJpZyB3ZXJkZW4ga2FubiB1bmQgc2ljaCBudXIgbGFuZ3NhbSBsw7ZzdC4gIDxzdHJvbmc+RsOkZGVsbiBTaWUgZGllIFVudGVyc2VpdGUgZGVyIEZ1w59sZWlzdGUgdGVpbHdlaXNlIGF1ZiwgdW0gZGllIEhlYmVsd2lya3VuZyB6dSBlcmjDtmhlbi48L3N0cm9uZz4KPC9wPgoKPHA+CiAKPC9wPgoKPHA+CjxzcGFuIGNsYXNzPSJpbnN0cnVjdGlvbi1udW1iZXIiPjM8L3NwYW4+IFN0ZWNrZW4gU2llIGRlbiBtaXRnZWxpZWZlcnRlbiBTY2hyYXViZW5kcmVoZXIgaW4gZGVuIFNjaGxpdHogaW4gZGVyIEJvbHplbmhhbHRlcnVuZywgZGllIGluIGRlciB1bnRlcmVuIE1pdHRlIGRlcyBHZWjDpHVzZXMgZWluZ2VzY2hyYXVidCBpc3QuCjwvcD4=[\/vc_raw_html][\/vc_column_inner][\/vc_row_inner][vc_row_inner row_type=&#8220;row&#8220; type=&#8220;full_width&#8220; text_align=&#8220;left&#8220; css_animation=&#8220;&#8220;][vc_column_inner width=&#8220;1\/2&#8243;][vc_single_image image=&#8220;18154&#8243; img_size=&#8220;full&#8220; alignment=&#8220;center&#8220; qode_css_animation=&#8220;&#8220;][\/vc_column_inner][vc_column_inner el_class=&#8220;instruction-steps&#8220; width=&#8220;1\/2&#8243;][vc_raw_html]PHA+CjxzcGFuIGNsYXNzPSJpbnN0cnVjdGlvbi1udW1iZXIiPjQ8L3NwYW4+IFNjaHJhdWJlbiBTaWUgZGllIFNjaHJhdWJlbmhhbHRlcnVuZyBhYiB1bmQgbGVnZW4gU2llIHNpZSBiZWlzZWl0ZS4gQmVzdGltbWVuIFNpZSBkaWUgenUgdmVyd2VuZGVuZGUgU2NocmF1YmUsIGluZGVtIFNpZSBzaWUgdm9uIEhhbmQgaW4gZGFzIG9mZmVuZSBMb2NoIGFuIGRlciBVbnRlcnNlaXRlIElocmVzIEF1ZGlvZ2Vyw6R0cyBvZGVyIExhdXRzcHJlY2hlcnMgc2NocmF1YmVuLiAKPC9wPgoKPHA+CiAKPC9wPgoKPHA+CjxzcGFuIGNsYXNzPSJpbnN0cnVjdGlvbi1udW1iZXIiPjU8L3NwYW4+IDxlbT4oT3B0aW9uYWwpPC9lbT4gV2VubiBkZXIgQm9semVuIHp1IGdyb8OfIGbDvHIgZGllIMOWZmZudW5nIGluIGRlciBzY2h3YXJ6ZW4gTnlsb25zY2hlaWJlIGlzdCwgZW50ZmVybmVuIFNpZSBpaG4sIGluZGVtIFNpZSBpaG4gdm9uIG9iZW4gaGVyYWJkcsO8Y2tlbi4gQmVpIGtsZWluZXJlbiBTY2hyYXViZW4gZGVyIEdyw7bDn2VuIE00LCBNNiwgIzgtMzIgb2RlciAxLzQiLTIwIGxhc3NlbiBTaWUgZGllIE55bG9uc2NoZWliZSBhbiBpaHJlbSBQbGF0ei4gCjwvcD4=[\/vc_raw_html][\/vc_column_inner][\/vc_row_inner][vc_row_inner row_type=&#8220;row&#8220; type=&#8220;full_width&#8220; text_align=&#8220;left&#8220; css_animation=&#8220;&#8220;][vc_column_inner width=&#8220;1\/2&#8243;][vc_single_image image=&#8220;18164&#8243; img_size=&#8220;full&#8220; alignment=&#8220;center&#8220; qode_css_animation=&#8220;&#8220;][\/vc_column_inner][vc_column_inner el_class=&#8220;instruction-steps&#8220; width=&#8220;1\/2&#8243;][vc_raw_html]PHA+CjxzcGFuIGNsYXNzPSJpbnN0cnVjdGlvbi1udW1iZXIiPjY8L3NwYW4+IFN0ZWNrZW4gU2llIGRpZSBnZXfDvG5zY2h0ZSBTY2hyYXViZSBuYWNoIG9iZW4gaW4gZGVuIEJvZGVuIGRlcyBHZWjDpHVzZXMuIEhhbHRlbiBTaWUgZGVuIEJvbHplbiB2b24gZGVyIE9iZXJzZWl0ZSBkZXMgRnXDn2JvZGVucyBhdXMgZmVzdCB1bmQgc2NocmF1YmVuIFNpZSBkZW4gZGFoaW50ZXIgbGllZ2VuZGVuIEJvbHplbmhhbHRlciA8ZW0+ZmVzdDwvZW0+LiBBY2h0ZW4gU2llIGRhcmF1ZiwgZGFzcyBzaWNoIGRlciBCb2x6ZW4gbmljaHQgdmVyZHJlaHQuIDxlbT5IaW53ZWlzOjwvZW0+IFNvbGx0ZSBzaWNoIGRlciBCb2x6ZW4gamVtYWxzIGxvY2tlcm4sIHNjaHJhdWJlbiBTaWUgZGllIFVudGVyc2VpdGUgZGVyIEZ1w59sZWlzdGUgdm9sbHN0w6RuZGlnIGFiIHVuZCBlbnRmZXJuZW4gU2llIHNpZS4gWmllaGVuIFNpZSBkaWUgQm9semVuaGFsdGVydW5nIHdpZWRlciBmZXN0LCBpbmRlbSBTaWUgZGVuIFNjaHJhdWJlbmRyZWhlciBkdXJjaCBkYXMgbWl0dGxlcmUgTG9jaCBhbiBkZXIgVW50ZXJzZWl0ZSBkZXIgRnXDn2xlaXN0ZSBmw7xocmVuLiAgIAo8L3A+[\/vc_raw_html][\/vc_column_inner][\/vc_row_inner][vc_row_inner row_type=&#8220;row&#8220; type=&#8220;full_width&#8220; text_align=&#8220;left&#8220; css_animation=&#8220;&#8220;][vc_column_inner width=&#8220;1\/2&#8243;][vc_single_image image=&#8220;18174&#8243; img_size=&#8220;full&#8220; alignment=&#8220;center&#8220; qode_css_animation=&#8220;&#8220;][\/vc_column_inner][vc_column_inner el_class=&#8220;instruction-steps&#8220; width=&#8220;1\/2&#8243;][vc_raw_html css=&#8220;&#8220;]PHA+CjxzcGFuIGNsYXNzPSJpbnN0cnVjdGlvbi1udW1iZXIiPjc8L3NwYW4+IFNldHplbiBTaWUgZGllIFZpc2NvUmluZ+KEoiBpbiBkaWUgQXVzc3BhcnVuZyBhbSBFZGVsc3RhaGwtVW50ZXJ0ZWlsLiBSaWNodGVuIFNpZSBkaWUgb2JlcmVuIEzDtmNoZXIgYW0gb2JlcmVuIFRlaWwgbWl0IGRlbiBHZXdpbmRlbMO2Y2hlcm4gb2JlbiBhbSB1bnRlcmVuIFRlaWwgYXVzLiBEcsO8Y2tlbiBTaWUgZGVuIG9iZXJlbiBUZWlsIMO8YmVyIGRlbiBWaXNjb1JpbmfihKIgdW5kIGRlbiB1bnRlcmVuIFRlaWwsIHdvYmVpIGRpZSBTY2hyYXViZW4gYW4gZGVyIFVudGVyc2VpdGUgZGVzIEdlaMOkdXNlcyBnZXJhZGUgbmFjaCB1bnRlbiB6ZWlnZW4uIFN0ZWNrZW4gU2llIGRlbiBTY2hyYXViZW5kcmVoZXIgaW4gZGllIG9iZXJlbiBMw7ZjaGVyIHVuZCB6aWVoZW4gU2llIGRpZSBkYXJpbiBiZWZpbmRsaWNoZW4gU2NocmF1YmVuIGZlc3QuICA8c3Ryb25nPldlbm4gZGllIEJvbHplbiBpbW1lciBub2NoIG5pY2h0IG1pdCBkZW4gTMO2Y2hlcm4gw7xiZXJlaW5zdGltbWVuLCBlbnRmZXJuZW4gU2llIGRlbiBvYmVyZW4gVGVpbCB1bmQgdmVyc3VjaGVuIFNpZSBlcyBlcm5ldXQuPC9zdHJvbmc+CjwvcD4=[\/vc_raw_html][\/vc_column_inner][\/vc_row_inner][vc_row_inner row_type=&#8220;row&#8220; type=&#8220;full_width&#8220; text_align=&#8220;left&#8220; css_animation=&#8220;&#8220;][vc_column_inner width=&#8220;1\/2&#8243;][vc_single_image image=&#8220;18184&#8243; img_size=&#8220;full&#8220; alignment=&#8220;center&#8220; qode_css_animation=&#8220;&#8220;][\/vc_column_inner][vc_column_inner el_class=&#8220;instruction-steps&#8220; width=&#8220;1\/2&#8243;][vc_raw_html]PHA+CjxzcGFuIGNsYXNzPSJpbnN0cnVjdGlvbi1udW1iZXIiPjg8L3NwYW4+IFNjaHJhdWJlbiBTaWUgZGllIENhcmJpZGUgQmFzZSBGdcOfbGVpc3RlIGluIGRpZSBHZXdpbmRlYm9ocnVuZ2VuIGFuIGRlciBVbnRlcnNlaXRlIGRlcyBHZXLDpHRzIG9kZXIgTGF1dHNwcmVjaGVycy4KPC9wPg==[\/vc_raw_html][\/vc_column_inner][\/vc_row_inner][\/vc_column][vc_column width=&#8220;1\/6&#8243; offset=&#8220;vc_hidden-md vc_hidden-sm vc_hidden-xs&#8220;][\/vc_column][\/vc_row][vc_row css_animation=&#8220;&#8220; row_type=&#8220;row&#8220; use_row_as_full_screen_section=&#8220;no&#8220; type=&#8220;full_width&#8220; angled_section=&#8220;no&#8220; text_align=&#8220;left&#8220; background_image_as_pattern=&#8220;without_pattern&#8220; el_class=&#8220;instruction-page&#8220; z_index=&#8220;&#8220;][vc_column el_class=&#8220;lower-angle-polygon&#8220;][vc_raw_html]PHN2ZyB2aWV3Ym94PSIwIDAgMTAwIDYiIGNsYXNzPSJzbW9vdGgtYWxsIiBzdHlsZT0iIj4KICAgICAgICA8cG9seWdvbiBwb2ludHM9IjAsMyAwLDAgMTAwLDAgMTAwLDIgNzAsMSIgc3R5bGU9ImZpbGw6ICNmZmZmZmY7Ii8+CiAgICAgICAgPHBvbHlnb24gcG9pbnRzPSIwLDUgMCwwIDEwMCwwIDEwMCw0IDY5LDEuNSIgc3R5bGU9ImZpbGw6ICNmZmZmZmY4ZjsiLz4KPC9zdmc+[\/vc_raw_html][\/vc_column][\/vc_row]<\/p>\n<\/div>","protected":false},"excerpt":{"rendered":"<p>[vc_row css_animation=&#8220;&#8220; row_type=&#8220;row&#8220; use_row_as_full_screen_section=&#8220;no&#8220; type=&#8220;full_width&#8220; angled_section=&#8220;no&#8220; text_align=&#8220;left&#8220; background_image_as_pattern=&#8220;without_pattern&#8220;][vc_column el_class=&#8220;lower-angle-polygon&#8220;][vc_raw_html css=&#8220;&#8220;]PHN2ZyB2aWV3Ym94PSIwIDAgMTAwIDYiIGNsYXNzPSJzbW9vdGgtYWxsIiBzdHlsZT0iIj4KICAgICAgICAgICAgPHBvbHlnb24gcG9pbnRzPSIwLDUgMCwwIDEwMCwwIDEwMCw0IDY5LDEuNSIgc3R5bGU9ImZpbGw6ICM0MTQxNDE4ZjsiLz4KICAgICAgICAgICAgPHBvbHlnb24gcG9pbnRzPSIwLDMgMCwwIDEwMCwwIDEwMCwyIDcwLDEiIHN0eWxlPSJmaWxsOiAjNDE0MTQxOyIvPiAgCjwvc3ZnPg==[\/vc_raw_html][\/vc_column][\/vc_row][vc_row css_animation=&#8220;&#8220; row_type=&#8220;row&#8220; use_row_as_full_screen_section=&#8220;no&#8220; type=&#8220;full_width&#8220; angled_section=&#8220;no&#8220; text_align=&#8220;left&#8220; background_image_as_pattern=&#8220;without_pattern&#8220; el_id=&#8220;Montageschrauben&#8220; z_index=&#8220;&#8220; el_class=&#8220;instruction-section&#8220; css=&#8220;.vc_custom_1746748802029{padding-top: 100px !important;}&#8220;][vc_column width=&#8220;1\/6&#8243; offset=&#8220;vc_hidden-md vc_hidden-sm vc_hidden-xs&#8220;][\/vc_column][vc_column offset=&#8220;vc_col-lg-8 vc_col-xs-12&#8243;][vc_column_text el_class=&#8220;section-text&#8220;] Bolzen f\u00fcr Lautsprecher einbauen Anleitung zum Anbringen von Bolzen an der Carbide Base Fu\u00dfplatte. Dadurch&#8230;<\/p>\n","protected":false},"author":1,"featured_media":0,"parent":6929,"menu_order":0,"comment_status":"closed","ping_status":"closed","template":"","meta":{"editor_plus_copied_stylings":"{}","_monsterinsights_skip_tracking":false,"_monsterinsights_sitenote_active":false,"_monsterinsights_sitenote_note":"","_monsterinsights_sitenote_category":0,"footnotes":""},"class_list":["post-19472","page","type-page","status-publish","hentry"],"aioseo_notices":[],"_links":{"self":[{"href":"https:\/\/carbide.audio\/de\/wp-json\/wp\/v2\/pages\/19472","targetHints":{"allow":["GET"]}}],"collection":[{"href":"https:\/\/carbide.audio\/de\/wp-json\/wp\/v2\/pages"}],"about":[{"href":"https:\/\/carbide.audio\/de\/wp-json\/wp\/v2\/types\/page"}],"author":[{"embeddable":true,"href":"https:\/\/carbide.audio\/de\/wp-json\/wp\/v2\/users\/1"}],"replies":[{"embeddable":true,"href":"https:\/\/carbide.audio\/de\/wp-json\/wp\/v2\/comments?post=19472"}],"version-history":[{"count":0,"href":"https:\/\/carbide.audio\/de\/wp-json\/wp\/v2\/pages\/19472\/revisions"}],"up":[{"embeddable":true,"href":"https:\/\/carbide.audio\/de\/wp-json\/wp\/v2\/pages\/6929"}],"wp:attachment":[{"href":"https:\/\/carbide.audio\/de\/wp-json\/wp\/v2\/media?parent=19472"}],"curies":[{"name":"wp","href":"https:\/\/api.w.org\/{rel}","templated":true}]}}