{"id":18921,"date":"2023-05-18T07:01:34","date_gmt":"2023-05-18T12:01:34","guid":{"rendered":"https:\/\/carbide.audio\/messungen\/schwingungsdaempfung-durch-carbide-base\/"},"modified":"2025-05-09T11:32:50","modified_gmt":"2025-05-09T16:32:50","slug":"schwingungsdaempfung-durch-carbide-base","status":"publish","type":"page","link":"https:\/\/carbide.audio\/de\/messungen\/schwingungsdaempfung-durch-carbide-base\/","title":{"rendered":"Schwingungsd\u00e4mpfung durch Carbide-Bases-Fu\u00dfleisten"},"content":{"rendered":"<div class=\"wpb-content-wrapper\"><p>[vc_row css_animation=&#8220;&#8220; row_type=&#8220;row&#8220; use_row_as_full_screen_section=&#8220;no&#8220; type=&#8220;full_width&#8220; angled_section=&#8220;no&#8220; text_align=&#8220;left&#8220; background_image_as_pattern=&#8220;without_pattern&#8220;][vc_column el_class=&#8220;lower-angle-polygon&#8220;][vc_raw_html css=&#8220;&#8220;]PHN2ZyB2aWV3Ym94PSIwIDAgMTAwIDYiIGNsYXNzPSJzbW9vdGgtYWxsIiBzdHlsZT0iIj4KICAgICAgICAgICAgPHBvbHlnb24gcG9pbnRzPSIwLDUgMCwwIDEwMCwwIDEwMCw0IDY5LDEuNSIgc3R5bGU9ImZpbGw6ICM0MTQxNDE4ZjsiLz4KICAgICAgICAgICAgPHBvbHlnb24gcG9pbnRzPSIwLDMgMCwwIDEwMCwwIDEwMCwyIDcwLDEiIHN0eWxlPSJmaWxsOiAjNDE0MTQxOyIvPiAgCjwvc3ZnPg==[\/vc_raw_html][\/vc_column][\/vc_row][vc_row css_animation=&#8220;&#8220; row_type=&#8220;row&#8220; use_row_as_full_screen_section=&#8220;no&#8220; type=&#8220;full_width&#8220; angled_section=&#8220;no&#8220; text_align=&#8220;left&#8220; background_image_as_pattern=&#8220;without_pattern&#8220; z_index=&#8220;&#8220; el_class=&#8220;main-row&#8220; css=&#8220;.vc_custom_1746750016097{padding-top: 120px !important;}&#8220;][vc_column width=&#8220;1\/6&#8243;][\/vc_column][vc_column width=&#8220;2\/3&#8243; el_class=&#8220;center-column&#8220;][vc_column_text css=&#8220;.vc_custom_1684410292398{margin-bottom: 30px !important;}&#8220;]<\/p>\n<h1>Schwingungsd\u00e4mpfung durch Carbide-Bases-Fu\u00dfleisten<\/h1>\n<p>&nbsp;<\/p>\n<p>Es ist bekannt, dass das Geh\u00e4use eines Lautsprechers bei seinen unteren Resonanzfrequenzen erheblich zum abgestrahlten Gesamtschall beitr\u00e4gt<a class=\"cite-style\" href=\"#cite-1-1\">[1]<\/a>. Obwohl die Oberfl\u00e4chengeschwindigkeit der Platten eines Lautsprechers gering ist, strahlen die Platten mit einem um ein Vielfaches h\u00f6heren Wirkungsgrad als die Chassis. Dies ist auf die gro\u00dfe Abstrahlungsfl\u00e4che der Platten im Verh\u00e4ltnis zur Abstrahlungsfl\u00e4che der Treiber zur\u00fcckzuf\u00fchren. Schall, der von den Geh\u00e4usew\u00e4nden abgestrahlt wird, kann zu h\u00f6rbaren Verzerrungen f\u00fchren und sollte gemildert werden. Die D\u00e4mpfung der Geh\u00e4usew\u00e4nde ist eine wirksame Methode zur Verringerung der Amplitude von Resonanzen<a class=\"cite-style\" href=\"#cite-1-2\">[2]<\/a>.<\/p>\n<p>&nbsp;<\/p>\n<p>Das Ziel dieses Experiments war es, festzustellen, ob die Platzierung von <a href=\"https:\/\/www.carbide.audio\/product\/carbide-base\/\">Carbide Base<\/a> Fu\u00dfleisten unter einem Lautsprecher die niederfrequenten Resonanzen in den Platten des Lautsprechergeh\u00e4uses reduzieren k\u00f6nnen. Die Verringerung der Plattenresonanzen w\u00fcrde dazu beitragen, die Verbesserung der Schwingungsd\u00e4mpfung durch die Sockel zu quantifizieren. Diese Verbesserung wird mit dem Basisfall eines Lautsprechergeh\u00e4uses verglichen, das auf Stahlspikes auf einem Betonboden steht.[\/vc_column_text][vc_column_text]<\/p>\n<h3>Test-Lautsprecher<\/h3>\n<p>Um Vibrationstests durchzuf\u00fchren, haben wir zun\u00e4chst ein Test-Lautsprechergeh\u00e4use gebaut. Das Geh\u00e4use wurde aus HDPE-Platten (High Density Polyethylene) gefertigt, wobei 25 mm dicke Platten f\u00fcr die Au\u00dfenseite und 50 mm dicke Platten f\u00fcr die Innenverstrebungen verwendet wurden. Zwei Accuton AS250-6-552 250 mm (10 Zoll) Tieft\u00f6ner wurden an gegen\u00fcberliegenden Seiten des Geh\u00e4uses montiert. Das Geh\u00e4use wurde mit einem Innenvolumen von 129 Litern versiegelt, was einen Qtc-Wert von etwa 0,64 ergibt. Im Inneren des Geh\u00e4uses war keine F\u00fcllung vorhanden. Die Gesamtmasse des Geh\u00e4uses mit den montierten Tieft\u00f6nern betrug 83 kg (183 lbs.).[\/vc_column_text][vc_row_inner row_type=&#8220;row&#8220; type=&#8220;full_width&#8220; text_align=&#8220;left&#8220; css_animation=&#8220;&#8220; el_class=&#8220;section-row&#8220;][vc_column_inner offset=&#8220;vc_col-lg-4 vc_col-md-4 vc_col-xs-12&#8243;][vc_single_image image=&#8220;4134&#8243; img_size=&#8220;full&#8220; alignment=&#8220;center&#8220; onclick=&#8220;link_image&#8220; qode_css_animation=&#8220;&#8220; el_class=&#8220;img-borders&#8220;][\/vc_column_inner][vc_column_inner offset=&#8220;vc_col-lg-4 vc_col-md-4 vc_col-xs-12&#8243;][vc_single_image image=&#8220;4156&#8243; img_size=&#8220;full&#8220; alignment=&#8220;center&#8220; onclick=&#8220;link_image&#8220; qode_css_animation=&#8220;&#8220; el_class=&#8220;img-borders&#8220;][\/vc_column_inner][vc_column_inner offset=&#8220;vc_col-lg-4 vc_col-md-4 vc_col-xs-12&#8243;][vc_single_image image=&#8220;4145&#8243; img_size=&#8220;full&#8220; alignment=&#8220;center&#8220; onclick=&#8220;link_image&#8220; qode_css_animation=&#8220;&#8220; el_class=&#8220;img-borders&#8220;][\/vc_column_inner][\/vc_row_inner][vc_row_inner row_type=&#8220;row&#8220; type=&#8220;full_width&#8220; text_align=&#8220;left&#8220; css_animation=&#8220;&#8220; el_class=&#8220;section-row&#8220;][vc_column_inner offset=&#8220;vc_col-lg-3 vc_col-md-3 vc_col-xs-12&#8243;][vc_single_image image=&#8220;4112&#8243; img_size=&#8220;full&#8220; alignment=&#8220;center&#8220; onclick=&#8220;link_image&#8220; qode_css_animation=&#8220;&#8220; el_class=&#8220;img-borders&#8220;][\/vc_column_inner][vc_column_inner offset=&#8220;vc_col-lg-9 vc_col-md-9 vc_col-xs-12&#8243;][vc_column_text]<\/p>\n<h3>Messungen der Schwingungsd\u00e4mpfung<\/h3>\n<p>In unserem Experiment zur Schwingungsd\u00e4mpfung wurden die Messungen an den Au\u00dfenplatten des Lautsprechergeh\u00e4uses vorgenommen. Die erste Reihe von Messungen wurde in der unteren Mitte des Geh\u00e4uses vorgenommen. Die zweite Reihe von Messungen wurde am oberen Teil der linken Seitenwand in einer H\u00f6he von 76 cm \u00fcber dem Boden des Geh\u00e4uses vorgenommen. Die Messungen wurden zun\u00e4chst mit dem Geh\u00e4use auf Stahlspikes durchgef\u00fchrt, die direkt auf dem Betonboden auflagen. Die gleiche Messung wurde dann noch einmal durchgef\u00fchrt, als das Geh\u00e4use auf Carbide Base stand.    <\/p>\n<p>&nbsp;<\/p>\n<p>Zur Messung der Vibrationen wurde ein piezoelektrischer Beschleunigungssensor ACH-01 von Measurement Specialties verwendet. Der Sensor wurde mit doppelseitigem Klebeband am Geh\u00e4use befestigt. Ein logarithmisches Sinussignal von 35 Hz bis 200 Hz wurde \u00fcber die Tieft\u00f6ner abgespielt und die Schwingungen des Paneels wurden gemessen. Es wurden Wasserfalldiagramme erstellt, um das Abklingen der Vibrationsamplitude \u00fcber die Zeit zu zeigen.   <\/p>\n<p>&nbsp;<\/p>\n<p>Die <span style=\"color: #6496f9;\">blauen<\/span> Wasserf\u00e4lle stellen Messungen dar, bei denen das Geh\u00e4use auf Carbide Base Sockeln steht, und die <span style=\"color: #fd6565;\">roten<\/span> Wasserf\u00e4lle stellen Messungen dar, bei denen das Geh\u00e4use auf Stahlspikes steht, die direkt den Betonboden ber\u00fchren.[\/vc_column_text][\/vc_column_inner][\/vc_row_inner][vc_column_text]<\/p>\n<h3 style=\"text-align: center;\">Untere Platte<\/h3>\n<p>[\/vc_column_text][vc_row_inner row_type=&#8220;row&#8220; type=&#8220;full_width&#8220; text_align=&#8220;left&#8220; css_animation=&#8220;&#8220; el_class=&#8220;section-row&#8220;][vc_column_inner offset=&#8220;vc_col-lg-6 vc_col-md-6 vc_col-xs-12&#8243;][vc_single_image image=&#8220;4178&#8243; img_size=&#8220;full&#8220; alignment=&#8220;center&#8220; qode_css_animation=&#8220;&#8220;][vc_column_text]<\/p>\n<h6 style=\"text-align: center;\">On Floor Spikes<\/h6>\n<p>[\/vc_column_text][\/vc_column_inner][vc_column_inner offset=&#8220;vc_col-lg-6 vc_col-md-6 vc_col-xs-12&#8243;][vc_single_image image=&#8220;4189&#8243; img_size=&#8220;full&#8220; alignment=&#8220;center&#8220; qode_css_animation=&#8220;&#8220;][vc_column_text]<\/p>\n<h6 style=\"text-align: center;\">Auf Carbide Base Fu\u00dfzeilen<\/h6>\n<p>[\/vc_column_text][\/vc_column_inner][\/vc_row_inner][vc_column_text]<\/p>\n<h3 style=\"text-align: center;\">Obere Seitenwand<\/h3>\n<p>[\/vc_column_text][vc_row_inner row_type=&#8220;row&#8220; type=&#8220;full_width&#8220; text_align=&#8220;left&#8220; css_animation=&#8220;&#8220; el_class=&#8220;section-row&#8220;][vc_column_inner offset=&#8220;vc_col-lg-6 vc_col-md-6 vc_col-xs-12&#8243;][vc_single_image image=&#8220;4200&#8243; img_size=&#8220;full&#8220; alignment=&#8220;center&#8220; qode_css_animation=&#8220;&#8220;][vc_column_text]<\/p>\n<h6 style=\"text-align: center;\">On Floor Spikes<\/h6>\n<p>[\/vc_column_text][\/vc_column_inner][vc_column_inner offset=&#8220;vc_col-lg-6 vc_col-md-6 vc_col-xs-12&#8243;][vc_single_image image=&#8220;4211&#8243; img_size=&#8220;full&#8220; alignment=&#8220;center&#8220; qode_css_animation=&#8220;&#8220;][vc_column_text]<\/p>\n<h6 style=\"text-align: center;\">Auf Carbide Base Fu\u00dfzeilen<\/h6>\n<p>[\/vc_column_text][\/vc_column_inner][\/vc_row_inner][vc_column_text el_class=&#8220;section-row&#8220;]<\/p>\n<h3>Schlussfolgerung<\/h3>\n<p>Die Messungen best\u00e4tigten, dass niederfrequente Resonanzen innerhalb der Paneele unseres Testlautsprechers ged\u00e4mpft wurden, wenn der Lautsprecher auf Carbide Base Sockeln anstelle von Bodenspikes aufgestellt wurde. Dieser D\u00e4mpfungseffekt trat nicht nur lokal in der N\u00e4he des Kontakts mit den Sockeln auf, sondern auch an einer Stelle nahe dem gegen\u00fcberliegenden Ende des Geh\u00e4uses. Die Amplitude und die Abklingzeit der meisten Resonanzen, die in beiden Paneelen vorhanden waren, wurden reduziert, wenn der Lautsprecher auf den Carbide Base Standf\u00fc\u00dfen stand. Eine bemerkenswerte Ausnahme war die Resonanz um 150 Hz, bei der eine Abnahme der Amplitude und ein anf\u00e4nglich schnelleres Abklingen zu verzeichnen war, gefolgt von einer geringen Zunahme der Abklingzeit unter -40 dBFS. Im untersten Frequenzbereich, in dem Geh\u00e4useresonanzen am st\u00e4rksten h\u00f6rbar sind, wurde die Schwingungsamplitude in einigen F\u00e4llen um \u00fcber 80 % reduziert.[\/vc_column_text][vc_column_text]<\/p>\n<h3>Referenzen<\/h3>\n<p><cite id=\"cite-1-1\">[1] Bastyr, K. J., &amp; Capone, D. E. (2003). <a href=\"https:\/\/www.aes.org\/e-lib\/browse.cfm?elib=12234\">Zur akustischen Abstrahlung aus dem Geh\u00e4use eines Lautsprechers<\/a>. <em>AES: Journal of the Audio Engineering Society<\/em>, <em>51<\/em>(4), 234-243.<\/cite><\/p>\n<p>&nbsp;<\/p>\n<p><cite id=\"cite-1-2\">[2] Juha Backman, <a href=\"https:\/\/secure.aes.org\/forum\/pubs\/conventions\/?elib=7384\">Effect of panel damping on loudspeaker enclosure vibration<\/a>, 1996, Nokia Mobile Phones, Finnland.<\/cite>[\/vc_column_text][\/vc_column][vc_column width=&#8220;1\/6&#8243;][\/vc_column][\/vc_row][vc_row css_animation=&#8220;&#8220; row_type=&#8220;row&#8220; use_row_as_full_screen_section=&#8220;no&#8220; type=&#8220;full_width&#8220; angled_section=&#8220;no&#8220; text_align=&#8220;left&#8220; background_image_as_pattern=&#8220;without_pattern&#8220;][vc_column el_class=&#8220;lower-angle-polygon&#8220;][vc_raw_html]PHN2ZyB2aWV3Ym94PSIwIDAgMTAwIDYiIGNsYXNzPSJzbW9vdGgtYWxsIiBzdHlsZT0iIj4KICAgICAgICA8cG9seWdvbiBwb2ludHM9IjAsMyAwLDAgMTAwLDAgMTAwLDIgNzAsMSIgc3R5bGU9ImZpbGw6ICNmZmZmZmY7Ii8+CiAgICAgICAgPHBvbHlnb24gcG9pbnRzPSIwLDUgMCwwIDEwMCwwIDEwMCw0IDY5LDEuNSIgc3R5bGU9ImZpbGw6ICNmZmZmZmY4ZjsiLz4KPC9zdmc+[\/vc_raw_html][\/vc_column][\/vc_row]<\/p>\n<\/div>","protected":false},"excerpt":{"rendered":"<p>[vc_row css_animation=&#8220;&#8220; row_type=&#8220;row&#8220; use_row_as_full_screen_section=&#8220;no&#8220; type=&#8220;full_width&#8220; angled_section=&#8220;no&#8220; text_align=&#8220;left&#8220; background_image_as_pattern=&#8220;without_pattern&#8220;][vc_column el_class=&#8220;lower-angle-polygon&#8220;][vc_raw_html css=&#8220;&#8220;]PHN2ZyB2aWV3Ym94PSIwIDAgMTAwIDYiIGNsYXNzPSJzbW9vdGgtYWxsIiBzdHlsZT0iIj4KICAgICAgICAgICAgPHBvbHlnb24gcG9pbnRzPSIwLDUgMCwwIDEwMCwwIDEwMCw0IDY5LDEuNSIgc3R5bGU9ImZpbGw6ICM0MTQxNDE4ZjsiLz4KICAgICAgICAgICAgPHBvbHlnb24gcG9pbnRzPSIwLDMgMCwwIDEwMCwwIDEwMCwyIDcwLDEiIHN0eWxlPSJmaWxsOiAjNDE0MTQxOyIvPiAgCjwvc3ZnPg==[\/vc_raw_html][\/vc_column][\/vc_row][vc_row css_animation=&#8220;&#8220; row_type=&#8220;row&#8220; use_row_as_full_screen_section=&#8220;no&#8220; type=&#8220;full_width&#8220; angled_section=&#8220;no&#8220; text_align=&#8220;left&#8220; background_image_as_pattern=&#8220;without_pattern&#8220; z_index=&#8220;&#8220; el_class=&#8220;main-row&#8220; css=&#8220;.vc_custom_1746750016097{padding-top: 120px !important;}&#8220;][vc_column width=&#8220;1\/6&#8243;][\/vc_column][vc_column width=&#8220;2\/3&#8243; el_class=&#8220;center-column&#8220;][vc_column_text css=&#8220;.vc_custom_1684410292398{margin-bottom: 30px !important;}&#8220;] Schwingungsd\u00e4mpfung durch Carbide-Bases-Fu\u00dfleisten &nbsp; Es ist bekannt, dass das Geh\u00e4use eines Lautsprechers bei seinen unteren Resonanzfrequenzen erheblich&#8230;<\/p>\n","protected":false},"author":1,"featured_media":0,"parent":6951,"menu_order":0,"comment_status":"closed","ping_status":"closed","template":"","meta":{"editor_plus_copied_stylings":"{}","_monsterinsights_skip_tracking":false,"_monsterinsights_sitenote_active":false,"_monsterinsights_sitenote_note":"","_monsterinsights_sitenote_category":0,"footnotes":""},"class_list":["post-18921","page","type-page","status-publish","hentry"],"aioseo_notices":[],"_links":{"self":[{"href":"https:\/\/carbide.audio\/de\/wp-json\/wp\/v2\/pages\/18921","targetHints":{"allow":["GET"]}}],"collection":[{"href":"https:\/\/carbide.audio\/de\/wp-json\/wp\/v2\/pages"}],"about":[{"href":"https:\/\/carbide.audio\/de\/wp-json\/wp\/v2\/types\/page"}],"author":[{"embeddable":true,"href":"https:\/\/carbide.audio\/de\/wp-json\/wp\/v2\/users\/1"}],"replies":[{"embeddable":true,"href":"https:\/\/carbide.audio\/de\/wp-json\/wp\/v2\/comments?post=18921"}],"version-history":[{"count":0,"href":"https:\/\/carbide.audio\/de\/wp-json\/wp\/v2\/pages\/18921\/revisions"}],"up":[{"embeddable":true,"href":"https:\/\/carbide.audio\/de\/wp-json\/wp\/v2\/pages\/6951"}],"wp:attachment":[{"href":"https:\/\/carbide.audio\/de\/wp-json\/wp\/v2\/media?parent=18921"}],"curies":[{"name":"wp","href":"https:\/\/api.w.org\/{rel}","templated":true}]}}