{"id":16845,"date":"2023-02-07T09:16:07","date_gmt":"2023-02-07T15:16:07","guid":{"rendered":"https:\/\/www.carbide.audio\/vertriebspartner\/"},"modified":"2026-04-02T08:39:56","modified_gmt":"2026-04-02T13:39:56","slug":"vertriebspartner","status":"publish","type":"page","link":"https:\/\/carbide.audio\/de\/vertriebspartner\/","title":{"rendered":"Vertriebspartner"},"content":{"rendered":"<div class=\"wpb-content-wrapper\"><p>[vc_row css_animation=&#8220;&#8220; row_type=&#8220;row&#8220; use_row_as_full_screen_section=&#8220;no&#8220; type=&#8220;full_width&#8220; angled_section=&#8220;no&#8220; text_align=&#8220;left&#8220; background_image_as_pattern=&#8220;without_pattern&#8220;][vc_column el_class=&#8220;lower-angle-polygon&#8220;][vc_raw_html css=&#8220;&#8220;]PHN2ZyB2aWV3Ym94PSIwIDAgMTAwIDYiIGNsYXNzPSJzbW9vdGgtYWxsIiBzdHlsZT0iIj4KICAgICAgICAgICAgPHBvbHlnb24gcG9pbnRzPSIwLDUgMCwwIDEwMCwwIDEwMCw0IDY5LDEuNSIgc3R5bGU9ImZpbGw6ICM0MTQxNDE4ZjsiLz4KICAgICAgICAgICAgPHBvbHlnb24gcG9pbnRzPSIwLDMgMCwwIDEwMCwwIDEwMCwyIDcwLDEiIHN0eWxlPSJmaWxsOiAjNDE0MTQxOyIvPiAgCjwvc3ZnPg==[\/vc_raw_html][\/vc_column][\/vc_row][vc_row css_animation=&#8220;&#8220; row_type=&#8220;row&#8220; use_row_as_full_screen_section=&#8220;no&#8220; type=&#8220;full_width&#8220; angled_section=&#8220;no&#8220; text_align=&#8220;left&#8220; background_image_as_pattern=&#8220;without_pattern&#8220; el_class=&#8220;main-row&#8220; z_index=&#8220;&#8220; css=&#8220;.vc_custom_1746749059291{padding-top: 120px !important;}&#8220;][vc_column width=&#8220;1\/6&#8243;][\/vc_column][vc_column width=&#8220;2\/3&#8243; el_class=&#8220;center-column&#8220;][vc_column_text css=&#8220;&#8220;]<\/p>\n<h1>Distributoren und H\u00e4ndler<\/h1>\n<p>&nbsp;<\/p>\n<p>Die Produkte von Carbide Audio k\u00f6nnen Sie bei den unten aufgef\u00fchrten Distributoren und H\u00e4ndlern weltweit erwerben.<\/p>\n<p>&nbsp;<\/p>\n<p>Wir k\u00f6nnen auch direkt nach ganz Nordamerika oder international in L\u00e4nder liefern, die nicht durch einen H\u00e4ndler vertreten sind. Bitte lesen Sie unsere <a href=\"https:\/\/carbide.audio\/de\/politiken\/#shipping\">Versandbedingungen<\/a> f\u00fcr weitere Details.[\/vc_column_text][vc_row_inner row_type=&#8220;row&#8220; type=&#8220;full_width&#8220; text_align=&#8220;left&#8220; css_animation=&#8220;&#8220; el_class=&#8220;section-text&#8220;][vc_column_inner width=&#8220;1\/4&#8243;][vc_single_image image=&#8220;27179&#8243; img_size=&#8220;full&#8220; css=&#8220;&#8220; qode_css_animation=&#8220;&#8220; el_class=&#8220;distributor-logo&#8220;][\/vc_column_inner][vc_column_inner width=&#8220;3\/4&#8243;][vc_column_text css=&#8220;&#8220;]<\/p>\n<h2>Festland Europa<\/h2>\n<h3>DreamAudio<\/h3>\n<p>&nbsp;<\/p>\n<blockquote class=\"wp-embedded-content\" data-secret=\"j9Wg50FvKm\"><p><a href=\"https:\/\/dreamaudio.eu\/\">Home<\/a><\/p><\/blockquote>\n<p><iframe loading=\"lazy\" class=\"wp-embedded-content\" sandbox=\"allow-scripts\" security=\"restricted\" style=\"position: absolute; visibility: hidden;\" title=\"&#8220;Home&#8221; &#8212; Dreamaudio\" src=\"https:\/\/dreamaudio.eu\/embed\/#?secret=QbxRdG1WxH#?secret=j9Wg50FvKm\" data-secret=\"j9Wg50FvKm\" width=\"600\" height=\"338\" frameborder=\"0\" marginwidth=\"0\" marginheight=\"0\" scrolling=\"no\"><\/iframe><br \/>\nE-Mail: <a href=\"mailto:info@dreamaudio.eu\" target=\"_blank\" rel=\"noopener\">info@dreamaudio.eu<\/a><\/p>\n<p>&nbsp;<\/p>\n<h4>Wien<\/h4>\n<p><em>Josefsplatz 6,<br \/>\n1010 Wienna, \u00d6sterreich<\/em><\/p>\n<p>Telefon: <a role=\"link\" href=\"tel:436609583934\" target=\"_blank\" rel=\"noopener\">+43 660 958 3934<\/a><\/p>\n<p>&nbsp;<\/p>\n<h4>Bratislava<\/h4>\n<p><em>Rusovsk\u00e1 cesta 46<br \/>\nBratislava-Petr\u017e\u00e1lka, 851 01<\/em><\/p>\n<p>Telefon: <a role=\"link\" href=\"tel:4210907838806\" target=\"_blank\" rel=\"noopener\">+421 (0) 907 838 806<\/a><\/p>\n<p>&nbsp;<\/p>\n<h4>Ibiza<\/h4>\n<p><em>Carrer Salvador Camacho, 13, 07840 Santa Eul\u00e0ria des Riu,<br \/>\nIlles Balears, Spanien<\/em><\/p>\n<p>Telefon: <a role=\"link\" href=\"tel:34649909536\" target=\"_blank\" rel=\"noopener\">+34649909536<\/a>[\/vc_column_text][\/vc_column_inner][\/vc_row_inner][vc_row_inner row_type=&#8220;row&#8220; type=&#8220;full_width&#8220; text_align=&#8220;left&#8220; css_animation=&#8220;&#8220; el_class=&#8220;section-text&#8220;][vc_column_inner width=&#8220;1\/4&#8243;][vc_single_image image=&#8220;43350&#8243; img_size=&#8220;full&#8220; css=&#8220;&#8220; qode_css_animation=&#8220;&#8220; el_class=&#8220;distributor-logo&#8220;][\/vc_column_inner][vc_column_inner width=&#8220;3\/4&#8243;][vc_column_text css=&#8220;&#8220;]<\/p>\n<h2>Vereinigtes K\u00f6nigreich<\/h2>\n<h3>Audio ausw\u00e4hlen<\/h3>\n<p><em>Vereinigtes K\u00f6nigreich<\/em><\/p>\n<p>&nbsp;<\/p>\n<p><a href=\"https:\/\/www.selectaudio.co.uk\/\">https:\/\/www.selectaudio.co.uk\/<\/a><\/p>\n<p>E-Mail: <a href=\"mailto:info@selectaudio.co.uk\" target=\"_blank\" rel=\"noopener\">info@selectaudio.co.uk<\/a><\/p>\n<p>Telefon: <a role=\"link\" href=\"tel:4401900601954\" target=\"_blank\" rel=\"noopener\">+44(0)1900 601954<\/a>[\/vc_column_text][\/vc_column_inner][\/vc_row_inner][vc_row_inner row_type=&#8220;row&#8220; type=&#8220;full_width&#8220; text_align=&#8220;left&#8220; css_animation=&#8220;&#8220; el_class=&#8220;section-text&#8220;][vc_column_inner width=&#8220;1\/4&#8243;][vc_single_image image=&#8220;27101&#8243; img_size=&#8220;full&#8220; css=&#8220;&#8220; qode_css_animation=&#8220;&#8220; el_class=&#8220;distributor-logo&#8220;][\/vc_column_inner][vc_column_inner width=&#8220;3\/4&#8243;][vc_column_text]<\/p>\n<h2>China \/ Hongkong \/ Macao<\/h2>\n<h3>Micro-New Co. Ltd. <\/h3>\n<p><em>Foshan, China<\/em><\/p>\n<p>&nbsp;<\/p>\n<p>E-Mail: <a href=\"mailto:info@micro-new.com\" target=\"_blank\" rel=\"noopener\">info@micro-new.com<\/a><\/p>\n<p>Telefon: <a role=\"link\" href=\"tel:8613360300094\" target=\"_blank\" rel=\"noopener\">+86 13360300094<\/a>[\/vc_column_text][\/vc_column_inner][\/vc_row_inner][vc_row_inner row_type=&#8220;row&#8220; type=&#8220;full_width&#8220; text_align=&#8220;left&#8220; css_animation=&#8220;&#8220; el_class=&#8220;section-text&#8220;][vc_column_inner width=&#8220;1\/4&#8243;][vc_single_image image=&#8220;47269&#8243; img_size=&#8220;full&#8220; css=&#8220;&#8220; qode_css_animation=&#8220;&#8220; el_class=&#8220;distributor-logo&#8220;][\/vc_column_inner][vc_column_inner width=&#8220;3\/4&#8243;][vc_column_text css=&#8220;&#8220;]<\/p>\n<h2>Vereinigte Staaten<\/h2>\n<h3>Rhapsody.Audio<\/h3>\n<p><em>1 South Portland Avenue<\/em><\/p>\n<p><em>Brooklyn, New York 11217<\/em><\/p>\n<p>&nbsp;<\/p>\n<p><a href=\"https:\/\/rhapsody.audio\/\">https:\/\/rhapsody.audio\/<\/a><\/p>\n<p>Telefon: <a role=\"link\" href=\"tel:9173637423\" target=\"_blank\" rel=\"noopener\">917-363-7423<\/a>[\/vc_column_text][\/vc_column_inner][\/vc_row_inner][vc_row_inner row_type=&#8220;row&#8220; type=&#8220;full_width&#8220; text_align=&#8220;left&#8220; css_animation=&#8220;&#8220; el_class=&#8220;section-text&#8220;][vc_column_inner width=&#8220;1\/4&#8243;][vc_single_image image=&#8220;47299&#8243; img_size=&#8220;full&#8220; css=&#8220;&#8220; qode_css_animation=&#8220;&#8220; el_class=&#8220;distributor-logo&#8220;][\/vc_column_inner][vc_column_inner width=&#8220;3\/4&#8243;][vc_column_text css=&#8220;&#8220;]<\/p>\n<h2>Vereinigte Staaten<\/h2>\n<h3>Euphorie HiFi<\/h3>\n<p><em>Southlake, Texas 76092<\/em><\/p>\n<p>&nbsp;<\/p>\n<p><a href=\"https:\/\/euphoriahifi.com\/\">https:\/\/euphoriahifi.com\/<\/a><\/p>\n<p>Telefon: <a role=\"link\" href=\"tel:8177679002\" target=\"_blank\" rel=\"noopener\">817-767-9002<\/a>[\/vc_column_text][\/vc_column_inner][\/vc_row_inner][vc_row_inner row_type=&#8220;row&#8220; type=&#8220;full_width&#8220; text_align=&#8220;left&#8220; css_animation=&#8220;&#8220; el_class=&#8220;section-text&#8220;][vc_column_inner width=&#8220;1\/4&#8243;][vc_single_image image=&#8220;47284&#8243; img_size=&#8220;full&#8220; css=&#8220;&#8220; qode_css_animation=&#8220;&#8220; el_class=&#8220;distributor-logo&#8220;][\/vc_column_inner][vc_column_inner width=&#8220;3\/4&#8243;][vc_column_text css=&#8220;&#8220;]<\/p>\n<h2>Vereinigte Staaten<\/h2>\n<h3>Bending Wave USA<\/h3>\n<p><em>2800 North Federal Highway, Einheit #5<\/em><\/p>\n<p><em>Boca Raton, Florida 33431<\/em><\/p>\n<p>&nbsp;<\/p>\n<p><a href=\"https:\/\/www.bendingwaveusa.com\/\">https:\/\/www.bendingwaveusa.com\/<\/a><\/p>\n<p>Telefon: <a role=\"link\" href=\"tel:9545797463\" target=\"_blank\" rel=\"noopener\">954-579-7463<\/a>[\/vc_column_text][\/vc_column_inner][\/vc_row_inner][vc_row_inner row_type=&#8220;row&#8220; type=&#8220;full_width&#8220; text_align=&#8220;left&#8220; css_animation=&#8220;&#8220; el_class=&#8220;section-text&#8220;][vc_column_inner width=&#8220;1\/4&#8243;][vc_single_image image=&#8220;47314&#8243; img_size=&#8220;full&#8220; css=&#8220;&#8220; qode_css_animation=&#8220;&#8220; el_class=&#8220;distributor-logo&#8220;][\/vc_column_inner][vc_column_inner width=&#8220;3\/4&#8243;][vc_column_text css=&#8220;&#8220;]<\/p>\n<h2>Vereinigte Staaten<\/h2>\n<h3>Front Row Theater<\/h3>\n<p><em>10404 W. Ste. Rd. 84 Ste.  101<\/em><\/p>\n<p><em>Davie, Florida 33324<\/em><\/p>\n<p>&nbsp;<\/p>\n<p><a href=\"https:\/\/www.frontrowtheater.com\/\">https:\/\/www.frontrowtheater.com\/<\/a><\/p>\n<p>Telefon: <a role=\"link\" href=\"tel:9543518985\" target=\"_blank\" rel=\"noopener\">954-351-8985<\/a>[\/vc_column_text][\/vc_column_inner][\/vc_row_inner][vc_row_inner row_type=&#8220;row&#8220; type=&#8220;full_width&#8220; text_align=&#8220;left&#8220; css_animation=&#8220;&#8220; el_class=&#8220;section-text&#8220;][vc_column_inner width=&#8220;1\/4&#8243;][vc_single_image image=&#8220;27134&#8243; img_size=&#8220;full&#8220; css=&#8220;&#8220; qode_css_animation=&#8220;&#8220; el_class=&#8220;distributor-logo&#8220;][\/vc_column_inner][vc_column_inner width=&#8220;3\/4&#8243;][vc_column_text css=&#8220;&#8220;]<\/p>\n<h2>Vereinigte Staaten<\/h2>\n<h3>Kl\u00e4nge der Stille<\/h3>\n<p><i>Nashua, New Hampshire<\/i><\/p>\n<p>&nbsp;<\/p>\n<p><a href=\"http:\/\/www.soundsofsilence.com\/\">http:\/\/www.soundsofsilence.com\/<\/a><\/p>\n<p>Telefon: <a role=\"link\" href=\"tel:6037598323\" target=\"_blank\" rel=\"noopener\">603-759-8323<\/a>[\/vc_column_text][\/vc_column_inner][\/vc_row_inner][vc_row_inner row_type=&#8220;row&#8220; type=&#8220;full_width&#8220; text_align=&#8220;left&#8220; css_animation=&#8220;&#8220; el_class=&#8220;section-text&#8220;][vc_column_inner width=&#8220;1\/4&#8243;][vc_single_image image=&#8220;48135&#8243; img_size=&#8220;full&#8220; css=&#8220;&#8220; qode_css_animation=&#8220;&#8220; el_class=&#8220;distributor-logo&#8220;][\/vc_column_inner][vc_column_inner width=&#8220;3\/4&#8243;][vc_column_text css=&#8220;&#8220;]<\/p>\n<h2>Vereinigte Staaten<\/h2>\n<h3>Audio Elation<\/h3>\n<p><i>Florenz, Montana<\/i><\/p>\n<p>&nbsp;<\/p>\n<p><a href=\"https:\/\/www.audioelation.com\/\">https:\/\/www.audioelation.com\/<\/a><\/p>\n<p>Telefon: <a role=\"link\" href=\"tel:4065469353\" target=\"_blank\" rel=\"noopener\">406-546-9353<\/a>[\/vc_column_text][\/vc_column_inner][\/vc_row_inner][vc_row_inner row_type=&#8220;row&#8220; type=&#8220;full_width&#8220; text_align=&#8220;left&#8220; css_animation=&#8220;&#8220; el_class=&#8220;section-text&#8220;][vc_column_inner width=&#8220;1\/4&#8243;][vc_single_image image=&#8220;48136&#8243; img_size=&#8220;full&#8220; css=&#8220;&#8220; qode_css_animation=&#8220;&#8220; el_class=&#8220;distributor-logo&#8220;][\/vc_column_inner][vc_column_inner width=&#8220;3\/4&#8243;][vc_column_text css=&#8220;&#8220;]<\/p>\n<h2>Vereinigte Staaten<\/h2>\n<h3>Nordk\u00fcste Audio<\/h3>\n<p><i>Vermilion, Ohio<\/i><\/p>\n<p>&nbsp;<\/p>\n<p><a href=\"https:\/\/ncaudiooh.com\/\">https:\/\/ncaudiooh.com\/<\/a><\/p>\n<p>Telefon: <a role=\"link\" href=\"tel:4406531339\" target=\"_blank\" rel=\"noopener\">440-653-1339<\/a>[\/vc_column_text][\/vc_column_inner][\/vc_row_inner][vc_row_inner row_type=&#8220;row&#8220; type=&#8220;full_width&#8220; text_align=&#8220;left&#8220; css_animation=&#8220;&#8220; el_class=&#8220;section-text&#8220;][vc_column_inner width=&#8220;1\/4&#8243;][vc_single_image image=&#8220;27683&#8243; img_size=&#8220;full&#8220; css=&#8220;&#8220; qode_css_animation=&#8220;&#8220; el_class=&#8220;distributor-logo&#8220;][\/vc_column_inner][vc_column_inner width=&#8220;3\/4&#8243;][vc_column_text css=&#8220;&#8220;]<\/p>\n<h2>Kanada<\/h2>\n<h3>Massiv Audio Design<\/h3>\n<p><i>Ontario, Kanada<\/i><\/p>\n<p>&nbsp;<\/p>\n<p><a href=\"https:\/\/www.massifaudiodesign.com\/\">https:\/\/www.massifaudiodesign.com\/<\/a><\/p>\n<p>E-Mail: <a href=\"mailto:orders@massifaudiodesign.com\" target=\"_blank\" rel=\"noopener\">orders@massifaudiodesign.com<\/a><\/p>\n<p>Telefon: <a role=\"link\" href=\"tel:4164204462\" target=\"_blank\" rel=\"noopener\">416-420-4462<\/a>[\/vc_column_text][\/vc_column_inner][\/vc_row_inner][vc_row_inner row_type=&#8220;row&#8220; type=&#8220;full_width&#8220; text_align=&#8220;left&#8220; css_animation=&#8220;&#8220; el_class=&#8220;section-text&#8220;][vc_column_inner width=&#8220;1\/4&#8243;][vc_single_image image=&#8220;36854&#8243; img_size=&#8220;full&#8220; css=&#8220;&#8220; qode_css_animation=&#8220;&#8220; el_class=&#8220;distributor-logo&#8220;][\/vc_column_inner][vc_column_inner width=&#8220;3\/4&#8243;][vc_column_text css=&#8220;&#8220;]<\/p>\n<h2>Spanien<\/h2>\n<h3>Elektra Hi-End<\/h3>\n<p><em>C. de Chile, 23, 6A<\/em><br \/>\n<em>Chamart\u00edn, 28016 Madrid<\/em><\/p>\n<p>&nbsp;<\/p>\n<p><a href=\"https:\/\/www.elektrahiend.com\/\">https:\/\/www.elektrahiend.com\/<\/a><\/p>\n<p>E-Mail: <a href=\"info@elektrahiend.com\" target=\"_blank\" rel=\"noopener\">info@elektrahiend.com<\/a><\/p>\n<p>Telefon: <a role=\"link\" href=\"tel:34%20687830665\" target=\"_blank\" rel=\"noopener\">+34 687830665<\/a>[\/vc_column_text][\/vc_column_inner][\/vc_row_inner][vc_row_inner row_type=&#8220;row&#8220; type=&#8220;full_width&#8220; text_align=&#8220;left&#8220; css_animation=&#8220;&#8220; el_class=&#8220;section-text&#8220;][vc_column_inner width=&#8220;1\/4&#8243;][vc_single_image image=&#8220;27112&#8243; img_size=&#8220;full&#8220; css=&#8220;&#8220; qode_css_animation=&#8220;&#8220; el_class=&#8220;distributor-logo&#8220;][\/vc_column_inner][vc_column_inner width=&#8220;3\/4&#8243;][vc_column_text css=&#8220;&#8220;]<\/p>\n<h2>Taiwan<\/h2>\n<h3>YuHsiang Audio<\/h3>\n<p>Nr. 238, Gongguan Rd., West Dist., Taichung City 403<\/p>\n<p>&nbsp;<\/p>\n<p><a href=\"https:\/\/www.facebook.com\/yuhsiang238\/\">https:\/\/www.facebook.com\/yuhsiang238\/<\/a><\/p>\n<p>E-Mail: <a href=\"mailto:yuhsiang238@gmail.com\" target=\"_blank\" rel=\"noopener\">yuhsiang238@gmail.com<\/a><\/p>\n<p>Telefon: <a role=\"link\" href=\"tel:886905783755\" target=\"_blank\" rel=\"noopener\">+886 905 783 755<\/a>[\/vc_column_text][\/vc_column_inner][\/vc_row_inner][vc_row_inner row_type=&#8220;row&#8220; type=&#8220;full_width&#8220; text_align=&#8220;left&#8220; css_animation=&#8220;&#8220; el_class=&#8220;section-text&#8220;][vc_column_inner width=&#8220;1\/4&#8243;][\/vc_column_inner][vc_column_inner width=&#8220;3\/4&#8243;][vc_column_text css=&#8220;&#8220;]<\/p>\n<h2>Malaysia<\/h2>\n<h3>D&amp;A Advance Trading<\/h3>\n<p><em>U2-00-04, Goodyear Court 8,<\/em><br \/>\n<em>Jalan USJ 14\/1, Subang Jaya 47630 Selangor, Malaysia<\/em><\/p>\n<p>&nbsp;<\/p>\n<p>E-Mail: <a href=\"da.advancetrading@gmail.com\" target=\"_blank\" rel=\"noopener\">da.advancetrading@gmail.com<\/a><\/p>\n<p>Telefon: <a role=\"link\" href=\"tel:60132334123\" target=\"_blank\" rel=\"noopener\">+60132334123<\/a>[\/vc_column_text][\/vc_column_inner][\/vc_row_inner][vc_row_inner row_type=&#8220;row&#8220; type=&#8220;full_width&#8220; text_align=&#8220;left&#8220; css_animation=&#8220;&#8220; el_class=&#8220;section-text&#8220;][vc_column_inner width=&#8220;1\/4&#8243;][\/vc_column_inner][vc_column_inner width=&#8220;3\/4&#8243;][vc_column_text css=&#8220;&#8220;]<\/p>\n<h2>Deutschland<\/h2>\n<h3>Audio Treff Neuss<\/h3>\n<p><em>Iris Eikwinkel<\/em><br \/>\n<em>Plei\u00dfeweg 18<\/em><br \/>\n<em>41469 Neuss<\/em><\/p>\n<p>&nbsp;<\/p>\n<p><a href=\"http:\/\/www.audiotreffneuss.de\/\">http:\/\/www.audiotreffneuss.de\/<\/a><\/p>\n<p>E-Mail: <a href=\"info@audiotreffneuss.de\" target=\"_blank\" rel=\"noopener\">info@audiotreffneuss.de<\/a><\/p>\n<p>Telefon: <a role=\"link\" href=\"tel:0176%2093146695\" target=\"_blank\" rel=\"noopener\">+0176 93146695<\/a>[\/vc_column_text][\/vc_column_inner][\/vc_row_inner][vc_row_inner row_type=&#8220;row&#8220; type=&#8220;full_width&#8220; text_align=&#8220;left&#8220; css_animation=&#8220;&#8220; el_class=&#8220;section-text&#8220;][vc_column_inner width=&#8220;1\/4&#8243;][\/vc_column_inner][vc_column_inner width=&#8220;3\/4&#8243;][vc_column_text css=&#8220;&#8220;]<\/p>\n<h2>Deutschland<\/h2>\n<h3>Hifi Audio<\/h3>\n<p><em>L\u00fctzenkirchen &amp; Funke GbR<\/em><br \/>\n<em>Eulerstra\u00dfe 50<\/em><br \/>\n<em>40477 D\u00fcsseldorf<\/em><\/p>\n<p>&nbsp;<\/p>\n<p><a href=\"https:\/\/www.hifi-audio.de\">https:\/\/www.hifi-audio.de<\/a><\/p>\n<p>E-Mail: <a href=\"info@hifi-audio.de\" target=\"_blank\" rel=\"noopener\">info@hifi-audio.de<\/a><\/p>\n<p>Telefon: <a role=\"link\" href=\"tel:0211-787300\" target=\"_blank\" rel=\"noopener\">+0211-787300<\/a>[\/vc_column_text][\/vc_column_inner][\/vc_row_inner][vc_row_inner row_type=&#8220;row&#8220; type=&#8220;full_width&#8220; text_align=&#8220;left&#8220; css_animation=&#8220;&#8220; el_class=&#8220;section-text&#8220;][vc_column_inner width=&#8220;1\/4&#8243;][\/vc_column_inner][vc_column_inner width=&#8220;3\/4&#8243;][vc_column_text css=&#8220;&#8220;]<\/p>\n<h2>Frankreich<\/h2>\n<h3>Prikosnovenie<\/h3>\n<p><em>1, rue Saint Nicolas<\/em><br \/>\n<em>44190 CLISSON- Frankreich<\/em><\/p>\n<p>&nbsp;<\/p>\n<p><a href=\"https:\/\/www.magic-mastering.com\/shop\/fr\/\">https:\/\/www.magic-mastering.com\/shop\/fr\/<\/a><\/p>\n<p>E-Mail: <a href=\"prikos@wanadoo.fr\" target=\"_blank\" rel=\"noopener\">prikos@wanadoo.fr<\/a><\/p>\n<p>Telefon: <a role=\"link\" href=\"tel:0971476482\" target=\"_blank\" rel=\"noopener\">+0971476482<\/a>[\/vc_column_text][\/vc_column_inner][\/vc_row_inner][vc_row_inner row_type=&#8220;row&#8220; type=&#8220;full_width&#8220; text_align=&#8220;left&#8220; css_animation=&#8220;&#8220; el_class=&#8220;section-text&#8220;][vc_column_inner width=&#8220;1\/4&#8243;][vc_single_image image=&#8220;27156&#8243; img_size=&#8220;full&#8220; css=&#8220;&#8220; qode_css_animation=&#8220;&#8220; el_class=&#8220;distributor-logo&#8220;][\/vc_column_inner][vc_column_inner width=&#8220;3\/4&#8243;][vc_column_text]<\/p>\n<h2>Neuseeland<\/h2>\n<h3>Referenz-Audiosysteme<\/h3>\n<p><em>Auckland, Neuseeland<\/em><\/p>\n<p>&nbsp;<\/p>\n<p><a href=\"https:\/\/www.referenceaudio.co.nz\/\">https:\/\/www.referenceaudio.co.nz\/<\/a><\/p>\n<p>E-Mail: <a href=\"mailto:peter@referenceaudio.co.nz\" target=\"_blank\" rel=\"noopener\">peter@referenceaudio.co.nz<\/a><\/p>\n<p>Telefon: <a role=\"link\" href=\"tel:64210336456\" target=\"_blank\" rel=\"noopener\">+64 21 033 6456<\/a>[\/vc_column_text][\/vc_column_inner][\/vc_row_inner][vc_row_inner row_type=&#8220;row&#8220; type=&#8220;full_width&#8220; text_align=&#8220;left&#8220; css_animation=&#8220;&#8220; el_class=&#8220;section-text&#8220;][vc_column_inner width=&#8220;1\/4&#8243;][vc_single_image image=&#8220;27167&#8243; img_size=&#8220;full&#8220; css=&#8220;&#8220; qode_css_animation=&#8220;&#8220; el_class=&#8220;distributor-logo&#8220;][\/vc_column_inner][vc_column_inner width=&#8220;3\/4&#8243;][vc_column_text]<\/p>\n<h2>Israel<\/h2>\n<h3>Levinson Audio<\/h3>\n<p><em>Bat Yam, Israel<\/em><\/p>\n<p>&nbsp;<\/p>\n<p><a href=\"https:\/\/www.levinson-y.co.il\/\">https:\/\/www.levinson-y.co.il\/<\/a><\/p>\n<p>E-Mail: <a href=\"mailto:levinsonaudio121@gmail.com\" target=\"_blank\" rel=\"noopener\">levinsonaudio121@gmail.com<\/a><\/p>\n<p>Telefon: <a role=\"link\" href=\"tel:0507628600\" target=\"_blank\" rel=\"noopener\">050-762-8600<\/a>[\/vc_column_text][\/vc_column_inner][\/vc_row_inner][\/vc_column][vc_column width=&#8220;1\/6&#8243;][\/vc_column][\/vc_row][vc_row css_animation=&#8220;&#8220; row_type=&#8220;row&#8220; use_row_as_full_screen_section=&#8220;no&#8220; type=&#8220;full_width&#8220; angled_section=&#8220;no&#8220; text_align=&#8220;left&#8220; background_image_as_pattern=&#8220;without_pattern&#8220;][vc_column el_class=&#8220;lower-angle-polygon&#8220;][vc_raw_html]PHN2ZyB2aWV3Ym94PSIwIDAgMTAwIDYiIGNsYXNzPSJzbW9vdGgtYWxsIiBzdHlsZT0iIj4KICAgICAgICA8cG9seWdvbiBwb2ludHM9IjAsMyAwLDAgMTAwLDAgMTAwLDIgNzAsMSIgc3R5bGU9ImZpbGw6ICNmZmZmZmY7Ii8+CiAgICAgICAgPHBvbHlnb24gcG9pbnRzPSIwLDUgMCwwIDEwMCwwIDEwMCw0IDY5LDEuNSIgc3R5bGU9ImZpbGw6ICNmZmZmZmY4ZjsiLz4KPC9zdmc+[\/vc_raw_html][\/vc_column][\/vc_row]<\/p>\n<\/div>","protected":false},"excerpt":{"rendered":"<p>[vc_row css_animation=&#8220;&#8220; row_type=&#8220;row&#8220; use_row_as_full_screen_section=&#8220;no&#8220; type=&#8220;full_width&#8220; angled_section=&#8220;no&#8220; text_align=&#8220;left&#8220; background_image_as_pattern=&#8220;without_pattern&#8220;][vc_column el_class=&#8220;lower-angle-polygon&#8220;][vc_raw_html css=&#8220;&#8220;]PHN2ZyB2aWV3Ym94PSIwIDAgMTAwIDYiIGNsYXNzPSJzbW9vdGgtYWxsIiBzdHlsZT0iIj4KICAgICAgICAgICAgPHBvbHlnb24gcG9pbnRzPSIwLDUgMCwwIDEwMCwwIDEwMCw0IDY5LDEuNSIgc3R5bGU9ImZpbGw6ICM0MTQxNDE4ZjsiLz4KICAgICAgICAgICAgPHBvbHlnb24gcG9pbnRzPSIwLDMgMCwwIDEwMCwwIDEwMCwyIDcwLDEiIHN0eWxlPSJmaWxsOiAjNDE0MTQxOyIvPiAgCjwvc3ZnPg==[\/vc_raw_html][\/vc_column][\/vc_row][vc_row css_animation=&#8220;&#8220; row_type=&#8220;row&#8220; use_row_as_full_screen_section=&#8220;no&#8220; type=&#8220;full_width&#8220; angled_section=&#8220;no&#8220; text_align=&#8220;left&#8220; background_image_as_pattern=&#8220;without_pattern&#8220; el_class=&#8220;main-row&#8220; z_index=&#8220;&#8220; css=&#8220;.vc_custom_1746749059291{padding-top: 120px !important;}&#8220;][vc_column width=&#8220;1\/6&#8243;][\/vc_column][vc_column width=&#8220;2\/3&#8243; el_class=&#8220;center-column&#8220;][vc_column_text css=&#8220;&#8220;] Distributoren und H\u00e4ndler &nbsp; Die Produkte von Carbide Audio k\u00f6nnen Sie bei den unten aufgef\u00fchrten Distributoren und H\u00e4ndlern weltweit&#8230;<\/p>\n","protected":false},"author":1,"featured_media":0,"parent":0,"menu_order":0,"comment_status":"closed","ping_status":"closed","template":"full_width.php","meta":{"editor_plus_copied_stylings":"{}","_monsterinsights_skip_tracking":false,"_monsterinsights_sitenote_active":false,"_monsterinsights_sitenote_note":"","_monsterinsights_sitenote_category":0,"footnotes":""},"class_list":["post-16845","page","type-page","status-publish","hentry"],"aioseo_notices":[],"_links":{"self":[{"href":"https:\/\/carbide.audio\/de\/wp-json\/wp\/v2\/pages\/16845","targetHints":{"allow":["GET"]}}],"collection":[{"href":"https:\/\/carbide.audio\/de\/wp-json\/wp\/v2\/pages"}],"about":[{"href":"https:\/\/carbide.audio\/de\/wp-json\/wp\/v2\/types\/page"}],"author":[{"embeddable":true,"href":"https:\/\/carbide.audio\/de\/wp-json\/wp\/v2\/users\/1"}],"replies":[{"embeddable":true,"href":"https:\/\/carbide.audio\/de\/wp-json\/wp\/v2\/comments?post=16845"}],"version-history":[{"count":10,"href":"https:\/\/carbide.audio\/de\/wp-json\/wp\/v2\/pages\/16845\/revisions"}],"predecessor-version":[{"id":48225,"href":"https:\/\/carbide.audio\/de\/wp-json\/wp\/v2\/pages\/16845\/revisions\/48225"}],"wp:attachment":[{"href":"https:\/\/carbide.audio\/de\/wp-json\/wp\/v2\/media?parent=16845"}],"curies":[{"name":"wp","href":"https:\/\/api.w.org\/{rel}","templated":true}]}}